{"id":109496,"date":"2022-04-04T09:36:04","date_gmt":"2022-04-04T15:36:04","guid":{"rendered":"https:\/\/pridesoccer.com\/entrenador-de-futbol\/"},"modified":"2023-02-09T12:55:42","modified_gmt":"2023-02-09T19:55:42","slug":"entrenador-de-futbol","status":"publish","type":"page","link":"https:\/\/pridesoccer.com\/es\/acerca-de\/entrenador-de-futbol\/","title":{"rendered":"Entrenador de f\u00fatbol"},"content":{"rendered":"<p>[et_pb_section fb_built=\u00bb1&#8243; admin_label=\u00bbHero\u00bb _builder_version=\u00bb4.17.4&#8243; _module_preset=\u00bbdefault\u00bb background_color=\u00bb#000000&#8243; use_background_color_gradient=\u00bbon\u00bb background_color_gradient_type=\u00bbcircular\u00bb background_color_gradient_stops=\u00bbrgba(45,40,41,0.7) 0%|rgba(45,40,41,0) 93%\u00bb background_color_gradient_overlays_image=\u00bbon\u00bb background_image=\u00bbhttps:\/\/pridesoccer.com\/wp-content\/uploads\/2022\/04\/teach-17-o.jpeg\u00bb background_position=\u00bbtop_center\u00bb height=\u00bb30rem\u00bb height_tablet=\u00bb24rem\u00bb height_phone=\u00bb21rem\u00bb height_last_edited=\u00bbon|phone\u00bb max_height_tablet=\u00bb\u00bb max_height_phone=\u00bb\u00bb max_height_last_edited=\u00bbon|phone\u00bb custom_padding=\u00bb7%||7%||true|false\u00bb custom_css_main_element=\u00bbdisplay: flex;||align-content: center;||justify-content: center;||align-items: center;\u00bb saved_tabs=\u00bball\u00bb global_colors_info=\u00bb{}\u00bb][et_pb_row _builder_version=\u00bb4.16&#8243; _module_preset=\u00bbdefault\u00bb custom_margin=\u00bbauto||auto||false|false\u00bb global_colors_info=\u00bb{}\u00bb][et_pb_column type=\u00bb4_4&#8243; _builder_version=\u00bb4.16&#8243; _module_preset=\u00bbdefault\u00bb global_colors_info=\u00bb{}\u00bb][et_pb_text admin_label=\u00bbTitle H1&#8243; _builder_version=\u00bb4.16.0&#8243; _module_preset=\u00bbdefault\u00bb text_font=\u00bb|300|||||||\u00bb header_font=\u00bbAnton||||||||\u00bb header_text_color=\u00bb#FFFFFF\u00bb header_font_size=\u00bb4.5rem\u00bb header_2_font_size=\u00bb2.55rem\u00bb header_2_letter_spacing=\u00bb-0.01em\u00bb header_2_line_height=\u00bb1.26em\u00bb module_alignment=\u00bbcenter\u00bb custom_margin=\u00bb||0px||false|false\u00bb custom_padding=\u00bb||0px||false|false\u00bb header_font_size_tablet=\u00bb3.5rem\u00bb header_font_size_phone=\u00bb2.5rem\u00bb header_font_size_last_edited=\u00bbon|phone\u00bb global_colors_info=\u00bb{}\u00bb]<\/p>\n<h1 style=\"text-align: center;\">Interesado en entrenar<br \/>\u00bfEn el Pride Soccer Club?<\/h1>\n<p>[\/et_pb_text][\/et_pb_column][\/et_pb_row][\/et_pb_section][et_pb_section fb_built=\u00bb1&#8243; admin_label=\u00bbMain Page Content Section\u00bb _builder_version=\u00bb4.16.0&#8243; _module_preset=\u00bbdefault\u00bb global_colors_info=\u00bb{}\u00bb][et_pb_row column_structure=\u00bb3_4,1_4&#8243; use_custom_gutter=\u00bbon\u00bb make_equal=\u00bbon\u00bb _builder_version=\u00bb4.16.0&#8243; _module_preset=\u00bbdefault\u00bb global_colors_info=\u00bb{}\u00bb custom_css_main_element_last_edited=\u00bbon|tablet\u00bb custom_css_main_element_tablet=\u00bbdisplay: flex;||flex-direction: column-reverse;||\u00bb custom_css_main_element_phone=\u00bbdisplay: flex;||flex-direction: column-reverse;||\u00bb][et_pb_column type=\u00bb3_4&#8243; admin_label=\u00bbColumna principal\u00bb _builder_version=\u00bb4.16.0&#8243; _module_preset=\u00bbdefault\u00bb global_colors_info=\u00bb{}\u00bb][et_pb_text module_id=\u00bbstart\u00bb _builder_version=\u00bb4.17.0&#8243; _module_preset=\u00bbdefault\u00bb text_font=\u00bbRubik|300|||||||\u00bb header_2_font=\u00bbAnton||||||||\u00bb header_2_font_size=\u00bb2.55rem\u00bb header_2_letter_spacing=\u00bb0.1em\u00bb header_2_line_height=\u00bb1.2em\u00bb header_3_font=\u00bbTeko|500|||||||\u00bb header_3_text_color=\u00bb#2D2829&#8243; header_3_letter_spacing=\u00bb0.05em\u00bb global_colors_info=\u00bb{}\u00bb]<\/p>\n<h2>\u00bfInteresado en entrenar en el Pride Soccer Club?<\/h2>\n<p>Siempre buscamos mejorar como club y ampliar nuestro grupo de entrenadores de talento. En el club tenemos una amplia gama de equipos y nos comprometemos a proporcionar formaci\u00f3n y orientaci\u00f3n a todos los entrenadores.  <span>United Soccer Coaches, USSF licencias estatales y regionales est\u00e1n disponibles para todos los entrenadores.<\/span> <\/p>\n<p><strong>Para entrenar niveles competitivos de f\u00fatbol,<\/strong> p\u00f3ngase en contacto con el Director T\u00e9cnico Jay Rayner en <a href=\"mailto:jrayner@pridesoccer.com\">jrayner@pridesoccer.com<\/a>.<\/p>\n<p><strong>Para entrenar en nuestro Programa Recreativo,<\/strong> p\u00f3ngase en contacto con la Directora de Recreaci\u00f3n Mackenzie Morris en <a href=\"mailto:mmorris@pridesoccer.com\">mmorris@pridesoccer.com<\/a>.<\/p>\n<p>&nbsp;<\/p>\n<p>[\/et_pb_text][\/et_pb_column][et_pb_column type=\u00bb1_4&#8243; admin_label=\u00bbColumna Aparte\u00bb _builder_version=\u00bb4.16.0&#8243; _module_preset=\u00bbdefault\u00bb sticky_limit_bottom=\u00bbrow\u00bb sticky_position_tablet=\u00bbnone\u00bb sticky_position_phone=\u00bbnone\u00bb sticky_position_last_edited=\u00bbon|phone\u00bb global_colors_info=\u00bb{}\u00bb][et_pb_text module_class=\u00bbside-navigation\u00bb _builder_version=\u00bb4.17.0&#8243; _module_preset=\u00bbdefault\u00bb text_font=\u00bbRubik|300|||||||\u00bb text_line_height=\u00bb2em\u00bb header_2_font=\u00bbAnton||||||||\u00bb header_2_font_size=\u00bb2.55rem\u00bb header_2_letter_spacing=\u00bb0.1em\u00bb header_2_line_height=\u00bb1.2em\u00bb header_3_font=\u00bbTeko|500|||||||\u00bb header_3_text_color=\u00bb#2D2829&#8243; header_3_letter_spacing=\u00bb0.05em\u00bb custom_margin=\u00bb||2rem||false|false\u00bb custom_padding=\u00bb||1rem||false|false\u00bb sticky_position=\u00bbtop\u00bb sticky_limit_bottom=\u00bbcolumn\u00bb sticky_position_tablet=\u00bbnone\u00bb sticky_position_phone=\u00bbnone\u00bb sticky_position_last_edited=\u00bbon|phone\u00bb border_color_bottom=\u00bb#2D2829&#8243; border_width_bottom_tablet=\u00bb2px\u00bb border_width_bottom_phone=\u00bb2px\u00bb border_width_bottom_last_edited=\u00bbon|tablet\u00bb global_colors_info=\u00bb{}\u00bb]<\/p>\n<p><a href=\"#start\">\u00bfInteresado en entrenar en el Pride Soccer Club?<\/a><\/p>\n<p>[\/et_pb_text][\/et_pb_column][\/et_pb_row][\/et_pb_section]<\/p>\n","protected":false},"excerpt":{"rendered":"<p>Interesado en entrenar\u00bfEn el Pride Soccer Club?\u00bfInteresado en entrenar en el Pride Soccer Club? Siempre buscamos mejorar como club y ampliar nuestro grupo de entrenadores de talento. En el club tenemos una amplia gama de equipos y nos comprometemos a proporcionar formaci\u00f3n y orientaci\u00f3n a todos los entrenadores. United Soccer Coaches, USSF licencias estatales y [&hellip;]<\/p>\n","protected":false},"author":8,"featured_media":0,"parent":109871,"menu_order":0,"comment_status":"closed","ping_status":"closed","template":"","meta":{"_seopress_robots_primary_cat":"","_seopress_titles_title":"Entrenador de f\u00fatbol - Pride Soccer - Colorado Springs","_seopress_titles_desc":"\u00bfInteresado en entrenar en el Pride Soccer Club? Siempre buscamos mejorar como club y ampliar nuestro grupo de entrenadores de talento. En el club tenemos una amplia gama de equipos y nos comprometemos a proporcionar formaci\u00f3n y orientaci\u00f3n a todos los entrenadores.","_seopress_robots_index":"","_et_pb_use_builder":"on","_et_pb_old_content":"","_et_gb_content_width":"","footnotes":""},"dipi_cpt_category":[],"wf_page_folders":[37],"class_list":["post-109496","page","type-page","status-publish","hentry"],"_links":{"self":[{"href":"https:\/\/pridesoccer.com\/es\/wp-json\/wp\/v2\/pages\/109496","targetHints":{"allow":["GET"]}}],"collection":[{"href":"https:\/\/pridesoccer.com\/es\/wp-json\/wp\/v2\/pages"}],"about":[{"href":"https:\/\/pridesoccer.com\/es\/wp-json\/wp\/v2\/types\/page"}],"author":[{"embeddable":true,"href":"https:\/\/pridesoccer.com\/es\/wp-json\/wp\/v2\/users\/8"}],"replies":[{"embeddable":true,"href":"https:\/\/pridesoccer.com\/es\/wp-json\/wp\/v2\/comments?post=109496"}],"version-history":[{"count":0,"href":"https:\/\/pridesoccer.com\/es\/wp-json\/wp\/v2\/pages\/109496\/revisions"}],"up":[{"embeddable":true,"href":"https:\/\/pridesoccer.com\/es\/wp-json\/wp\/v2\/pages\/109871"}],"wp:attachment":[{"href":"https:\/\/pridesoccer.com\/es\/wp-json\/wp\/v2\/media?parent=109496"}],"wp:term":[{"taxonomy":"dipi_cpt_category","embeddable":true,"href":"https:\/\/pridesoccer.com\/es\/wp-json\/wp\/v2\/dipi_cpt_category?post=109496"},{"taxonomy":"wf_page_folders","embeddable":true,"href":"https:\/\/pridesoccer.com\/es\/wp-json\/wp\/v2\/wf_page_folders?post=109496"}],"curies":[{"name":"wp","href":"https:\/\/api.w.org\/{rel}","templated":true}]}}