{"id":109504,"date":"2022-04-09T06:28:10","date_gmt":"2022-04-09T12:28:10","guid":{"rendered":"https:\/\/pridesoccer.com\/buscador-de-universidades\/"},"modified":"2023-02-09T12:55:44","modified_gmt":"2023-02-09T19:55:44","slug":"buscador-de-universidades","status":"publish","type":"page","link":"https:\/\/pridesoccer.com\/es\/socios\/buscador-de-universidades\/","title":{"rendered":"Buscador de universidades"},"content":{"rendered":"<p>[et_pb_section fb_built=\u00bb1&#8243; custom_padding_last_edited=\u00bbon|phone\u00bb admin_label=\u00bbHero\u00bb _builder_version=\u00bb4.17.4&#8243; _module_preset=\u00bbdefault\u00bb background_color=\u00bb#000000&#8243; use_background_color_gradient=\u00bbon\u00bb background_color_gradient_type=\u00bbcircular\u00bb background_color_gradient_stops=\u00bbrgba(45,40,41,0.7) 0%|rgba(45,40,41,0) 93%\u00bb background_color_gradient_overlays_image=\u00bbon\u00bb background_image=\u00bbhttps:\/\/pridesoccer.com\/wp-content\/uploads\/2022\/05\/ECNL-girl-kicking-goalkeeper.jpg\u00bb background_position=\u00bbbottom_center\u00bb height=\u00bb30rem\u00bb height_tablet=\u00bb24rem\u00bb height_phone=\u00bb21rem\u00bb height_last_edited=\u00bbon|phone\u00bb custom_padding=\u00bb7%||7%||true|false\u00bb custom_padding_tablet=\u00bb7%||7%||true|false\u00bb custom_padding_phone=\u00bb7%||7%||true|false\u00bb hover_enabled=\u00bb0&#8243; background_last_edited=\u00bbon|desktop\u00bb custom_css_main_element=\u00bbdisplay: flex;||align-content: center;||justify-content: center;||align-items: center;\u00bb global_colors_info=\u00bb{}\u00bb title_text=\u00bbECNL girl kicking goalkeeper\u00bb sticky_enabled=\u00bb0&#8243;][et_pb_row _builder_version=\u00bb4.16&#8243; _module_preset=\u00bbdefault\u00bb custom_margin=\u00bbauto||auto||false|false\u00bb global_colors_info=\u00bb{}\u00bb][et_pb_column type=\u00bb4_4&#8243; _builder_version=\u00bb4.16&#8243; _module_preset=\u00bbdefault\u00bb global_colors_info=\u00bb{}\u00bb][et_pb_text admin_label=\u00bbTitle H1&#8243; _builder_version=\u00bb4.16.0&#8243; _module_preset=\u00bbdefault\u00bb text_font=\u00bb|300|||||||\u00bb header_font=\u00bbAnton||||||||\u00bb header_text_color=\u00bb#FFFFFF\u00bb header_font_size=\u00bb4.5rem\u00bb header_2_font_size=\u00bb2.55rem\u00bb header_2_letter_spacing=\u00bb-0.01em\u00bb header_2_line_height=\u00bb1.26em\u00bb module_alignment=\u00bbcenter\u00bb custom_margin=\u00bb||0px||false|false\u00bb custom_padding=\u00bb||0px||false|false\u00bb header_font_size_tablet=\u00bb3.5rem\u00bb header_font_size_phone=\u00bb2.5rem\u00bb header_font_size_last_edited=\u00bbon|phone\u00bb global_colors_info=\u00bb{}\u00bb]<\/p>\n<h1 style=\"text-align: center;\">Buscador de universidades<\/h1>\n<p>[\/et_pb_text][\/et_pb_column][\/et_pb_row][\/et_pb_section][et_pb_section fb_built=\u00bb1&#8243; admin_label=\u00bbMain Page Content Section\u00bb _builder_version=\u00bb4.16.0&#8243; _module_preset=\u00bbdefault\u00bb global_colors_info=\u00bb{}\u00bb][et_pb_row column_structure=\u00bb3_4,1_4&#8243; use_custom_gutter=\u00bbon\u00bb make_equal=\u00bbon\u00bb _builder_version=\u00bb4.16.0&#8243; _module_preset=\u00bbdefault\u00bb global_colors_info=\u00bb{}\u00bb custom_css_main_element_last_edited=\u00bbon|tablet\u00bb custom_css_main_element_tablet=\u00bbdisplay: flex;||flex-direction: column-reverse;||\u00bb custom_css_main_element_phone=\u00bbdisplay: flex;||flex-direction: column-reverse;||\u00bb][et_pb_column type=\u00bb3_4&#8243; admin_label=\u00bbColumna principal\u00bb _builder_version=\u00bb4.16.0&#8243; _module_preset=\u00bbdefault\u00bb global_colors_info=\u00bb{}\u00bb][et_pb_image src=\u00bbhttps:\/\/pridesoccer.com\/wp-content\/uploads\/2022\/04\/college-fit.png\u00bb title_text=\u00bbajuste universitario\u00bb show_in_lightbox=\u00bbon\u00bb _builder_version=\u00bb4.16.0&#8243; _module_preset=\u00bbdefault\u00bb global_colors_info=\u00bb{}\u00bb][\/et_pb_image][et_pb_text _builder_version=\u00bb4.16.0&#8243; _module_preset=\u00bbdefault\u00bb text_font=\u00bbRubik|300|||||||\u00bb header_2_font=\u00bbAnton||||||||\u00bb header_2_font_size=\u00bb2.55rem\u00bb header_2_letter_spacing=\u00bb0.1em\u00bb header_2_line_height=\u00bb1.2em\u00bb header_3_font=\u00bbTeko|500|||||||\u00bb header_3_text_color=\u00bb#2D2829&#8243; header_3_letter_spacing=\u00bb0.05em\u00bb global_colors_info=\u00bb{}\u00bb]El Buscador de Universidades proporciona a nuestros jugadores una ventaja competitiva sobre un estudiante-atleta t\u00edpico que navega por el proceso de reclutamiento. Este sistema integral permite que las personas se apropien de su futuro dot\u00e1ndolas de las herramientas necesarias para encontrar un hogar en la universidad. Como club, estamos comprometidos no s\u00f3lo con el desarrollo de los jugadores, sino tambi\u00e9n con ser un verdadero catalizador para ayudar a nuestros jugadores a cumplir sus sue\u00f1os de jugar al f\u00fatbol universitario y acceder a la educaci\u00f3n superior. El buscador de universidades proporcionar\u00e1 uniformidad a los esfuerzos de captaci\u00f3n del club y permitir\u00e1 a nuestro cuerpo t\u00e9cnico adoptar un enfoque mucho m\u00e1s personal a la hora de ayudar a nuestros deportistas a lo largo del proceso.<\/p>\n<p>Esperamos facilitar los esfuerzos de reclutamiento de todas las familias que deseen jugar al siguiente nivel. Las caracter\u00edsticas incluyen:<br \/>\n[\/et_pb_text][et_pb_text module_id=\u00bbplayer-features\u00bb _builder_version=\u00bb4.16.0&#8243; _module_preset=\u00bbdefault\u00bb text_font=\u00bbRubik|300|||||||\u00bb header_2_font=\u00bbAnton||||||||\u00bb header_2_font_size=\u00bb2.55rem\u00bb header_2_letter_spacing=\u00bb0.1em\u00bb header_2_line_height=\u00bb1.2em\u00bb header_3_font=\u00bbTeko|500|||||||\u00bb header_3_text_color=\u00bb#2D2829&#8243; header_3_letter_spacing=\u00bb0.05em\u00bb global_colors_info=\u00bb{}\u00bb]<\/p>\n<h2>Caracter\u00edsticas del jugador<\/h2>\n<ul>\n<li>B\u00fasqueda de universidades: Encuentra las universidades que mejor se adaptan a tus necesidades en funci\u00f3n de su oferta acad\u00e9mica, deportiva, ubicaci\u00f3n, coste, matr\u00edcula, especialidad, entorno del campus, tipo de escuela y\/o entorno religioso.<\/li>\n<li>Lista de favoritos: Guarde las escuelas en su lista de favoritos para seguir investigando.<\/li>\n<li>Seguimiento de la correspondencia: Rastrea y organiza toda tu comunicaci\u00f3n con cada programa universitario.<\/li>\n<li>Calendario: Vea todas sus comunicaciones con todas las universidades en una vista de calendario.<\/li>\n<li>Calculadora universitaria: Decide qu\u00e9 universidad es la m\u00e1s adecuada para ti comparando las universidades una al lado de la otra.<\/li>\n<li>Lista de tareas: Comprueba lo proactivo que est\u00e1s siendo en el proceso de reclutamiento completando tareas a lo largo del camino.<\/li>\n<li>Perfil de jugador de marca: Enviar a los entrenadores de la universidad para revisar su informaci\u00f3n.<\/li>\n<\/ul>\n<p>[\/et_pb_text][et_pb_text module_id=\u00bbcoach-features\u00bb _builder_version=\u00bb4.16.0&#8243; _module_preset=\u00bbdefault\u00bb text_font=\u00bbRubik|300|||||||\u00bb header_2_font=\u00bbAnton||||||||\u00bb header_2_font_size=\u00bb2.55rem\u00bb header_2_letter_spacing=\u00bb0.1em\u00bb header_2_line_height=\u00bb1.2em\u00bb header_3_font=\u00bbTeko|500|||||||\u00bb header_3_text_color=\u00bb#2D2829&#8243; header_3_letter_spacing=\u00bb0.05em\u00bb global_colors_info=\u00bb{}\u00bb]<\/p>\n<h2>Funciones de entrenador\/administrador<\/h2>\n<ul>\n<li>P\u00e1gina web del equipo en l\u00ednea: Los entrenadores universitarios pueden ver los perfiles individuales de todos los jugadores desde una sola pantalla.<\/li>\n<li>Folletos de equipo imprimibles: Pulsa un bot\u00f3n y crea un folleto del equipo para entregar a los entrenadores universitarios en tus exhibiciones.<\/li>\n<li>Control de la actividad de los jugadores: Los Entrenadores de Personal tienen acceso para ver qu\u00e9 tan proactivo est\u00e1 siendo cada jugador y pueden facilitar mejor el proceso individual de un jugador.<\/li>\n<\/ul>\n<p><a href=\"https:\/\/www.collegefitfinder.com\/\">Buscador de universidades<\/a><\/p>\n<p>&nbsp;<\/p>\n<p>[\/et_pb_text][\/et_pb_column][et_pb_column type=\u00bb1_4&#8243; admin_label=\u00bbColumna Aparte\u00bb _builder_version=\u00bb4.16.0&#8243; _module_preset=\u00bbdefault\u00bb sticky_limit_bottom=\u00bbrow\u00bb sticky_position_tablet=\u00bbnone\u00bb sticky_position_phone=\u00bbnone\u00bb sticky_position_last_edited=\u00bbon|phone\u00bb global_colors_info=\u00bb{}\u00bb][et_pb_button button_url=\u00bb#Caracter\u00edsticas del jugador\u00bb button_text=\u00bbcaracter\u00edsticas del reproductor\u00bb _builder_version=\u00bb4.17.3&#8243; _module_preset=\u00bbdefault\u00bb global_colors_info=\u00bb{}\u00bb][\/et_pb_button][et_pb_button button_url=\u00bb#caracter\u00edsticasdelentrenador\u00bb button_text=\u00bbFunciones de entrenador\/administrador\u00bb _builder_version=\u00bb4.17.3&#8243; _module_preset=\u00bbdefault\u00bb global_colors_info=\u00bb{}\u00bb][\/et_pb_button][\/et_pb_column][\/et_pb_row][\/et_pb_section]<\/p>\n","protected":false},"excerpt":{"rendered":"<p>Buscador de universidades El Buscador de Universidades proporciona a nuestros jugadores una ventaja competitiva sobre un estudiante-atleta t\u00edpico que navega por el proceso de reclutamiento. Este sistema integral permite que las personas se apropien de su futuro dot\u00e1ndolas de las herramientas necesarias para encontrar un hogar en la universidad. Como club, estamos comprometidos no s\u00f3lo [&hellip;]<\/p>\n","protected":false},"author":8,"featured_media":0,"parent":109735,"menu_order":0,"comment_status":"closed","ping_status":"closed","template":"","meta":{"_seopress_robots_primary_cat":"","_seopress_titles_title":"Buscador de universidades - Colorado Springs - Pride Soccer","_seopress_titles_desc":"El Buscador de Universidades proporciona a nuestros jugadores una ventaja competitiva sobre un estudiante-atleta t\u00edpico que navega por el proceso de reclutamiento. Este sistema integral permite a las personas tomar las riendas de su futuro dot\u00e1ndolas de las herramientas necesarias para encontrar un hogar en la universidad.","_seopress_robots_index":"","_et_pb_use_builder":"on","_et_pb_old_content":"","_et_gb_content_width":"","footnotes":""},"dipi_cpt_category":[],"wf_page_folders":[41],"class_list":["post-109504","page","type-page","status-publish","hentry"],"_links":{"self":[{"href":"https:\/\/pridesoccer.com\/es\/wp-json\/wp\/v2\/pages\/109504","targetHints":{"allow":["GET"]}}],"collection":[{"href":"https:\/\/pridesoccer.com\/es\/wp-json\/wp\/v2\/pages"}],"about":[{"href":"https:\/\/pridesoccer.com\/es\/wp-json\/wp\/v2\/types\/page"}],"author":[{"embeddable":true,"href":"https:\/\/pridesoccer.com\/es\/wp-json\/wp\/v2\/users\/8"}],"replies":[{"embeddable":true,"href":"https:\/\/pridesoccer.com\/es\/wp-json\/wp\/v2\/comments?post=109504"}],"version-history":[{"count":0,"href":"https:\/\/pridesoccer.com\/es\/wp-json\/wp\/v2\/pages\/109504\/revisions"}],"up":[{"embeddable":true,"href":"https:\/\/pridesoccer.com\/es\/wp-json\/wp\/v2\/pages\/109735"}],"wp:attachment":[{"href":"https:\/\/pridesoccer.com\/es\/wp-json\/wp\/v2\/media?parent=109504"}],"wp:term":[{"taxonomy":"dipi_cpt_category","embeddable":true,"href":"https:\/\/pridesoccer.com\/es\/wp-json\/wp\/v2\/dipi_cpt_category?post=109504"},{"taxonomy":"wf_page_folders","embeddable":true,"href":"https:\/\/pridesoccer.com\/es\/wp-json\/wp\/v2\/wf_page_folders?post=109504"}],"curies":[{"name":"wp","href":"https:\/\/api.w.org\/{rel}","templated":true}]}}