{"id":109509,"date":"2022-04-12T16:49:50","date_gmt":"2022-04-12T22:49:50","guid":{"rendered":"https:\/\/pridesoccer.com\/orgullo-panthers-futbol\/"},"modified":"2023-02-09T12:55:45","modified_gmt":"2023-02-09T19:55:45","slug":"orgullo-panthers-futbol","status":"publish","type":"page","link":"https:\/\/pridesoccer.com\/es\/programas\/orgullo-panthers-futbol\/","title":{"rendered":"Orgullo Panthers F\u00fatbol"},"content":{"rendered":"<p>[et_pb_section fb_built=\u00bb1&#8243; custom_padding_last_edited=\u00bbon|phone\u00bb admin_label=\u00bbHero\u00bb _builder_version=\u00bb4.17.4&#8243; _module_preset=\u00bbdefault\u00bb background_color=\u00bb#000000&#8243; use_background_color_gradient=\u00bbon\u00bb background_color_gradient_type=\u00bbcircular\u00bb background_color_gradient_stops=\u00bbrgba(45,40,41,0.7) 0%|rgba(45,40,41,0) 93%\u00bb background_color_gradient_overlays_image=\u00bbon\u00bb background_image=\u00bbhttps:\/\/pridesoccer.com\/wp-content\/uploads\/2022\/05\/IMG_20220525_125317.jpg\u00bb height=\u00bb30rem\u00bb height_tablet=\u00bb24rem\u00bb height_phone=\u00bb21rem\u00bb height_last_edited=\u00bbon|phone\u00bb custom_padding=\u00bb7%||7%||true|false\u00bb custom_padding_tablet=\u00bb7%||7%||true|false\u00bb custom_padding_phone=\u00bb7%||7%||true|false\u00bb background_last_edited=\u00bbon|desktop\u00bb custom_css_main_element=\u00bbdisplay: flex;||align-content: center;||justify-content: center;||align-items: center;\u00bb global_colors_info=\u00bb{}\u00bb][et_pb_row _builder_version=\u00bb4.16&#8243; _module_preset=\u00bbdefault\u00bb custom_margin=\u00bbauto||auto||false|false\u00bb global_colors_info=\u00bb{}\u00bb][et_pb_column type=\u00bb4_4&#8243; _builder_version=\u00bb4.16&#8243; _module_preset=\u00bbdefault\u00bb global_colors_info=\u00bb{}\u00bb][et_pb_text admin_label=\u00bbTitle H1&#8243; _builder_version=\u00bb4.17.0&#8243; _module_preset=\u00bbdefault\u00bb text_font=\u00bb|300|||||||\u00bb header_font=\u00bbAnton||||||||\u00bb header_text_color=\u00bb#FFFFFF\u00bb header_font_size=\u00bb4.5rem\u00bb header_2_font_size=\u00bb2.55rem\u00bb header_2_letter_spacing=\u00bb-0.01em\u00bb header_2_line_height=\u00bb1.26em\u00bb module_alignment=\u00bbcenter\u00bb custom_margin=\u00bb||0px||false|false\u00bb custom_padding=\u00bb||0px||false|false\u00bb header_font_size_tablet=\u00bb3.5rem\u00bb header_font_size_phone=\u00bb2.5rem\u00bb header_font_size_last_edited=\u00bbon|phone\u00bb global_colors_info=\u00bb{}\u00bb]<\/p>\n<h1 style=\"text-align: center;\">Orgullo Panthers<br \/>\nPrograma topSoccer<\/h1>\n<p>[\/et_pb_text][\/et_pb_column][\/et_pb_row][\/et_pb_section][et_pb_section fb_built=\u00bb1&#8243; admin_label=\u00bbMain Page Content Section\u00bb _builder_version=\u00bb4.16.0&#8243; _module_preset=\u00bbdefault\u00bb global_colors_info=\u00bb{}\u00bb][et_pb_row use_custom_gutter=\u00bbon\u00bb make_equal=\u00bbon\u00bb _builder_version=\u00bb4.17.3&#8243; _module_preset=\u00bbdefault\u00bb global_colors_info=\u00bb{}\u00bb custom_css_main_element_last_edited=\u00bbon|tablet\u00bb custom_css_main_element_tablet=\u00bbdisplay: flex;||flex-direction: column-reverse;||\u00bb custom_css_main_element_phone=\u00bbdisplay: flex;||flex-direction: column-reverse;||\u00bb][et_pb_column type=\u00bb4_4&#8243; admin_label=\u00bbColumna principal\u00bb _builder_version=\u00bb4.16.0&#8243; _module_preset=\u00bbdefault\u00bb global_colors_info=\u00bb{}\u00bb][et_pb_text module_id=\u00bbpanthers\u00bb _builder_version=\u00bb4.17.0&#8243; _module_preset=\u00bbdefault\u00bb text_font=\u00bbRubik|300|||||||\u00bb header_2_font=\u00bbAnton||||||||\u00bb header_2_font_size=\u00bb2.55rem\u00bb header_2_letter_spacing=\u00bb0.1em\u00bb header_2_line_height=\u00bb1.2em\u00bb header_3_font=\u00bbTeko|500|||||||\u00bb header_3_text_color=\u00bb#2D2829&#8243; header_3_letter_spacing=\u00bb0.05em\u00bb global_colors_info=\u00bb{}\u00bb]<\/p>\n<h2>Orgullo Panthers &#8211; TOPSoccer<\/h2>\n<h3>Primavera de 2023<\/h3>\n<p><strong>Pride Soccer y el equipo femenino de la UCCS est\u00e1n encantados de anunciar nuestra continua asociaci\u00f3n para entrenar el programa TOPSoccer esta primavera. Todas las sesiones tendr\u00e1n lugar en el UCCS Mountain Lion Stadium (campo de c\u00e9sped artificial), 5225 N. Nevada Ave, y se celebrar\u00e1n en las siguientes fechas y horarios:<\/strong><\/p>\n<p>Sesi\u00f3n 1 &#8211; Domingo 16 de abril &#8211; 13.30-15.30 UCCS &#8211; Estadio Mountain Lion<br \/>Sesi\u00f3n 2 &#8211; S\u00e1bado 22 de abril &#8211; 13.30-15.30 UCCS &#8211; Estadio Mountain Lion<br \/>Sesi\u00f3n 3 &#8211; Domingo 30 de abril &#8211; 9.30-11.30 UCCS &#8211; Estadio Mountain Lion<br \/>Sesi\u00f3n 4 &#8211; S\u00e1bado 6 de mayo &#8211; 13.30-15.30 UCCS &#8211; Estadio Mountain Lion<br \/>Sesi\u00f3n 5 &#8211; S\u00e1bado 13 de mayo &#8211; 13.30-15.30 UCCS &#8211; Estadio Mountain Lion<\/p>\n<p>Sesi\u00f3n 6 &#8211; Domingo 20 de mayo &#8211; 13.30-15.30 UCCS &#8211; Estadio Mountain Lion<\/p>\n<p>TOPS Panthers es un programa creado por el Pride Soccer Club para ense\u00f1ar a los atletas con necesidades especiales el deporte m\u00e1s popular del mundo, \u00a1EL F\u00daTBOL! Cada pr\u00e1ctica est\u00e1 dise\u00f1ada espec\u00edficamente para el disfrute, la seguridad, la educaci\u00f3n y el \u00e9xito de los atletas con necesidades especiales en Colorado Springs. En cada sesi\u00f3n se presentar\u00e1n jugadores de f\u00fatbol de TOPS Panthers y jugadores de UCCS de nuestra comunidad. Al reunir a estos equipos,TOPS Panther Soccer proporcionar\u00e1 entrenamiento individual y atenci\u00f3n a cada jugador Panther. Tambi\u00e9n ofrece a los jugadores universitarios la oportunidad de compartir sus conocimientos y marcar la diferencia en su comunidad. Si usted o su equipo desean participar como voluntarios en este nuevo programa, env\u00ede un correo electr\u00f3nico <a href=\"mailto:information@pridesoccer.com\">a information@pridesoccer.com<\/a>.<\/p>\n<p><strong>La inscripci\u00f3n es gratuita. Para inscribir a un jugador, acceda a su cuenta existente en o cree una y, a continuaci\u00f3n, inscr\u00edbase en las sesiones.<\/strong><\/p>\n<p>[\/et_pb_text][\/et_pb_column][\/et_pb_row][\/et_pb_section]<\/p>\n","protected":false},"excerpt":{"rendered":"<p>Orgullo Panthers Programa topSoccer Orgullo Panthers &#8211; TOPSoccer Primavera de 2023 Pride Soccer y el equipo femenino de la UCCS est\u00e1n encantados de anunciar nuestra continua asociaci\u00f3n para entrenar el programa TOPSoccer esta primavera. Todas las sesiones tendr\u00e1n lugar en el UCCS Mountain Lion Stadium (campo de c\u00e9sped artificial), 5225 N. Nevada Ave, y se [&hellip;]<\/p>\n","protected":false},"author":8,"featured_media":109170,"parent":109666,"menu_order":0,"comment_status":"closed","ping_status":"closed","template":"","meta":{"_seopress_robots_primary_cat":"","_seopress_titles_title":"Pride Panthers Soccer - Colorado Springs - Pride Soccer","_seopress_titles_desc":"TOPS Panthers es un programa creado por el Pride Soccer Club y el equipo femenino de la UCCS para ense\u00f1ar f\u00fatbol a deportistas con necesidades especiales. Cada entrenamiento est\u00e1 dise\u00f1ado espec\u00edficamente para el disfrute, la seguridad, la educaci\u00f3n y el \u00e9xito de cada jugador. Tambi\u00e9n ofrece a los jugadores universitarios la oportunidad de marcar la diferencia.","_seopress_robots_index":"","_et_pb_use_builder":"on","_et_pb_old_content":"","_et_gb_content_width":"","footnotes":""},"dipi_cpt_category":[],"wf_page_folders":[34],"class_list":["post-109509","page","type-page","status-publish","has-post-thumbnail","hentry"],"_links":{"self":[{"href":"https:\/\/pridesoccer.com\/es\/wp-json\/wp\/v2\/pages\/109509","targetHints":{"allow":["GET"]}}],"collection":[{"href":"https:\/\/pridesoccer.com\/es\/wp-json\/wp\/v2\/pages"}],"about":[{"href":"https:\/\/pridesoccer.com\/es\/wp-json\/wp\/v2\/types\/page"}],"author":[{"embeddable":true,"href":"https:\/\/pridesoccer.com\/es\/wp-json\/wp\/v2\/users\/8"}],"replies":[{"embeddable":true,"href":"https:\/\/pridesoccer.com\/es\/wp-json\/wp\/v2\/comments?post=109509"}],"version-history":[{"count":0,"href":"https:\/\/pridesoccer.com\/es\/wp-json\/wp\/v2\/pages\/109509\/revisions"}],"up":[{"embeddable":true,"href":"https:\/\/pridesoccer.com\/es\/wp-json\/wp\/v2\/pages\/109666"}],"wp:featuredmedia":[{"embeddable":true,"href":"https:\/\/pridesoccer.com\/es\/wp-json\/wp\/v2\/media\/109170"}],"wp:attachment":[{"href":"https:\/\/pridesoccer.com\/es\/wp-json\/wp\/v2\/media?parent=109509"}],"wp:term":[{"taxonomy":"dipi_cpt_category","embeddable":true,"href":"https:\/\/pridesoccer.com\/es\/wp-json\/wp\/v2\/dipi_cpt_category?post=109509"},{"taxonomy":"wf_page_folders","embeddable":true,"href":"https:\/\/pridesoccer.com\/es\/wp-json\/wp\/v2\/wf_page_folders?post=109509"}],"curies":[{"name":"wp","href":"https:\/\/api.w.org\/{rel}","templated":true}]}}