{"id":109512,"date":"2022-04-04T06:58:03","date_gmt":"2022-04-04T12:58:03","guid":{"rendered":"https:\/\/pridesoccer.com\/informacion-sobre-el-campo-de-futbol\/"},"modified":"2023-02-09T12:55:45","modified_gmt":"2023-02-09T19:55:45","slug":"informacion-sobre-el-campo-de-futbol","status":"publish","type":"page","link":"https:\/\/pridesoccer.com\/es\/campos\/informacion-sobre-el-campo-de-futbol\/","title":{"rendered":"Informaci\u00f3n sobre el campo de f\u00fatbol"},"content":{"rendered":"<p>[et_pb_section fb_built=\u00bb1&#8243; custom_padding_last_edited=\u00bbon|phone\u00bb admin_label=\u00bbHero\u00bb _builder_version=\u00bb4.17.3&#8243; _module_preset=\u00bbdefault\u00bb background_color=\u00bb#000000&#8243; use_background_color_gradient=\u00bbon\u00bb background_color_gradient_type=\u00bbcircular\u00bb background_color_gradient_stops=\u00bbrgba(45,40,41,0.7) 0%|rgba(45,40,41,0) 93%\u00bb background_color_gradient_overlays_image=\u00bbon\u00bb background_image=\u00bbhttps:\/\/pridesoccer.com\/wp-content\/uploads\/2022\/04\/Pride-Soccer-Dron-Shot.jpg\u00bb height=\u00bb30rem\u00bb height_tablet=\u00bb24rem\u00bb height_phone=\u00bb21rem\u00bb height_last_edited=\u00bbon|phone\u00bb custom_padding=\u00bb7%||7%||true|false\u00bb custom_padding_tablet=\u00bb7%||7%||true|false\u00bb custom_padding_phone=\u00bb7%||7%||true|false\u00bb custom_css_main_element=\u00bbdisplay: flex;||align-content: center;||justify-content: center;||align-items: center;\u00bb global_colors_info=\u00bb{}\u00bb][et_pb_row _builder_version=\u00bb4.16&#8243; _module_preset=\u00bbdefault\u00bb custom_margin=\u00bbauto||auto||false|false\u00bb global_colors_info=\u00bb{}\u00bb][et_pb_column type=\u00bb4_4&#8243; _builder_version=\u00bb4.16&#8243; _module_preset=\u00bbdefault\u00bb global_colors_info=\u00bb{}\u00bb][et_pb_text admin_label=\u00bbTitle H1&#8243; _builder_version=\u00bb4.16.0&#8243; _module_preset=\u00bbdefault\u00bb text_font=\u00bb|300|||||||\u00bb header_font=\u00bbAnton||||||||\u00bb header_text_color=\u00bb#FFFFFF\u00bb header_font_size=\u00bb4.5rem\u00bb header_2_font_size=\u00bb2.55rem\u00bb header_2_letter_spacing=\u00bb-0.01em\u00bb header_2_line_height=\u00bb1.26em\u00bb module_alignment=\u00bbcenter\u00bb custom_margin=\u00bb||0px||false|false\u00bb custom_padding=\u00bb||0px||false|false\u00bb header_font_size_tablet=\u00bb3.5rem\u00bb header_font_size_phone=\u00bb2.5rem\u00bb header_font_size_last_edited=\u00bbon|phone\u00bb global_colors_info=\u00bb{}\u00bb]<\/p>\n<h1 style=\"text-align: center;\">Campos de f\u00fatbol Pride<\/h1>\n<p>[\/et_pb_text][\/et_pb_column][\/et_pb_row][\/et_pb_section][et_pb_section fb_built=\u00bb1&#8243; admin_label=\u00bbMain Page Content Section\u00bb _builder_version=\u00bb4.16.0&#8243; _module_preset=\u00bbdefault\u00bb global_colors_info=\u00bb{}\u00bb][et_pb_row column_structure=\u00bb3_4,1_4&#8243; _builder_version=\u00bb4.17.3&#8243; _module_preset=\u00bbdefault\u00bb global_colors_info=\u00bb{}\u00bb custom_css_main_element_last_edited=\u00bboff|desktop\u00bb][et_pb_column type=\u00bb3_4&#8243; admin_label=\u00bbColumna principal\u00bb _builder_version=\u00bb4.17.3&#8243; _module_preset=\u00bbdefault\u00bb global_colors_info=\u00bb{}\u00bb][et_pb_text module_id=\u00bbdirections\u00bb _builder_version=\u00bb4.16.0&#8243; _module_preset=\u00bbdefault\u00bb text_font=\u00bbRubik|300|||||||\u00bb header_2_font=\u00bbAnton||||||||\u00bb header_2_font_size=\u00bb2.55rem\u00bb header_2_letter_spacing=\u00bb0.1em\u00bb header_2_line_height=\u00bb1.2em\u00bb header_3_font=\u00bbTeko|500|||||||\u00bb header_3_text_color=\u00bb#2D2829&#8243; header_3_letter_spacing=\u00bb0.05em\u00bb global_colors_info=\u00bb{}\u00bb]<\/p>\n<h2>Complejo de f\u00fatbol Pride DIRECCIONES<\/h2>\n<ul>\n<li>Direcci\u00f3n: 8700 East Woodmen Rd, Colorado Springs (Tenga en cuenta que nuestra oficina se encuentra en 5955 Lehman Dr, Colorado Springs)<\/li>\n<li>Desde la I-25, tome la salida 149.<\/li>\n<li>Dir\u00edjase al este por Woodmen Rd durante aprox. 8 millas hasta Mohawk Rd.<\/li>\n<li>Gire a la derecha en Mohawk Rd hasta la zona de aparcamiento y los campos.<\/li>\n<\/ul>\n<h3>Aparcamiento y acceso para espectadores<\/h3>\n<p><span style=\"text-decoration: underline;\"><strong><a href=\"https:\/\/www.youtube.com\/watch?v=vVlNano-N0Y&amp;feature=youtu.be\">Conducci\u00f3n segura en el complejo<\/a><\/strong><\/span><\/p>\n<p>Mapa del d\u00eda de partido en el Complejo Pride<\/p>\n<p>[\/et_pb_text][et_pb_image src=\u00bbhttps:\/\/pridesoccer.com\/wp-content\/uploads\/2022\/04\/complex-map-fall-2021_1.png\u00bb title_text=\u00bbmapa complejo &#8211; oto\u00f1o 2021_1&#8243; show_in_lightbox=\u00bbon\u00bb _builder_version=\u00bb4.16.0&#8243; _module_preset=\u00bbdefault\u00bb global_colors_info=\u00bb{}\u00bb][\/et_pb_image][et_pb_text _builder_version=\u00bb4.16.0&#8243; _module_preset=\u00bbdefault\u00bb text_font=\u00bbRubik|300|||||||\u00bb header_2_font=\u00bbAnton||||||||\u00bb header_2_font_size=\u00bb2.55rem\u00bb header_2_letter_spacing=\u00bb0.1em\u00bb header_2_line_height=\u00bb1.2em\u00bb header_3_font=\u00bbTeko|500|||||||\u00bb header_3_text_color=\u00bb#2D2829&#8243; header_3_letter_spacing=\u00bb0.05em\u00bb global_colors_info=\u00bb{}\u00bb]<\/p>\n<p><a href=\"https:\/\/www.youtube.com\/watch?v=pCvuv0U7-R0&amp;feature=youtu.be\" target=\"_blank\" rel=\"noopener\">V\u00eddeo complejo e im\u00e1genes de drones<\/a><\/p>\n<p>[\/et_pb_text][et_pb_text module_id=\u00bbusage-rules\u00bb _builder_version=\u00bb4.16.0&#8243; _module_preset=\u00bbdefault\u00bb text_font=\u00bbRubik|300|||||||\u00bb header_2_font=\u00bbAnton||||||||\u00bb header_2_font_size=\u00bb2.55rem\u00bb header_2_letter_spacing=\u00bb0.1em\u00bb header_2_line_height=\u00bb1.2em\u00bb header_3_font=\u00bbTeko|500|||||||\u00bb header_3_text_color=\u00bb#2D2829&#8243; header_3_letter_spacing=\u00bb0.05em\u00bb global_colors_info=\u00bb{}\u00bb]<\/p>\n<h2>NORMAS DE USO<\/h2>\n<ul>\n<li>El alcohol, el tabaco y los fuegos artificiales est\u00e1n estrictamente prohibidos.<\/li>\n<li>No se permite la presencia de alimentos, chicles, pipas de girasol y otras envolturas de semillas en el c\u00e9sped.<\/li>\n<li>Se admiten perros, pero DEBEN ir atados en todo momento. Tambi\u00e9n pedimos a los propietarios que recojan los excrementos de sus perros y ayuden a mantener limpio el complejo para disfrute de todos.<\/li>\n<li>S\u00f3lo se permite aparcar en las zonas designadas. El aparcamiento para minusv\u00e1lidos est\u00e1 se\u00f1alizado con postes de rayas azules, las zonas de estacionamiento prohibido est\u00e1n se\u00f1alizadas con postes de rayas rojas y los pasillos est\u00e1n se\u00f1alizados con postes de rayas amarillas.<\/li>\n<\/ul>\n<p>[\/et_pb_text][et_pb_text module_id=\u00bbthe-complex-story\u00bb _builder_version=\u00bb4.16.0&#8243; _module_preset=\u00bbdefault\u00bb text_font=\u00bbRubik|300|||||||\u00bb header_2_font=\u00bbAnton||||||||\u00bb header_2_font_size=\u00bb2.55rem\u00bb header_2_letter_spacing=\u00bb0.1em\u00bb header_2_line_height=\u00bb1.2em\u00bb header_3_font=\u00bbTeko|500|||||||\u00bb header_3_text_color=\u00bb#2D2829&#8243; header_3_letter_spacing=\u00bb0.05em\u00bb global_colors_info=\u00bb{}\u00bb]<\/p>\n<h2>LA COMPLEJA HISTORIA<\/h2>\n<p>Pride Soccer fue uno de los primeros clubes de f\u00fatbol de Colorado en poseer y gestionar su propio complejo de f\u00fatbol. Los miembros son los propietarios. En 1998 el club compr\u00f3 los 80 acres de tierra situados fuera de Woodmen Rd con la visi\u00f3n de construir campos de f\u00fatbol. Era obvio, incluso hace 20 a\u00f1os, que la necesidad de \u00e1reas abiertas para que los j\u00f3venes jugaran al f\u00fatbol no estaba a la altura del crecimiento de nuestra comunidad. El desarrollo del complejo se ha dividido en V fases. (<a href=\"#\">Ver im\u00e1genes del proceso de construcci\u00f3n<\/a>)<\/p>\n<ul>\n<li>Fase I- La apertura del Campo 1, 18\/9\/2004<\/li>\n<li>Fase II- La apertura del Campo 2, 2005<\/li>\n<li>Fase III- La apertura del Campo 3, 2007, as\u00ed como los trabajos de base para un 4\u00ba campo.<\/li>\n<li>Fase IV- Muros de contenci\u00f3n, zona de asientos y sistema de drenaje, 2008<\/li>\n<li>Fase V- campos 2-9v9, campos 2-7v7, mejoras en la zona de aparcamiento y requisitos de aguas pluviales para la zona al oeste de la berma.<\/li>\n<\/ul>\n<p>[\/et_pb_text][et_pb_text module_id=\u00bbthe-vision\u00bb _builder_version=\u00bb4.16.0&#8243; _module_preset=\u00bbdefault\u00bb text_font=\u00bbRubik|300|||||||\u00bb header_2_font=\u00bbAnton||||||||\u00bb header_2_font_size=\u00bb2.55rem\u00bb header_2_letter_spacing=\u00bb0.1em\u00bb header_2_line_height=\u00bb1.2em\u00bb header_3_font=\u00bbTeko|500|||||||\u00bb header_3_text_color=\u00bb#2D2829&#8243; header_3_letter_spacing=\u00bb0.05em\u00bb global_colors_info=\u00bb{}\u00bb]<\/p>\n<h2>LA VISI\u00d3N<\/h2>\n<p>Un campo de campeonatos con asientos de estadio, una casa club con campo cubierto y oficinas para el club e iluminaci\u00f3n en 4 de los campos actuales son s\u00f3lo algunas de las cosas que a\u00fan est\u00e1n por llegar. Colorado Springs sigue creciendo y ha sido votada como uno de los lugares m\u00e1s agradables para vivir en Estados Unidos. Queremos seguir mejorando nuestro complejo para crecer con esta gran comunidad. Nuestra esperanza es fomentar nuevas asociaciones dentro de la comunidad que nos ayuden a hacer realidad nuestra visi\u00f3n.<\/p>\n<p>[\/et_pb_text][et_pb_text module_id=\u00bbscheduling\u00bb _builder_version=\u00bb4.16.0&#8243; _module_preset=\u00bbdefault\u00bb text_font=\u00bbRubik|300|||||||\u00bb header_2_font=\u00bbAnton||||||||\u00bb header_2_font_size=\u00bb2.55rem\u00bb header_2_letter_spacing=\u00bb0.1em\u00bb header_2_line_height=\u00bb1.2em\u00bb header_3_font=\u00bbTeko|500|||||||\u00bb header_3_text_color=\u00bb#2D2829&#8243; header_3_letter_spacing=\u00bb0.05em\u00bb global_colors_info=\u00bb{}\u00bb]<\/p>\n<h2>PROGRAMACI\u00d3N<\/h2>\n<p>Si est\u00e1 interesado en utilizar los campos, p\u00f3ngase en contacto con la oficina en el <a href=\"tel:7195976700\">719-597-6700<\/a> o env\u00ede un correo electr\u00f3nico <a href=\"mailto:hlevett@pridesoccer.com\">a hlevett@pridesoccer.com<\/a>.<\/p>\n<p>[\/et_pb_text][et_pb_text module_id=\u00bbother-fields\u00bb _builder_version=\u00bb4.16.0&#8243; _module_preset=\u00bbdefault\u00bb text_font=\u00bbRubik|300|||||||\u00bb header_2_font=\u00bbAnton||||||||\u00bb header_2_font_size=\u00bb2.55rem\u00bb header_2_letter_spacing=\u00bb0.1em\u00bb header_2_line_height=\u00bb1.2em\u00bb header_3_font=\u00bbTeko|500|||||||\u00bb header_3_text_color=\u00bb#2D2829&#8243; header_3_letter_spacing=\u00bb0.05em\u00bb global_colors_info=\u00bb{}\u00bb]<\/p>\n<h2>Otros campos&#8230;<\/h2>\n<h3>Parque Deportivo El Pomar<\/h3>\n<p>2212 Executive Circle, Colorado Springs, CO 80906<\/p>\n<p>[\/et_pb_text][et_pb_image src=\u00bbhttps:\/\/pridesoccer.com\/wp-content\/uploads\/2022\/04\/el-pomar-map-2020_1.png\u00bb title_text=\u00bbel pomar mapa 2020_1&#8243; show_in_lightbox=\u00bbon\u00bb _builder_version=\u00bb4.16.0&#8243; _module_preset=\u00bbdefault\u00bb global_colors_info=\u00bb{}\u00bb][\/et_pb_image][et_pb_text _builder_version=\u00bb4.16.0&#8243; _module_preset=\u00bbdefault\u00bb text_font=\u00bbRubik|300|||||||\u00bb header_2_font=\u00bbAnton||||||||\u00bb header_2_font_size=\u00bb2.55rem\u00bb header_2_letter_spacing=\u00bb0.1em\u00bb header_2_line_height=\u00bb1.2em\u00bb header_3_font=\u00bbTeko|500|||||||\u00bb header_3_text_color=\u00bb#2D2829&#8243; header_3_letter_spacing=\u00bb0.05em\u00bb global_colors_info=\u00bb{}\u00bb]<\/p>\n<h3>Parque Cottonwood Creek<\/h3>\n<p>7040 Rangewood Drive, Colorado Springs, CO 80918<\/p>\n<p>[\/et_pb_text][et_pb_image src=\u00bbhttps:\/\/pridesoccer.com\/wp-content\/uploads\/2022\/09\/Cottonwood-Map.jpg\u00bb title_text=\u00bbMapa de Cottonwood\u00bb show_in_lightbox=\u00bbon\u00bb _builder_version=\u00bb4.18.0&#8243; _module_preset=\u00bbdefault\u00bb hover_enabled=\u00bb0&#8243; global_colors_info=\u00bb{}\u00bb sticky_enabled=\u00bb0&#8243;][\/et_pb_image][et_pb_text _builder_version=\u00bb4.16.0&#8243; _module_preset=\u00bbdefault\u00bb text_font=\u00bbRubik|300|||||||\u00bb header_2_font=\u00bbAnton||||||||\u00bb header_2_font_size=\u00bb2.55rem\u00bb header_2_letter_spacing=\u00bb0.1em\u00bb header_2_line_height=\u00bb1.2em\u00bb header_3_font=\u00bbTeko|500|||||||\u00bb header_3_text_color=\u00bb#2D2829&#8243; header_3_letter_spacing=\u00bb0.05em\u00bb global_colors_info=\u00bb{}\u00bb]<\/p>\n<h3>Parque Woodland Hills<\/h3>\n<p>3617 Woodland Hills Drive, Colorado Springs, CO<\/p>\n<p>&nbsp;<\/p>\n<h3>Parque Grant<\/h3>\n<p>2821 Shadowglen Dr, Colorado Springs, CO<\/p>\n<p>&nbsp;<\/p>\n<h3>Parque Mary Kyer<\/h3>\n<p>1102 Middle Creek Pkwy, Colorado Springs, CO 80921<\/p>\n<p>&nbsp;<\/p>\n<h3>Instituto Lewis Palmer<\/h3>\n<p>1300 Higby Road, Monument, CO 80132<\/p>\n<p>[\/et_pb_text][et_pb_image src=\u00bbhttps:\/\/pridesoccer.com\/wp-content\/uploads\/2022\/04\/lphs-2020_1.png\u00bb title_text=\u00bblphs 2020_1&#8243; show_in_lightbox=\u00bbon\u00bb _builder_version=\u00bb4.16.0&#8243; _module_preset=\u00bbdefault\u00bb global_colors_info=\u00bb{}\u00bb][\/et_pb_image][\/et_pb_column][et_pb_column type=\u00bb1_4&#8243; admin_label=\u00bbColumna Aparte\u00bb _builder_version=\u00bb4.17.3&#8243; _module_preset=\u00bbdefault\u00bb sticky_position=\u00bbtop\u00bb sticky_limit_bottom=\u00bbrow\u00bb sticky_position_tablet=\u00bbnone\u00bb sticky_position_phone=\u00bbnone\u00bb sticky_position_last_edited=\u00bbon|phone\u00bb global_colors_info=\u00bb{}\u00bb][et_pb_button button_url=\u00bb#direcciones\u00bb button_text=\u00bbdirecciones complejas\u00bb _builder_version=\u00bb4.17.4&#8243; _module_preset=\u00bbdefault\u00bb global_colors_info=\u00bb{}\u00bb][\/et_pb_button][et_pb_button button_url=\u00bb#Reglas de uso\u00bb button_text=\u00bbnormas de uso\u00bb _builder_version=\u00bb4.17.3&#8243; _module_preset=\u00bbdefault\u00bb global_colors_info=\u00bb{}\u00bb][\/et_pb_button][et_pb_button button_url=\u00bb#la historia compleja\u00bb button_text=\u00bbla compleja historia\u00bb _builder_version=\u00bb4.17.3&#8243; _module_preset=\u00bbdefault\u00bb global_colors_info=\u00bb{}\u00bb][\/et_pb_button][et_pb_button button_url=\u00bb#la-visi\u00f3n\u00bb button_text=\u00bbla visi\u00f3n\u00bb _builder_version=\u00bb4.17.3&#8243; _module_preset=\u00bbdefault\u00bb global_colors_info=\u00bb{}\u00bb][\/et_pb_button][et_pb_button button_url=\u00bb#programaci\u00f3n\u00bb button_text=\u00bbprogramaci\u00f3n\u00bb _builder_version=\u00bb4.17.3&#8243; _module_preset=\u00bbdefault\u00bb global_colors_info=\u00bb{}\u00bb][\/et_pb_button][et_pb_button button_url=\u00bb#Otros campos\u00bb button_text=\u00bbotros campos\u00bb _builder_version=\u00bb4.17.3&#8243; _module_preset=\u00bbdefault\u00bb global_colors_info=\u00bb{}\u00bb][\/et_pb_button][\/et_pb_column][\/et_pb_row][\/et_pb_section]<\/p>\n","protected":false},"excerpt":{"rendered":"<p>Campos de f\u00fatbol PrideComplejo de f\u00fatbol Pride DIRECCIONES Direcci\u00f3n: 8700 East Woodmen Rd, Colorado Springs (Tenga en cuenta que nuestra oficina se encuentra en 5955 Lehman Dr, Colorado Springs) Desde la I-25, tome la salida 149. Dir\u00edjase al este por Woodmen Rd durante aprox. 8 millas hasta Mohawk Rd. Gire a la derecha en Mohawk [&hellip;]<\/p>\n","protected":false},"author":8,"featured_media":0,"parent":109615,"menu_order":0,"comment_status":"closed","ping_status":"closed","template":"","meta":{"_seopress_robots_primary_cat":"","_seopress_titles_title":"Informaci\u00f3n sobre campos de f\u00fatbol - Colorado Springs - Pride Soccer","_seopress_titles_desc":"El Pride Soccer Complex de Colorado Springs, Colorado, ofrece un entorno espectacular para el f\u00fatbol juvenil, con asientos de estadio, iluminaci\u00f3n en todos los campos y un marcador Megatron. Tambi\u00e9n cuenta con una casa club con campo cubierto y oficina del club","_seopress_robots_index":"","_et_pb_use_builder":"on","_et_pb_old_content":"","_et_gb_content_width":"","footnotes":""},"dipi_cpt_category":[],"wf_page_folders":[43],"class_list":["post-109512","page","type-page","status-publish","hentry"],"_links":{"self":[{"href":"https:\/\/pridesoccer.com\/es\/wp-json\/wp\/v2\/pages\/109512","targetHints":{"allow":["GET"]}}],"collection":[{"href":"https:\/\/pridesoccer.com\/es\/wp-json\/wp\/v2\/pages"}],"about":[{"href":"https:\/\/pridesoccer.com\/es\/wp-json\/wp\/v2\/types\/page"}],"author":[{"embeddable":true,"href":"https:\/\/pridesoccer.com\/es\/wp-json\/wp\/v2\/users\/8"}],"replies":[{"embeddable":true,"href":"https:\/\/pridesoccer.com\/es\/wp-json\/wp\/v2\/comments?post=109512"}],"version-history":[{"count":0,"href":"https:\/\/pridesoccer.com\/es\/wp-json\/wp\/v2\/pages\/109512\/revisions"}],"up":[{"embeddable":true,"href":"https:\/\/pridesoccer.com\/es\/wp-json\/wp\/v2\/pages\/109615"}],"wp:attachment":[{"href":"https:\/\/pridesoccer.com\/es\/wp-json\/wp\/v2\/media?parent=109512"}],"wp:term":[{"taxonomy":"dipi_cpt_category","embeddable":true,"href":"https:\/\/pridesoccer.com\/es\/wp-json\/wp\/v2\/dipi_cpt_category?post=109512"},{"taxonomy":"wf_page_folders","embeddable":true,"href":"https:\/\/pridesoccer.com\/es\/wp-json\/wp\/v2\/wf_page_folders?post=109512"}],"curies":[{"name":"wp","href":"https:\/\/api.w.org\/{rel}","templated":true}]}}