{"id":109513,"date":"2022-04-11T18:55:39","date_gmt":"2022-04-12T00:55:39","guid":{"rendered":"https:\/\/pridesoccer.com\/arbitro-de-futbol\/"},"modified":"2023-04-06T14:58:52","modified_gmt":"2023-04-06T20:58:52","slug":"arbitro-de-futbol","status":"publish","type":"page","link":"https:\/\/pridesoccer.com\/es\/recursos\/arbitro-de-futbol\/","title":{"rendered":"\u00c1rbitro de f\u00fatbol"},"content":{"rendered":"<p>[et_pb_section fb_built=\u00bb1&#8243; custom_padding_last_edited=\u00bbon|phone\u00bb admin_label=\u00bbHero\u00bb _builder_version=\u00bb4.20.2&#8243; _module_preset=\u00bbdefault\u00bb background_color=\u00bb#000000&#8243; use_background_color_gradient=\u00bbon\u00bb background_color_gradient_type=\u00bbcircular\u00bb background_color_gradient_stops=\u00bbrgba(45,40,41,0.7) 0%|rgba(45,40,41,0) 93%\u00bb background_color_gradient_overlays_image=\u00bbon\u00bb background_image=\u00bbhttps:\/\/pridesoccer.com\/wp-content\/uploads\/2023\/04\/0227grassrootsclass02a.jpg\u00bb height=\u00bb30rem\u00bb height_tablet=\u00bb24rem\u00bb height_phone=\u00bb21rem\u00bb height_last_edited=\u00bbon|phone\u00bb custom_padding=\u00bb7%||7%||true|false\u00bb custom_padding_tablet=\u00bb7%||7%||true|false\u00bb custom_padding_phone=\u00bb7%||7%||true|false\u00bb hover_enabled=\u00bb0&#8243; background_last_edited=\u00bbon|desktop\u00bb custom_css_main_element=\u00bbdisplay: flex;||align-content: center;||justify-content: center;||align-items: center;\u00bb global_colors_info=\u00bb{}\u00bb title_text=\u00bb0227+grassroots+class+02a\u00bb sticky_enabled=\u00bb0&#8243;][et_pb_row _builder_version=\u00bb4.16&#8243; _module_preset=\u00bbdefault\u00bb custom_margin=\u00bbauto||auto||false|false\u00bb global_colors_info=\u00bb{}\u00bb][et_pb_column type=\u00bb4_4&#8243; _builder_version=\u00bb4.16&#8243; _module_preset=\u00bbdefault\u00bb global_colors_info=\u00bb{}\u00bb][et_pb_text admin_label=\u00bbTitle H1&#8243; _builder_version=\u00bb4.16.0&#8243; _module_preset=\u00bbdefault\u00bb text_font=\u00bb|300|||||||\u00bb header_font=\u00bbAnton||||||||\u00bb header_text_color=\u00bb#FFFFFF\u00bb header_font_size=\u00bb4.5rem\u00bb header_2_font_size=\u00bb2.55rem\u00bb header_2_letter_spacing=\u00bb-0.01em\u00bb header_2_line_height=\u00bb1.26em\u00bb module_alignment=\u00bbcenter\u00bb custom_margin=\u00bb||0px||false|false\u00bb custom_padding=\u00bb||0px||false|false\u00bb header_font_size_tablet=\u00bb3.5rem\u00bb header_font_size_phone=\u00bb2.5rem\u00bb header_font_size_last_edited=\u00bbon|phone\u00bb global_colors_info=\u00bb{}\u00bb]<\/p>\n<h1 style=\"text-align: center;\">\u00bfInteresado en ser \u00e1rbitro?<\/h1>\n<p>[\/et_pb_text][\/et_pb_column][\/et_pb_row][\/et_pb_section][et_pb_section fb_built=\u00bb1&#8243; admin_label=\u00bbMain Page Content Section\u00bb _builder_version=\u00bb4.16.0&#8243; _module_preset=\u00bbdefault\u00bb global_colors_info=\u00bb{}\u00bb][et_pb_row column_structure=\u00bb3_4,1_4&#8243; use_custom_gutter=\u00bbon\u00bb make_equal=\u00bbon\u00bb _builder_version=\u00bb4.16.0&#8243; _module_preset=\u00bbdefault\u00bb global_colors_info=\u00bb{}\u00bb custom_css_main_element_last_edited=\u00bbon|tablet\u00bb custom_css_main_element_tablet=\u00bbdisplay: flex;||flex-direction: column-reverse;||\u00bb custom_css_main_element_phone=\u00bbdisplay: flex;||flex-direction: column-reverse;||\u00bb][et_pb_column type=\u00bb3_4&#8243; admin_label=\u00bbColumna principal\u00bb _builder_version=\u00bb4.16.0&#8243; _module_preset=\u00bbdefault\u00bb global_colors_info=\u00bb{}\u00bb][et_pb_text module_id=\u00bbtwo-steps\u00bb _builder_version=\u00bb4.17.0&#8243; _module_preset=\u00bbdefault\u00bb text_font=\u00bbRubik|300|||||||\u00bb header_2_font=\u00bbAnton||||||||\u00bb header_2_font_size=\u00bb2.55rem\u00bb header_2_letter_spacing=\u00bb0.1em\u00bb header_2_line_height=\u00bb1.2em\u00bb header_3_font=\u00bbTeko|500|||||||\u00bb header_3_text_color=\u00bb#2D2829&#8243; header_3_letter_spacing=\u00bb0.05em\u00bb global_colors_info=\u00bb{}\u00bb]<\/p>\n<h2>\u00a1INSCR\u00cdBETE Y COMIENZA HOY MISMO TU CERTIFICACI\u00d3N EN U.S. SOCCER!<\/h2>\n<h3>DOS PASOS Y \u00a1LISTO PARA DAR EL GOLPE!<\/h3>\n<p>La formaci\u00f3n de \u00e1rbitros combina sesiones sobre el terreno con aprendizaje en l\u00ednea para prepararte para el d\u00eda del partido.<\/p>\n<p><strong>PARTE 1 &#8211; FORMACI\u00d3N EN L\u00cdNEA  <\/strong><br \/><span style=\"text-decoration: underline;\"><strong><a href=\"https:\/\/learning.ussoccer.com\/referee\">Centro de aprendizaje de US Soccer<\/a><\/strong><\/span><\/p>\n<p><strong>PARTE 2 &#8211; SESI\u00d3N DE FORMACI\u00d3N SOBRE EL TERRENO  <\/strong><br \/>Todo lo que tienes que hacer es hacer clic en el enlace de abajo para comenzar el Curso de \u00c1rbitro Grassroots de US Soccer en el Centro de Aprendizaje de US Soccer.<\/p>\n<p>Una vez que haya completado esos m\u00f3dulos, vuelva aqu\u00ed y haga clic en el enlace Formaci\u00f3n sobre el terreno que aparece a continuaci\u00f3n para elegir una cl\u00ednica presencial, pague las tasas requeridas y el sistema le guiar\u00e1 a trav\u00e9s de las partes en l\u00ednea restantes del curso.<\/p>\n<p>Deber\u00e1 comenzar el trabajo del curso siete d\u00edas antes de la sesi\u00f3n sobre el terreno y todos los m\u00f3dulos en l\u00ednea deber\u00e1n completarse ANTES de asistir a la sesi\u00f3n sobre el terreno que haya elegido.<\/p>\n<p>Descargue este pdf como referencia para realizar el curso en l\u00ednea<\/p>\n<p>[\/et_pb_text][et_pb_text module_id=\u00bbquick-guide\u00bb _builder_version=\u00bb4.16.0&#8243; _module_preset=\u00bbdefault\u00bb text_font=\u00bbRubik|300|||||||\u00bb header_2_font=\u00bbAnton||||||||\u00bb header_2_font_size=\u00bb2.55rem\u00bb header_2_letter_spacing=\u00bb0.1em\u00bb header_2_line_height=\u00bb1.2em\u00bb header_3_font=\u00bbTeko|500|||||||\u00bb header_3_text_color=\u00bb#2D2829&#8243; header_3_letter_spacing=\u00bb0.05em\u00bb global_colors_info=\u00bb{}\u00bb]<\/p>\n<h3>GU\u00cdA R\u00c1PIDA PARA LOS CURSOS DE ARBITRAJE EN L\u00cdNEA<\/h3>\n<p><strong>Paso 1 &#8211; Cualquier persona de 13 a\u00f1os o m\u00e1s que est\u00e9 interesada en convertirse en \u00e1rbitro o simplemente quiera aprender m\u00e1s sobre las Reglas de Juego puede completar el curso en l\u00ednea en el Centro de Aprendizaje de US Soccer.<\/strong><\/p>\n<p>Si desea convertirse en \u00e1rbitro, puede cursar tres m\u00f3dulos de aprendizaje en el Centro de Aprendizaje de US Soccer:<\/p>\n<p>Curso de \u00c1rbitro de Base AKA Colorado Online Course (4,5 horas)<\/p>\n<p>SAFESPORT (s\u00f3lo para mayores de 18 a\u00f1os)<\/p>\n<p>Introducci\u00f3n a los entornos de juego seguros y saludables<\/p>\n<p>Comprobaci\u00f3n de antecedentes NCSI (TARIFA OBLIGATORIA &#8211; s\u00f3lo mayores de 18 a\u00f1os)<\/p>\n<p><span style=\"text-decoration: underline;\"><strong><a href=\"https:\/\/learning.ussoccer.com\/\">COMIENCE AQU\u00cd SU CARRERA DE \u00c1RBITRO &#8211; PASO 1<\/a><\/strong><\/span><br \/>Paso 2 &#8211; Las sesiones de formaci\u00f3n sobre el terreno en persona se est\u00e1n programando de forma limitada en la actualidad debido al mandato \u00abM\u00e1s seguro en casa\u00bb en Colorado. Est\u00e1n previstas sesiones de \u00abformaci\u00f3n virtual sobre el terreno\u00bb, que estar\u00e1n disponibles en breve. Siga consultando el Centro de Aprendizaje de US Soccer para obtener informaci\u00f3n actualizada.<\/p>\n<p><span style=\"text-decoration: underline;\"><strong><a href=\"https:\/\/learning.ussoccer.com\/referee\/courses\/available\/6\/course-info\">PASO 2 &#8211; CURSO DE FORMACI\u00d3N DE \u00c1RBITROS DE F\u00daTBOL BASE<\/a><\/strong><\/span><\/p>\n<p>[\/et_pb_text][\/et_pb_column][et_pb_column type=\u00bb1_4&#8243; admin_label=\u00bbColumna Aparte\u00bb _builder_version=\u00bb4.16.0&#8243; _module_preset=\u00bbdefault\u00bb sticky_limit_bottom=\u00bbrow\u00bb sticky_position_tablet=\u00bbnone\u00bb sticky_position_phone=\u00bbnone\u00bb sticky_position_last_edited=\u00bbon|phone\u00bb global_colors_info=\u00bb{}\u00bb][et_pb_button button_url=\u00bb#dospasos\u00bb button_text=\u00bbregistrarse y empezar\u00bb _builder_version=\u00bb4.17.3&#8243; _module_preset=\u00bbdefault\u00bb global_colors_info=\u00bb{}\u00bb][\/et_pb_button][et_pb_button button_url=\u00bb#Gu\u00eda r\u00e1pida\u00bb button_text=\u00bbgu\u00eda r\u00e1pida para el trabajo de curso\u00bb _builder_version=\u00bb4.17.3&#8243; _module_preset=\u00bbdefault\u00bb global_colors_info=\u00bb{}\u00bb][\/et_pb_button][\/et_pb_column][\/et_pb_row][\/et_pb_section]<\/p>\n","protected":false},"excerpt":{"rendered":"<p>\u00bfInteresado en ser \u00e1rbitro? \u00a1INSCR\u00cdBETE Y COMIENZA HOY MISMO TU CERTIFICACI\u00d3N EN U.S. SOCCER! DOS PASOS Y \u00a1LISTO PARA DAR EL GOLPE! La formaci\u00f3n de \u00e1rbitros combina sesiones sobre el terreno con aprendizaje en l\u00ednea para prepararte para el d\u00eda del partido. PARTE 1 &#8211; FORMACI\u00d3N EN L\u00cdNEA Centro de aprendizaje de US Soccer PARTE [&hellip;]<\/p>\n","protected":false},"author":8,"featured_media":0,"parent":109747,"menu_order":0,"comment_status":"closed","ping_status":"closed","template":"","meta":{"_seopress_robots_primary_cat":"","_seopress_titles_title":"\u00c1rbitro de f\u00fatbol - Colorado Springs - Club de f\u00fatbol","_seopress_titles_desc":"Pride Soccer ofrece formaci\u00f3n arbitral que combina sesiones en el campo con aprendizaje en l\u00ednea para prepararte para el d\u00eda del partido. Deber\u00e1 comenzar el trabajo del curso siete d\u00edas antes de la sesi\u00f3n sobre el terreno y todos los m\u00f3dulos en l\u00ednea deber\u00e1n completarse ANTES de asistir a la sesi\u00f3n sobre el terreno que haya elegido.","_seopress_robots_index":"","_et_pb_use_builder":"on","_et_pb_old_content":"","_et_gb_content_width":"","footnotes":""},"dipi_cpt_category":[],"wf_page_folders":[42],"class_list":["post-109513","page","type-page","status-publish","hentry"],"_links":{"self":[{"href":"https:\/\/pridesoccer.com\/es\/wp-json\/wp\/v2\/pages\/109513","targetHints":{"allow":["GET"]}}],"collection":[{"href":"https:\/\/pridesoccer.com\/es\/wp-json\/wp\/v2\/pages"}],"about":[{"href":"https:\/\/pridesoccer.com\/es\/wp-json\/wp\/v2\/types\/page"}],"author":[{"embeddable":true,"href":"https:\/\/pridesoccer.com\/es\/wp-json\/wp\/v2\/users\/8"}],"replies":[{"embeddable":true,"href":"https:\/\/pridesoccer.com\/es\/wp-json\/wp\/v2\/comments?post=109513"}],"version-history":[{"count":0,"href":"https:\/\/pridesoccer.com\/es\/wp-json\/wp\/v2\/pages\/109513\/revisions"}],"up":[{"embeddable":true,"href":"https:\/\/pridesoccer.com\/es\/wp-json\/wp\/v2\/pages\/109747"}],"wp:attachment":[{"href":"https:\/\/pridesoccer.com\/es\/wp-json\/wp\/v2\/media?parent=109513"}],"wp:term":[{"taxonomy":"dipi_cpt_category","embeddable":true,"href":"https:\/\/pridesoccer.com\/es\/wp-json\/wp\/v2\/dipi_cpt_category?post=109513"},{"taxonomy":"wf_page_folders","embeddable":true,"href":"https:\/\/pridesoccer.com\/es\/wp-json\/wp\/v2\/wf_page_folders?post=109513"}],"curies":[{"name":"wp","href":"https:\/\/api.w.org\/{rel}","templated":true}]}}