{"id":109523,"date":"2022-04-12T08:53:02","date_gmt":"2022-04-12T14:53:02","guid":{"rendered":"https:\/\/pridesoccer.com\/fundacion-power-of-one\/"},"modified":"2023-04-27T21:10:26","modified_gmt":"2023-04-28T03:10:26","slug":"fundacion-power-of-one","status":"publish","type":"page","link":"https:\/\/pridesoccer.com\/es\/acerca-de\/fundacion-power-of-one\/","title":{"rendered":"Fundaci\u00f3n Power Of One"},"content":{"rendered":"<p>[et_pb_section fb_built=\u00bb1&#8243; custom_padding_last_edited=\u00bbon|phone\u00bb admin_label=\u00bbHero\u00bb _builder_version=\u00bb4.20.2&#8243; _module_preset=\u00bbdefault\u00bb background_color=\u00bb#000000&#8243; use_background_color_gradient=\u00bbon\u00bb background_color_gradient_type=\u00bbcircular\u00bb background_color_gradient_stops=\u00bbrgba(45,40,41,0.7) 0%|rgba(45,40,41,0) 93%\u00bb background_color_gradient_overlays_image=\u00bbon\u00bb background_image=\u00bbhttps:\/\/pridesoccer.com\/wp-content\/uploads\/2023\/04\/Eric-Merriss-Nathan-Merriss-09B-Copa-scaled.jpg\u00bb background_position=\u00bbcenter_left\u00bb height=\u00bb30rem\u00bb height_tablet=\u00bb24rem\u00bb height_phone=\u00bb21rem\u00bb height_last_edited=\u00bbon|phone\u00bb custom_padding=\u00bb7%||7%||false|false\u00bb custom_padding_tablet=\u00bb7%||7%||true|false\u00bb custom_padding_phone=\u00bb7%||7%||true|false\u00bb background_last_edited=\u00bbon|desktop\u00bb custom_css_main_element=\u00bbdisplay: flex;||align-content: center;||justify-content: center;||align-items: center;\u00bb global_colors_info=\u00bb{}\u00bb][et_pb_row _builder_version=\u00bb4.16&#8243; _module_preset=\u00bbdefault\u00bb custom_margin=\u00bbauto||auto||false|false\u00bb global_colors_info=\u00bb{}\u00bb][et_pb_column type=\u00bb4_4&#8243; _builder_version=\u00bb4.16&#8243; _module_preset=\u00bbdefault\u00bb global_colors_info=\u00bb{}\u00bb][et_pb_text admin_label=\u00bbTitle H1&#8243; _builder_version=\u00bb4.17.0&#8243; _module_preset=\u00bbdefault\u00bb text_font=\u00bb|300|||||||\u00bb header_font=\u00bbAnton||||||||\u00bb header_text_color=\u00bb#FFFFFF\u00bb header_font_size=\u00bb4.5rem\u00bb header_2_font_size=\u00bb2.55rem\u00bb header_2_letter_spacing=\u00bb-0.01em\u00bb header_2_line_height=\u00bb1.26em\u00bb module_alignment=\u00bbcenter\u00bb custom_margin=\u00bb||0px||false|false\u00bb custom_padding=\u00bb||0px||false|false\u00bb header_font_size_tablet=\u00bb3.5rem\u00bb header_font_size_phone=\u00bb2.5rem\u00bb header_font_size_last_edited=\u00bbon|phone\u00bb global_colors_info=\u00bb{}\u00bb]<\/p>\n<h1 style=\"text-align: center;\">El poder de una fundaci\u00f3n<\/h1>\n<p>[\/et_pb_text][\/et_pb_column][\/et_pb_row][\/et_pb_section][et_pb_section fb_built=\u00bb1&#8243; admin_label=\u00bbMain Page Content Section\u00bb _builder_version=\u00bb4.16.0&#8243; _module_preset=\u00bbdefault\u00bb global_colors_info=\u00bb{}\u00bb][et_pb_row column_structure=\u00bb3_4,1_4&#8243; use_custom_gutter=\u00bbon\u00bb make_equal=\u00bbon\u00bb _builder_version=\u00bb4.16.0&#8243; _module_preset=\u00bbdefault\u00bb global_colors_info=\u00bb{}\u00bb custom_css_main_element_last_edited=\u00bbon|tablet\u00bb custom_css_main_element_tablet=\u00bbdisplay: flex;||flex-direction: column-reverse;||\u00bb custom_css_main_element_phone=\u00bbdisplay: flex;||flex-direction: column-reverse;||\u00bb][et_pb_column type=\u00bb3_4&#8243; admin_label=\u00bbColumna principal\u00bb _builder_version=\u00bb4.16.0&#8243; _module_preset=\u00bbdefault\u00bb global_colors_info=\u00bb{}\u00bb][et_pb_text module_id=\u00bbpower\u00bb _builder_version=\u00bb4.17.0&#8243; _module_preset=\u00bbdefault\u00bb text_font=\u00bbRubik|300|||||||\u00bb header_2_font=\u00bbAnton||||||||\u00bb header_2_font_size=\u00bb2.55rem\u00bb header_2_letter_spacing=\u00bb0.1em\u00bb header_2_line_height=\u00bb1.2em\u00bb header_3_font=\u00bbTeko|500|||||||\u00bb header_3_text_color=\u00bb#2D2829&#8243; header_3_letter_spacing=\u00bb0.05em\u00bb global_colors_info=\u00bb{}\u00bb]<\/p>\n<h2>Pride Soccer y Power Of One<\/h2>\n<p><strong>Pride Soccer y Power of One lanzan una iniciativa para ampliar el acceso de los ni\u00f1os de Colorado Springs a los deportes juveniles con un compromiso de 20.000 d\u00f3lares.<\/strong><\/p>\n<p><strong>Colorado Springs, (15 de diciembre de 2021)<\/strong> &#8211; La junta directiva de Pride Soccer se enorgullece de anunciar un compromiso inicial de 20.000 d\u00f3lares para proporcionar un mayor acceso a los deportes juveniles en Colorado Springs. A trav\u00e9s de una asociaci\u00f3n in\u00e9dita con la Fundaci\u00f3n Power of One, Pride Soccer aportar\u00e1 m\u00e1s de 20.000 d\u00f3lares para proporcionar acceso a los j\u00f3venes desfavorecidos de Colorado Springs en 2022.<\/p>\n<p>A partir de enero de 2022, la financiaci\u00f3n proporcionar\u00e1 subvenciones directas a las familias para compensar las tasas, los costes de uniformes y la participaci\u00f3n en campamentos. Pride Soccer tambi\u00e9n proporcionar\u00e1 acceso gratuito a campos y equipos para pr\u00e1cticas, partidos, eventos y recaudaci\u00f3n de fondos, as\u00ed como entrenadores voluntarios para los equipos reci\u00e9n formados. La Fundaci\u00f3n Power of One supervisar\u00e1 la inscripci\u00f3n de nuevos jugadores y se asegurar\u00e1 de que cada participante reciba el apoyo necesario para triunfar tanto dentro como fuera del campo. Todos los participantes se comprometen en proyectos de servicio a la comunidad y de tutor\u00eda entre iguales como parte del programa, y en la escuela secundaria podr\u00e1n optar tambi\u00e9n a recompensas para la matr\u00edcula universitaria.<\/p>\n<p>El Instituto Aspen informa de que los estudiantes activos en el deporte tienen mejores resultados y oportunidades educativas a todos los niveles. El objetivo de la iniciativa es atraer a m\u00e1s de 150 jugadores j\u00f3venes de familias monoparentales y de bajos ingresos al deporte de competici\u00f3n como catalizador de un mayor rendimiento acad\u00e9mico y de la oportunidad de matricularse en la universidad.<\/p>\n<p>Fundada por Mackenzie Morris, la Fundaci\u00f3n Power of One ofrece becas deportivas para j\u00f3venes y recompensas para matr\u00edculas universitarias a familias monoparentales y con rentas bajas.<\/p>\n<p>[\/et_pb_text][et_pb_image src=\u00bbhttps:\/\/pridesoccer.com\/wp-content\/uploads\/2022\/04\/madeline.jpeg\u00bb title_text=\u00bbmadeline\u00bb show_in_lightbox=\u00bbon\u00bb _builder_version=\u00bb4.17.0&#8243; _module_preset=\u00bbdefault\u00bb global_colors_info=\u00bb{}\u00bb][\/et_pb_image][et_pb_text _builder_version=\u00bb4.17.0&#8243; _module_preset=\u00bbdefault\u00bb text_font=\u00bbRubik|300|||||||\u00bb header_2_font=\u00bbAnton||||||||\u00bb header_2_font_size=\u00bb2.55rem\u00bb header_2_letter_spacing=\u00bb0.1em\u00bb header_2_line_height=\u00bb1.2em\u00bb header_3_font=\u00bbTeko|500|||||||\u00bb header_3_text_color=\u00bb#2D2829&#8243; header_3_letter_spacing=\u00bb0.05em\u00bb global_colors_info=\u00bb{}\u00bb]<\/p>\n<p>A trav\u00e9s de POF, Morris atiende actualmente a casi 20 jugadores juveniles en Colorado Springs, habiendo financiado 6.500 d\u00f3lares durante el a\u00f1o pasado para garantizar que todos los ni\u00f1os que quieran jugar al f\u00fatbol tengan esa oportunidad. \u00abTus ingresos o la situaci\u00f3n de tu hogar no deben determinar si puedes practicar deportes juveniles\u00bb, afirma Morris. \u00abEl poder del deporte para transformar la vida de un ni\u00f1o y ofrecerle oportunidades de \u00e9xito despu\u00e9s de la secundaria est\u00e1 demostrado una y otra vez. La participaci\u00f3n en el deporte juvenil fomenta mucho m\u00e1s que mejores atletas, ayuda a construir mejores personas en nuestras comunidades.\u00bb<\/p>\n<p>[\/et_pb_text][et_pb_image src=\u00bbhttps:\/\/pridesoccer.com\/wp-content\/uploads\/2022\/04\/cag-2.jpeg\u00bb title_text=\u00bbcag 2&#8243; show_in_lightbox=\u00bbon\u00bb _builder_version=\u00bb4.17.0&#8243; _module_preset=\u00bbdefault\u00bb global_colors_info=\u00bb{}\u00bb][\/et_pb_image][et_pb_text _builder_version=\u00bb4.17.0&#8243; _module_preset=\u00bbdefault\u00bb text_font=\u00bbRubik|300|||||||\u00bb header_2_font=\u00bbAnton||||||||\u00bb header_2_font_size=\u00bb2.55rem\u00bb header_2_letter_spacing=\u00bb0.1em\u00bb header_2_line_height=\u00bb1.2em\u00bb header_3_font=\u00bbTeko|500|||||||\u00bb header_3_text_color=\u00bb#2D2829&#8243; header_3_letter_spacing=\u00bb0.05em\u00bb global_colors_info=\u00bb{}\u00bb]<\/p>\n<p>Morris no es ajena a las dificultades de su p\u00fablico para llegar a fin de mes. \u00abComo madre soltera, tengo que trabajar duro cada d\u00eda para mantener a mi hija y vivir con un solo sueldo. El deporte juvenil me brind\u00f3 oportunidades que nunca habr\u00eda tenido. Mi misi\u00f3n en este proyecto es seguir ampliando el acceso a las familias que tienen grandes sue\u00f1os para sus hijos. Si puedo ayudar a darles las herramientas y los recursos para que tengan \u00e9xito tanto dentro como fuera del campo, ellos har\u00e1n el resto&#8230; como hice yo\u00bb.<\/p>\n<p>\u00abSe trata de un paso m\u00e1s en nuestro compromiso con la comunidad\u00bb, declar\u00f3 Candace Brooks, fundadora y directora ejecutiva de Pride Soccer. \u00abComo la mayor organizaci\u00f3n de deportes juveniles en la regi\u00f3n de Pikes Peak, tenemos recursos \u00fanicos y la responsabilidad de hacer crecer la participaci\u00f3n en el f\u00fatbol donde m\u00e1s importa. La participaci\u00f3n en deportes juveniles promueve un mayor rendimiento acad\u00e9mico en la escuela secundaria y tambi\u00e9n abre caminos a la educaci\u00f3n universitaria. Creemos que el f\u00fatbol puede ser el veh\u00edculo hacia el \u00e9xito en la vida a largo plazo para los j\u00f3venes de nuestra comunidad.\u00bb<\/p>\n<p>Morris y Brooks tienen una larga historia que se remonta a 1994, cuando una entonces \u00abKenzie\u00bb de cuatro a\u00f1os se inscribi\u00f3 para jugar al f\u00fatbol en el primer equipo de Pride, entrenado por Brooks. Kenzie estuvo en el primer equipo de ni\u00f1os de 4 a\u00f1os que tuve en el 94. Todav\u00eda tengo la foto del equipo y el bal\u00f3n firmado en mi despacho\u00bb. Todav\u00eda tengo la foto del equipo y el bal\u00f3n firmado en mi despacho\u00bb, cuenta Brooks. \u00abEs un momento que cierra el c\u00edrculo para m\u00ed y para Pride Soccer. Ver a uno de nuestros propios jugadores crecer en el programa y ahora comprometerse a devolver a nuestra comunidad es algo dif\u00edcil de expresar con palabras. Ver a los ni\u00f1os volver al club y retribuir a su comunidad me llena el coraz\u00f3n. Por eso hago esto\u00bb.<\/p>\n<p>Si desea m\u00e1s informaci\u00f3n sobre la Fundaci\u00f3n Power of One, o solicitar ayuda financiera, puede visitar su sitio web en <a href=\"http:\/\/www.thepowerofonefoundation.com\">www.thepowerofonefoundation.com,<\/a> o enviar un correo electr\u00f3nico <a href=\"mailto:maito:info@thepowerofonefoundation.com\">a info@thepowerofonefoundation.com.<\/a><\/p>\n<p>Para donar, puede enviar un mensaje de texto con la palabra \u00abdonar\u00bb al 719-745-8892.<\/p>\n<p>[\/et_pb_text][et_pb_text module_id=\u00bbabout\u00bb _builder_version=\u00bb4.17.0&#8243; _module_preset=\u00bbdefault\u00bb text_font=\u00bbRubik|300|||||||\u00bb header_2_font=\u00bbAnton||||||||\u00bb header_2_font_size=\u00bb2.55rem\u00bb header_2_letter_spacing=\u00bb0.1em\u00bb header_2_line_height=\u00bb1.2em\u00bb header_3_font=\u00bbTeko|500|||||||\u00bb header_3_text_color=\u00bb#2D2829&#8243; header_3_letter_spacing=\u00bb0.05em\u00bb global_colors_info=\u00bb{}\u00bb]<\/p>\n<h2>Acerca de Power of One<\/h2>\n<h3>\u00bfQui\u00e9nes somos?<\/h3>\n<p>La Presidenta y fundadora, Mackenzie Morris, es una madre soltera con la misi\u00f3n de ofrecer igualdad de oportunidades a padres como ella, y a familias con bajos ingresos, para que practiquen deporte, alcancen sus objetivos postsecundarios y, de paso, se conviertan en mejores personas.<\/p>\n<h3>\u00bfQu\u00e9 hacemos?<\/h3>\n<p>Utilizamos el deporte como medio para ayudar a forjar el car\u00e1cter y brindar la oportunidad de alcanzar metas. Ofrecemos ayudas econ\u00f3micas para practicar deportes afiliados a clubes. Tenemos 2 becas de f\u00fatbol diferentes que puedes solicitar:<\/p>\n<p><strong>Every Kid Gets A Kick Scholarship<\/strong> (beca de f\u00fatbol para j\u00f3venes de hogares monoparentales). <span style=\"text-decoration: underline;\"><br \/>\n  <a href=\"https:\/\/www.thepowerofonefoundation.com\/apply-now\">Solicitud de beca<\/a><br \/>\n<\/span><br \/><strong>Chance at Gol<\/strong> (programa de f\u00fatbol\/ayuda financiera para j\u00f3venes de familias con bajos ingresos y\/o j\u00f3venes en situaci\u00f3n de riesgo).<\/p>\n<h3>\u00bfPor qu\u00e9 la Fundaci\u00f3n Power of One?<\/h3>\n<p>Ofrecemos 3 objetivos principales en nuestro programa:<\/p>\n<p><strong>Inclusividad-<\/strong> permitir que cualquier jugador tenga un lugar al que pertenecer, ya sea en un equipo o en una organizaci\u00f3n, queremos ofrecerte apoyo en la familia del deporte.<br \/><strong>Igualdad de oportunidades:<\/strong> tomamos el modelo de \u00abpagar para jugar\u00bb y lo cambiamos por el de \u00abjugar todos\u00bb con nuestras becas, que a menudo pagan un gran porcentaje, si no todas, de las tasas asociadas al deporte.<br \/><strong>Posibilidad-<\/strong> ofrecemos recompensas de matr\u00edcula, asistencia de reclutamiento de la universidad para el f\u00fatbol, tutor\u00eda, proyectos de servicio comunitario, v\u00edas de carrera, y estamos decididos a dar las herramientas que su hijo (s) necesita para alcanzar sus metas en la vida.<\/p>\n<h3>Contacto:<\/h3>\n<p>Mackenzie Morris en <a href=\"mailto:mmorris@pridesoccer.com\">mmorris@pridesoccer.com<\/a> OR <a href=\"mailto:info@thepowerofonefoundation.com\">info@thepowerofonefoundation.com<\/a><\/p>\n<p>[\/et_pb_text][et_pb_image src=\u00bbhttps:\/\/pridesoccer.com\/wp-content\/uploads\/2022\/04\/colorado-pof-logo.jpeg\u00bb title_text=\u00bblogotipo del pof de colorado\u00bb show_in_lightbox=\u00bbon\u00bb _builder_version=\u00bb4.17.0&#8243; _module_preset=\u00bbdefault\u00bb width=\u00bb38%\u00bb width_tablet=\u00bb61%\u00bb width_phone=\u00bb61%\u00bb width_last_edited=\u00bbon|phone\u00bb global_colors_info=\u00bb{}\u00bb][\/et_pb_image][\/et_pb_column][et_pb_column type=\u00bb1_4&#8243; admin_label=\u00bbColumna Aparte\u00bb _builder_version=\u00bb4.16.0&#8243; _module_preset=\u00bbdefault\u00bb sticky_limit_bottom=\u00bbrow\u00bb sticky_position_tablet=\u00bbnone\u00bb sticky_position_phone=\u00bbnone\u00bb sticky_position_last_edited=\u00bbon|phone\u00bb global_colors_info=\u00bb{}\u00bb][et_pb_image src=\u00bbhttps:\/\/pridesoccer.com\/wp-content\/uploads\/2022\/04\/power-of-foundation-logo.png\u00bb title_text=\u00bblogotipo del poder de la fundaci\u00f3n\u00bb _builder_version=\u00bb4.17.1&#8243; _module_preset=\u00bbdefault\u00bb global_colors_info=\u00bb{}\u00bb][\/et_pb_image][et_pb_button button_url=\u00bb#poder\u00bb button_text=\u00bbPride Soccer y Power of One\u00bb _builder_version=\u00bb4.17.1&#8243; _module_preset=\u00bbdefault\u00bb hover_enabled=\u00bb0&#8243; global_colors_info=\u00bb{}\u00bb sticky_enabled=\u00bb0&#8243;][\/et_pb_button][et_pb_button button_url=\u00bb#sobre\u00bb button_text=\u00bbAcerca de Power of One\u00bb _builder_version=\u00bb4.17.1&#8243; _module_preset=\u00bbdefault\u00bb custom_margin=\u00bb||19px||false|false\u00bb custom_padding=\u00bb||||false|false\u00bb global_colors_info=\u00bb{}\u00bb][\/et_pb_button][et_pb_button button_url=\u00bbhttps:\/\/www.thepowerofonefoundation.com\/apply-now\u00bb button_text=\u00bbSolicitud de beca\u00bb _builder_version=\u00bb4.17.4&#8243; _module_preset=\u00bbdefault\u00bb custom_margin=\u00bb||19px||false|false\u00bb custom_padding=\u00bb||||false|false\u00bb global_colors_info=\u00bb{}\u00bb][\/et_pb_button][\/et_pb_column][\/et_pb_row][\/et_pb_section]<\/p>\n","protected":false},"excerpt":{"rendered":"<p>El poder de una fundaci\u00f3nPride Soccer y Power Of One Pride Soccer y Power of One lanzan una iniciativa para ampliar el acceso de los ni\u00f1os de Colorado Springs a los deportes juveniles con un compromiso de 20.000 d\u00f3lares. Colorado Springs, (15 de diciembre de 2021) &#8211; La junta directiva de Pride Soccer se enorgullece [&hellip;]<\/p>\n","protected":false},"author":8,"featured_media":109166,"parent":109871,"menu_order":0,"comment_status":"closed","ping_status":"closed","template":"","meta":{"_seopress_robots_primary_cat":"","_seopress_titles_title":"Fundaci\u00f3n Power Of One - Club de f\u00fatbol - Pride Soccer","_seopress_titles_desc":"La junta directiva de Pride Soccer se enorgullece de anunciar un compromiso de 20.000 d\u00f3lares para proporcionar un mayor acceso a los deportes juveniles en Colorado Springs. A trav\u00e9s de una asociaci\u00f3n in\u00e9dita con la Fundaci\u00f3n Power of One, Pride Soccer proporcionar\u00e1 acceso a los j\u00f3venes desfavorecidos de Colorado Springs en 2022.","_seopress_robots_index":"","_et_pb_use_builder":"on","_et_pb_old_content":"","_et_gb_content_width":"","footnotes":""},"dipi_cpt_category":[],"wf_page_folders":[37],"class_list":["post-109523","page","type-page","status-publish","has-post-thumbnail","hentry"],"_links":{"self":[{"href":"https:\/\/pridesoccer.com\/es\/wp-json\/wp\/v2\/pages\/109523","targetHints":{"allow":["GET"]}}],"collection":[{"href":"https:\/\/pridesoccer.com\/es\/wp-json\/wp\/v2\/pages"}],"about":[{"href":"https:\/\/pridesoccer.com\/es\/wp-json\/wp\/v2\/types\/page"}],"author":[{"embeddable":true,"href":"https:\/\/pridesoccer.com\/es\/wp-json\/wp\/v2\/users\/8"}],"replies":[{"embeddable":true,"href":"https:\/\/pridesoccer.com\/es\/wp-json\/wp\/v2\/comments?post=109523"}],"version-history":[{"count":0,"href":"https:\/\/pridesoccer.com\/es\/wp-json\/wp\/v2\/pages\/109523\/revisions"}],"up":[{"embeddable":true,"href":"https:\/\/pridesoccer.com\/es\/wp-json\/wp\/v2\/pages\/109871"}],"wp:featuredmedia":[{"embeddable":true,"href":"https:\/\/pridesoccer.com\/es\/wp-json\/wp\/v2\/media\/109166"}],"wp:attachment":[{"href":"https:\/\/pridesoccer.com\/es\/wp-json\/wp\/v2\/media?parent=109523"}],"wp:term":[{"taxonomy":"dipi_cpt_category","embeddable":true,"href":"https:\/\/pridesoccer.com\/es\/wp-json\/wp\/v2\/dipi_cpt_category?post=109523"},{"taxonomy":"wf_page_folders","embeddable":true,"href":"https:\/\/pridesoccer.com\/es\/wp-json\/wp\/v2\/wf_page_folders?post=109523"}],"curies":[{"name":"wp","href":"https:\/\/api.w.org\/{rel}","templated":true}]}}