{"id":109524,"date":"2022-04-04T09:23:39","date_gmt":"2022-04-04T15:23:39","guid":{"rendered":"https:\/\/pridesoccer.com\/pruebas\/"},"modified":"2023-03-13T09:16:54","modified_gmt":"2023-03-13T15:16:54","slug":"pruebas","status":"publish","type":"page","link":"https:\/\/pridesoccer.com\/es\/pruebas\/","title":{"rendered":"Pruebas"},"content":{"rendered":"<p>[et_pb_section fb_built=\u00bb1&#8243; admin_label=\u00bbHero\u00bb _builder_version=\u00bb4.17.0&#8243; _dynamic_attributes=\u00bbbackground_image\u00bb _module_preset=\u00bbdefault\u00bb background_color=\u00bb#000000&#8243; use_background_color_gradient=\u00bbon\u00bb background_color_gradient_type=\u00bbcircular\u00bb background_color_gradient_stops=\u00bbrgba(45,40,41,0.7) 0%|rgba(45,40,41,0) 93%\u00bb background_color_gradient_overlays_image=\u00bbon\u00bb background_image=\u00bb@ET-DC@eyJkeW5hbWljIjp0cnVlLCJjb250ZW50IjoicG9zdF9mZWF0dXJlZF9pbWFnZSIsInNldHRpbmdzIjp7fX0=@\u00bb background_position=\u00bbbottom_center\u00bb height=\u00bb30rem\u00bb height_tablet=\u00bb24rem\u00bb height_phone=\u00bb21rem\u00bb height_last_edited=\u00bbon|phone\u00bb custom_padding=\u00bb7%||7%||true|false\u00bb custom_css_main_element=\u00bbdisplay: flex;||align-content: center;||justify-content: center;||align-items: center;\u00bb global_colors_info=\u00bb{}\u00bb][et_pb_row _builder_version=\u00bb4.16&#8243; _module_preset=\u00bbdefault\u00bb custom_margin=\u00bbauto||auto||false|false\u00bb global_colors_info=\u00bb{}\u00bb][et_pb_column type=\u00bb4_4&#8243; _builder_version=\u00bb4.16&#8243; _module_preset=\u00bbdefault\u00bb global_colors_info=\u00bb{}\u00bb][et_pb_text admin_label=\u00bbTitle H1&#8243; _builder_version=\u00bb4.16.0&#8243; _module_preset=\u00bbdefault\u00bb text_font=\u00bb|300|||||||\u00bb header_font=\u00bbAnton||||||||\u00bb header_text_color=\u00bb#FFFFFF\u00bb header_font_size=\u00bb4.5rem\u00bb header_2_font_size=\u00bb2.55rem\u00bb header_2_letter_spacing=\u00bb-0.01em\u00bb header_2_line_height=\u00bb1.26em\u00bb module_alignment=\u00bbcenter\u00bb custom_margin=\u00bb||0px||false|false\u00bb custom_padding=\u00bb||0px||false|false\u00bb header_font_size_tablet=\u00bb3.5rem\u00bb header_font_size_phone=\u00bb2.5rem\u00bb header_font_size_last_edited=\u00bbon|phone\u00bb global_colors_info=\u00bb{}\u00bb]<\/p>\n<h1 style=\"text-align: center;\">Calendario de pruebas 2023<\/h1>\n<p>[\/et_pb_text][\/et_pb_column][\/et_pb_row][\/et_pb_section][et_pb_section fb_built=\u00bb1&#8243; _builder_version=\u00bb4.17.4&#8243; _module_preset=\u00bbdefault\u00bb global_colors_info=\u00bb{}\u00bb][et_pb_row _builder_version=\u00bb4.17.4&#8243; _module_preset=\u00bbdefault\u00bb custom_padding=\u00bb|||21px||\u00bb global_colors_info=\u00bb{}\u00bb][et_pb_column type=\u00bb4_4&#8243; _builder_version=\u00bb4.17.4&#8243; _module_preset=\u00bbdefault\u00bb global_colors_info=\u00bb{}\u00bb][et_pb_text module_id=\u00bbtryout-b\u00bb _builder_version=\u00bb4.20.2&#8243; _module_preset=\u00bbdefault\u00bb text_font=\u00bbRubik|300|||||||\u00bb header_2_font=\u00bbAnton||||||||\u00bb header_2_font_size=\u00bb2.55rem\u00bb header_2_letter_spacing=\u00bb0.1em\u00bb header_2_line_height=\u00bb1.2em\u00bb header_3_font=\u00bbTeko|500|||||||\u00bb header_3_text_color=\u00bb#2D2829&#8243; header_3_letter_spacing=\u00bb0.05em\u00bb hover_enabled=\u00bb0&#8243; global_colors_info=\u00bb{}\u00bb sticky_enabled=\u00bb0&#8243;]<\/p>\n<h2><span style=\"color: #b20d35;\">Competici\u00f3n y ECNL Pruebas U11-U19<\/span><\/h2>\n<p>(Sub11 2013 &#8211; Sub19 2005 A\u00f1os de nacimiento)<\/p>\n<p>[\/et_pb_text][et_pb_text module_id=\u00bbparent\u00bb _builder_version=\u00bb4.17.0&#8243; _module_preset=\u00bbdefault\u00bb text_font=\u00bbRubik|300|||||||\u00bb header_2_font=\u00bbAnton||||||||\u00bb header_2_font_size=\u00bb2.55rem\u00bb header_2_letter_spacing=\u00bb0.1em\u00bb header_2_line_height=\u00bb1.2em\u00bb header_3_font=\u00bbTeko|500|||||||\u00bb header_3_text_color=\u00bb#2D2829&#8243; header_3_letter_spacing=\u00bb0.05em\u00bb custom_padding=\u00bb|0px||||\u00bb global_colors_info=\u00bb{}\u00bb]<\/p>\n<p>A continuaci\u00f3n encontrar\u00e1 el calendario para las pruebas y la colocaci\u00f3n de jugadores en nuestros programas de competici\u00f3n. Tenga en cuenta que las fechas y horarios est\u00e1n sujetos a cambios. Todas las fechas y detalles se anunciar\u00e1n y publicar\u00e1n cuando se acerque la fecha. Es necesario inscribirse para participar en las pruebas y se puede acceder a trav\u00e9s de su cuenta Pride. \u00bfEres nuevo en Pride? No hay problema. Llame al (719) 597-6700 para m\u00e1s detalles.<\/p>\n<p>[\/et_pb_text][et_pb_button button_url=\u00bbhttps:\/\/login.stacksports.com\/login?client_id=612b0399b1854a002e427f78&amp;redirect_uri=https:\/\/core-api.bluesombrero.com\/login\/redirect\/portal\/822&amp;app_name=Pride+Soccer+Club&amp;portalid=822&amp;instancekey=clubs\u00bb url_new_window=\u00bbon\u00bb button_text=\u00bbReg\u00edstrese ahora\u00bb button_alignment=\u00bbleft\u00bb _builder_version=\u00bb4.17.3&#8243; _module_preset=\u00bbdefault\u00bb global_colors_info=\u00bb{}\u00bb][\/et_pb_button][et_pb_button button_url=\u00bbhttps:\/\/login.stacksports.com\/login?client_id=612b0399b1854a002e427f78&amp;redirect_uri=https:\/\/core-api.bluesombrero.com\/login\/redirect\/portal\/822&amp;app_name=Pride+Soccer+Club&amp;portalid=822&amp;instancekey=clubs\u00bb url_new_window=\u00bbon\u00bb button_text=\u00bbReg\u00edstrese ahora\u00bb button_alignment=\u00bbleft\u00bb _builder_version=\u00bb4.17.3&#8243; _module_preset=\u00bbdefault\u00bb global_colors_info=\u00bb{}\u00bb][\/et_pb_button][et_pb_text disabled_on=\u00bbon|on|on\u00bb module_id=\u00bbparent\u00bb _builder_version=\u00bb4.17.4&#8243; _module_preset=\u00bbdefault\u00bb text_font=\u00bbRubik|300|||||||\u00bb header_2_font=\u00bbAnton||||||||\u00bb header_2_font_size=\u00bb2.55rem\u00bb header_2_letter_spacing=\u00bb0.1em\u00bb header_2_line_height=\u00bb1.2em\u00bb header_3_font=\u00bbTeko|500|||||||\u00bb header_3_text_color=\u00bb#2D2829&#8243; header_3_letter_spacing=\u00bb0.05em\u00bb custom_padding=\u00bb|0px||||\u00bb disabled=\u00bbon\u00bb global_colors_info=\u00bb{}\u00bb]<\/p>\n<p>&nbsp;<\/p>\n<h2>Reuniones informativas para padres:<\/h2>\n<p>[\/et_pb_text][et_pb_accordion disabled_on=\u00bbon|on|on\u00bb _builder_version=\u00bb4.17.4&#8243; _module_preset=\u00bbdefault\u00bb disabled=\u00bbon\u00bb global_colors_info=\u00bb{}\u00bb][et_pb_accordion_item title=\u00bbEn blanco &#8211; no cambiar\u00bb open=\u00bbon\u00bb _builder_version=\u00bb4.17.0&#8243; _module_preset=\u00bbdefault\u00bb custom_css_main_element=\u00bbdisplay:none;\u00bb global_colors_info=\u00bb{}\u00bb][\/et_pb_accordion_item][et_pb_accordion_item title=\u00bbReuniones informativas para padres\u00bb _builder_version=\u00bb4.17.0&#8243; _module_preset=\u00bbdefault\u00bb body_font=\u00bb|300|||||||\u00bb global_colors_info=\u00bb{}\u00bb open=\u00bboff\u00bb]<\/p>\n<p>Las reuniones tendr\u00e1n lugar en Scheels Sports:  <br \/>1226 Interquest Parkway, CO Springs, CO 80921<\/p>\n<p><strong> <\/strong><\/p>\n<ul>\n<li><strong>Reuni\u00f3n informativa para padres de la Junior Academy &#8211;<\/strong> Lunes, 9 de mayo, 20.00 horas<\/li>\n<li><strong>Reuni\u00f3n informativa para padres sobre el programa competitivo &#8211; <\/strong>Martes 10 de mayo, 20.00 horas<\/li>\n<li><strong>Reuni\u00f3n informativa para padres de ECNL Girls &#8211; <\/strong>Martes 3 de mayo, 20.00 horas<\/li>\n<li><strong>Reuni\u00f3n informativa para padres de ECNL Boys &#8211; <\/strong>Lunes 23 de mayo, 19.00 horas<strong><br \/><\/strong><\/li>\n<\/ul>\n<p>[\/et_pb_accordion_item][\/et_pb_accordion][et_pb_text module_id=\u00bbtryout-a\u00bb _builder_version=\u00bb4.17.0&#8243; _module_preset=\u00bbdefault\u00bb text_font=\u00bbRubik|300|||||||\u00bb header_2_font=\u00bbAnton||||||||\u00bb header_2_font_size=\u00bb2.55rem\u00bb header_2_letter_spacing=\u00bb0.1em\u00bb header_2_line_height=\u00bb1.2em\u00bb header_3_font=\u00bbTeko|500|||||||\u00bb header_3_text_color=\u00bb#2D2829&#8243; header_3_letter_spacing=\u00bb0.05em\u00bb custom_padding=\u00bb||0px|||\u00bb global_colors_info=\u00bb{}\u00bb]<\/p>\n<h2><\/h2>\n<p>&nbsp;<\/p>\n<p>[\/et_pb_text][et_pb_text disabled_on=\u00bbon|on|on\u00bb module_id=\u00bbtryout-a\u00bb _builder_version=\u00bb4.17.4&#8243; _module_preset=\u00bbdefault\u00bb text_font=\u00bbRubik|300|||||||\u00bb header_2_font=\u00bbAnton||||||||\u00bb header_2_font_size=\u00bb2.55rem\u00bb header_2_letter_spacing=\u00bb0.1em\u00bb header_2_line_height=\u00bb1.2em\u00bb header_3_font=\u00bbTeko|500|||||||\u00bb header_3_text_color=\u00bb#2D2829&#8243; header_3_letter_spacing=\u00bb0.05em\u00bb custom_margin=\u00bb-20px|||||\u00bb disabled=\u00bbon\u00bb global_colors_info=\u00bb{}\u00bb]<\/p>\n<h2><span style=\"color: #b20d35;\">Junior Academy Colocaciones de jugadores U9-U10<\/span><\/h2>\n<p>(Sub9 2015\/16 y Sub10 2014 A\u00f1os de Nacimiento)<br \/>Todas las Colocaciones de Jugadores de la Academia Junior tendr\u00e1n lugar en el Complejo Pride<br \/>8700 E Woodmen Rd, Colorado Springs<\/p>\n<p>[\/et_pb_text][et_pb_accordion disabled_on=\u00bbon|on|on\u00bb _builder_version=\u00bb4.17.4&#8243; _module_preset=\u00bbdefault\u00bb body_font=\u00bb|300|||||||\u00bb disabled=\u00bbon\u00bb global_colors_info=\u00bb{}\u00bb][et_pb_accordion_item title=\u00bbEn blanco &#8211; no cambiar\u00bb open=\u00bbon\u00bb _builder_version=\u00bb4.17.0&#8243; _module_preset=\u00bbdefault\u00bb custom_css_main_element=\u00bbdisplay:none;\u00bb global_colors_info=\u00bb{}\u00bb][\/et_pb_accordion_item][et_pb_accordion_item title=\u00bbCitas con chicas\u00bb _builder_version=\u00bb4.17.0&#8243; _module_preset=\u00bbdefault\u00bb global_colors_info=\u00bb{}\u00bb open=\u00bboff\u00bb]<\/p>\n<p>2014\/15 A\u00f1os de nacimiento: Lunes 23 de mayo y mi\u00e9rcoles 25 de mayo, 17:00-18:15<br \/>A\u00f1o de nacimiento 2013: Lunes 23 de mayo y mi\u00e9rcoles 25 de mayo, 18:30-19:45<\/p>\n<p>[\/et_pb_accordion_item][et_pb_accordion_item title=\u00bbFechas de los chicos\u00bb _builder_version=\u00bb4.17.0&#8243; _module_preset=\u00bbdefault\u00bb global_colors_info=\u00bb{}\u00bb open=\u00bboff\u00bb]<\/p>\n<p>2014\/15 A\u00f1os de nacimiento: Lunes 23 de mayo y mi\u00e9rcoles 25 de mayo, 17:00-18:15<br \/>A\u00f1o de nacimiento 2013: Lunes 23 de mayo y mi\u00e9rcoles 25 de mayo, de 18:30 a 19:45 h.<\/p>\n<p>[\/et_pb_accordion_item][\/et_pb_accordion][et_pb_button button_url=\u00bbhttps:\/\/login.stacksports.com\/login?client_id=612b0399b1854a002e427f78&amp;redirect_uri=https:\/\/core-api.bluesombrero.com\/login\/redirect\/portal\/822&amp;app_name=Pride+Soccer+Club&amp;portalid=822&amp;instancekey=clubs\u00bb url_new_window=\u00bbon\u00bb button_text=\u00bbReg\u00edstrese ahora\u00bb button_alignment=\u00bbleft\u00bb disabled_on=\u00bbon|on|on\u00bb _builder_version=\u00bb4.17.4&#8243; _module_preset=\u00bbdefault\u00bb custom_margin=\u00bb||0px||false|false\u00bb custom_padding=\u00bb||0px||false|false\u00bb disabled=\u00bbon\u00bb global_colors_info=\u00bb{}\u00bb][\/et_pb_button][et_pb_text module_id=\u00bbtryout-a\u00bb _builder_version=\u00bb4.17.0&#8243; _module_preset=\u00bbdefault\u00bb text_font=\u00bbRubik|300|||||||\u00bb header_2_font=\u00bbAnton||||||||\u00bb header_2_font_size=\u00bb2.55rem\u00bb header_2_letter_spacing=\u00bb0.1em\u00bb header_2_line_height=\u00bb1.2em\u00bb header_3_font=\u00bbTeko|500|||||||\u00bb header_3_text_color=\u00bb#2D2829&#8243; header_3_letter_spacing=\u00bb0.05em\u00bb custom_padding=\u00bb||0px|||\u00bb global_colors_info=\u00bb{}\u00bb]<\/p>\n<h2><\/h2>\n<p>&nbsp;<\/p>\n<p>[\/et_pb_text][et_pb_accordion disabled_on=\u00bbon|on|on\u00bb _builder_version=\u00bb4.17.4&#8243; _module_preset=\u00bbdefault\u00bb disabled=\u00bbon\u00bb global_colors_info=\u00bb{}\u00bb][et_pb_accordion_item title=\u00bbEn blanco &#8211; no cambiar\u00bb open=\u00bbon\u00bb _builder_version=\u00bb4.17.0&#8243; _module_preset=\u00bbdefault\u00bb custom_css_main_element=\u00bbdisplay:none;\u00bb global_colors_info=\u00bb{}\u00bb][\/et_pb_accordion_item][et_pb_accordion_item title=\u00bbFechas de la competici\u00f3n femenina\u00bb _builder_version=\u00bb4.17.0&#8243; _module_preset=\u00bbdefault\u00bb global_colors_info=\u00bb{}\u00bb open=\u00bboff\u00bb]<\/p>\n<p><strong>2012-2004 A\u00f1os de nacimiento<\/strong><\/p>\n<p>Martes 31 de mayo-jueves 2 de junio @ El Pomar (Horarios por determinar)<\/p>\n<p>[\/et_pb_accordion_item][et_pb_accordion_item title=\u00bbFechas de la ECNL femenina\u00bb _builder_version=\u00bb4.17.0&#8243; _module_preset=\u00bbdefault\u00bb global_colors_info=\u00bb{}\u00bb open=\u00bboff\u00bb]<\/p>\n<p><strong>2010-2004\/5 A\u00f1os de nacimiento<\/strong><\/p>\n<p>16-20 de mayo @ Complejo Pride<\/p>\n<p><strong>16 y 17 de mayo<\/strong><br \/>2010 &#8211; 17.00-18.30 h<br \/>2009 &#8211; 18.30-20.00 h<br \/>2008 &#8211; 17.00-18.30 h<br \/>2006 &#8211; 17.00-18.30 h<\/p>\n<p><strong>18 y 19 de mayo<\/strong><br \/>2007 &#8211; 17.00-18.30 h<br \/>2005\/04 &#8211; 18.30-20.00 h<\/p>\n<p><strong>20 de mayo<\/strong><br \/>*D\u00eda de maquillaje si es necesario<\/p>\n<p>[\/et_pb_accordion_item][et_pb_accordion_item title=\u00bbFechas de competici\u00f3n masculina y ECNL\u00bb _builder_version=\u00bb4.17.0&#8243; _module_preset=\u00bbdefault\u00bb global_colors_info=\u00bb{}\u00bb open=\u00bboff\u00bb]<\/p>\n<p>2012-2009 A\u00f1os de nacimiento: Martes 31 de mayo, mi\u00e9rcoles 1 de junio y jueves 2 de junio @ Pride Complex<br \/>Sub11 2012 &amp; Sub14 2009 &#8211; 16:30 &#8211; 18:00<br \/>Sub12 2011 &amp; Sub13 2010 &#8211; 18:30 &#8211; 20:00<\/p>\n<p><strong>Alumnos de secundaria: <\/strong><strong>2008-2004 A\u00f1os de nacimiento: <\/strong> <br \/><strong>S\u00e1bado 4 y domingo 5 de junio @ Pride Complex<\/strong><\/p>\n<p><strong>S\u00e1bado 4 de junio<\/strong><br \/>2008 &#8211; de 8.00 a 9.30 horas<br \/>2007 &#8211; 10:00h &#8211; 11:30h<br \/>2006 &#8211; 12:00pm &#8211; 1:30pm<br \/>2005\/04 &#8211; 14:00 &#8211; 15:30<\/p>\n<p><strong>Domingo 5 de junio  <\/strong><br \/>2008 &#8211; de 8.00 a 9.30 horas<br \/>2007 &#8211; 10:00h &#8211; 11:30h<br \/>2006 &#8211; 12:00pm &#8211; 1:30pm<br \/>2005\/04 &#8211; 14:00 &#8211; 15:30<\/p>\n<p>[\/et_pb_accordion_item][\/et_pb_accordion][\/et_pb_column][\/et_pb_row][\/et_pb_section]<\/p>\n","protected":false},"excerpt":{"rendered":"<p>Calendario de pruebas 2023Competici\u00f3n y ECNL Pruebas U11-U19 (Sub11 2013 &#8211; Sub19 2005 A\u00f1os de nacimiento)A continuaci\u00f3n encontrar\u00e1 el calendario para las pruebas y la colocaci\u00f3n de jugadores en nuestros programas de competici\u00f3n. Tenga en cuenta que las fechas y horarios est\u00e1n sujetos a cambios. Todas las fechas y detalles se anunciar\u00e1n y publicar\u00e1n cuando [&hellip;]<\/p>\n","protected":false},"author":8,"featured_media":109162,"parent":0,"menu_order":0,"comment_status":"closed","ping_status":"closed","template":"","meta":{"_seopress_robots_primary_cat":"","_seopress_titles_title":"Pruebas de f\u00fatbol - Club de f\u00fatbol - Colorado Springs","_seopress_titles_desc":"Pride Soccer requiere pruebas para sus equipos de f\u00fatbol de competici\u00f3n. Todas las pruebas de la Academia Junior tendr\u00e1n lugar en el Pride Complex de Colorado Springs, CO.  ","_seopress_robots_index":"","_et_pb_use_builder":"on","_et_pb_old_content":"","_et_gb_content_width":"","footnotes":""},"dipi_cpt_category":[],"wf_page_folders":[40],"class_list":["post-109524","page","type-page","status-publish","has-post-thumbnail","hentry"],"_links":{"self":[{"href":"https:\/\/pridesoccer.com\/es\/wp-json\/wp\/v2\/pages\/109524","targetHints":{"allow":["GET"]}}],"collection":[{"href":"https:\/\/pridesoccer.com\/es\/wp-json\/wp\/v2\/pages"}],"about":[{"href":"https:\/\/pridesoccer.com\/es\/wp-json\/wp\/v2\/types\/page"}],"author":[{"embeddable":true,"href":"https:\/\/pridesoccer.com\/es\/wp-json\/wp\/v2\/users\/8"}],"replies":[{"embeddable":true,"href":"https:\/\/pridesoccer.com\/es\/wp-json\/wp\/v2\/comments?post=109524"}],"version-history":[{"count":0,"href":"https:\/\/pridesoccer.com\/es\/wp-json\/wp\/v2\/pages\/109524\/revisions"}],"wp:featuredmedia":[{"embeddable":true,"href":"https:\/\/pridesoccer.com\/es\/wp-json\/wp\/v2\/media\/109162"}],"wp:attachment":[{"href":"https:\/\/pridesoccer.com\/es\/wp-json\/wp\/v2\/media?parent=109524"}],"wp:term":[{"taxonomy":"dipi_cpt_category","embeddable":true,"href":"https:\/\/pridesoccer.com\/es\/wp-json\/wp\/v2\/dipi_cpt_category?post=109524"},{"taxonomy":"wf_page_folders","embeddable":true,"href":"https:\/\/pridesoccer.com\/es\/wp-json\/wp\/v2\/wf_page_folders?post=109524"}],"curies":[{"name":"wp","href":"https:\/\/api.w.org\/{rel}","templated":true}]}}