{"id":109539,"date":"2022-04-12T17:05:07","date_gmt":"2022-04-12T23:05:07","guid":{"rendered":"https:\/\/pridesoccer.com\/asociacion-de-padres-futbolistas\/"},"modified":"2023-02-09T12:55:56","modified_gmt":"2023-02-09T19:55:56","slug":"asociacion-de-padres-futbolistas","status":"publish","type":"page","link":"https:\/\/pridesoccer.com\/es\/recursos\/asociacion-de-padres-futbolistas\/","title":{"rendered":"Asociaci\u00f3n de Padres Futbolistas"},"content":{"rendered":"<p>[et_pb_section fb_built=\u00bb1&#8243; custom_padding_last_edited=\u00bbon|phone\u00bb admin_label=\u00bbHero\u00bb _builder_version=\u00bb4.17.1&#8243; _module_preset=\u00bbdefault\u00bb background_color=\u00bb#000000&#8243; use_background_color_gradient=\u00bbon\u00bb background_color_gradient_type=\u00bbcircular\u00bb background_color_gradient_stops=\u00bbrgba(45,40,41,0.7) 0%|rgba(45,40,41,0) 93%\u00bb background_color_gradient_overlays_image=\u00bbon\u00bb background_image=\u00bbhttps:\/\/pridesoccer.com\/wp-content\/uploads\/2022\/04\/program-learning-comes-bg-o.jpeg\u00bb height=\u00bb30rem\u00bb height_tablet=\u00bb24rem\u00bb height_phone=\u00bb21rem\u00bb height_last_edited=\u00bbon|phone\u00bb custom_padding=\u00bb7%||7%||true|false\u00bb custom_padding_tablet=\u00bb7%||7%||true|false\u00bb custom_padding_phone=\u00bb7%||7%||true|false\u00bb background_last_edited=\u00bbon|desktop\u00bb custom_css_main_element=\u00bbdisplay: flex;||align-content: center;||justify-content: center;||align-items: center;\u00bb global_colors_info=\u00bb{}\u00bb][et_pb_row _builder_version=\u00bb4.16&#8243; _module_preset=\u00bbdefault\u00bb custom_margin=\u00bbauto||auto||false|false\u00bb global_colors_info=\u00bb{}\u00bb][et_pb_column type=\u00bb4_4&#8243; _builder_version=\u00bb4.16&#8243; _module_preset=\u00bbdefault\u00bb global_colors_info=\u00bb{}\u00bb][et_pb_text admin_label=\u00bbTitle H1&#8243; _builder_version=\u00bb4.17.0&#8243; _module_preset=\u00bbdefault\u00bb text_font=\u00bb|300|||||||\u00bb header_font=\u00bbAnton||||||||\u00bb header_text_color=\u00bb#FFFFFF\u00bb header_font_size=\u00bb4.5rem\u00bb header_2_font_size=\u00bb2.55rem\u00bb header_2_letter_spacing=\u00bb-0.01em\u00bb header_2_line_height=\u00bb1.26em\u00bb module_alignment=\u00bbcenter\u00bb custom_margin=\u00bb||0px||false|false\u00bb custom_padding=\u00bb||0px||false|false\u00bb header_font_size_tablet=\u00bb3.5rem\u00bb header_font_size_phone=\u00bb2.5rem\u00bb header_font_size_last_edited=\u00bbon|phone\u00bb global_colors_info=\u00bb{}\u00bb]<\/p>\n<h1 style=\"text-align: center;\">Asociaci\u00f3n de Padres Futbolistas<\/h1>\n<p>[\/et_pb_text][\/et_pb_column][\/et_pb_row][\/et_pb_section][et_pb_section fb_built=\u00bb1&#8243; admin_label=\u00bbMain Page Content Section\u00bb _builder_version=\u00bb4.16.0&#8243; _module_preset=\u00bbdefault\u00bb global_colors_info=\u00bb{}\u00bb][et_pb_row use_custom_gutter=\u00bbon\u00bb make_equal=\u00bbon\u00bb _builder_version=\u00bb4.17.3&#8243; _module_preset=\u00bbdefault\u00bb global_colors_info=\u00bb{}\u00bb custom_css_main_element_last_edited=\u00bbon|tablet\u00bb custom_css_main_element_tablet=\u00bbdisplay: flex;||flex-direction: column-reverse;||\u00bb custom_css_main_element_phone=\u00bbdisplay: flex;||flex-direction: column-reverse;||\u00bb][et_pb_column type=\u00bb4_4&#8243; admin_label=\u00bbColumna principal\u00bb _builder_version=\u00bb4.16.0&#8243; _module_preset=\u00bbdefault\u00bb global_colors_info=\u00bb{}\u00bb][et_pb_text module_id=\u00bbinspiring\u00bb _builder_version=\u00bb4.17.0&#8243; _module_preset=\u00bbdefault\u00bb text_font=\u00bbRubik|300|||||||\u00bb header_2_font=\u00bbAnton||||||||\u00bb header_2_font_size=\u00bb2.55rem\u00bb header_2_letter_spacing=\u00bb0.1em\u00bb header_2_line_height=\u00bb1.2em\u00bb header_3_font=\u00bbTeko|500|||||||\u00bb header_3_text_color=\u00bb#2D2829&#8243; header_3_letter_spacing=\u00bb0.05em\u00bb global_colors_info=\u00bb{}\u00bb]<\/p>\n<h2>Inspirar a los jugadores capacitando a los padres<\/h2>\n<p>[\/et_pb_text][et_pb_image src=\u00bbhttps:\/\/pridesoccer.com\/wp-content\/uploads\/2022\/04\/soccer-parenting-association.jpeg\u00bb title_text=\u00bbasociaci\u00f3n de padres futbolistas\u00bb _builder_version=\u00bb4.17.6&#8243; _module_preset=\u00bbdefault\u00bb hover_enabled=\u00bb0&#8243; global_colors_info=\u00bb{}\u00bb url=\u00bbhttps:\/\/soccerparentresourcecenter.com\/register\/club-membership\/pride\/\u00bb url_new_window=\u00bbon\u00bb sticky_enabled=\u00bb0&#8243;][\/et_pb_image][et_pb_text _builder_version=\u00bb4.17.6&#8243; _module_preset=\u00bbdefault\u00bb text_font=\u00bbRubik|300|||||||\u00bb header_2_font=\u00bbAnton||||||||\u00bb header_2_font_size=\u00bb2.55rem\u00bb header_2_letter_spacing=\u00bb0.1em\u00bb header_2_line_height=\u00bb1.2em\u00bb header_3_font=\u00bbTeko|500|||||||\u00bb header_3_text_color=\u00bb#2D2829&#8243; header_3_letter_spacing=\u00bb0.05em\u00bb hover_enabled=\u00bb0&#8243; global_colors_info=\u00bb{}\u00bb link_option_url_new_window=\u00bbon\u00bb sticky_enabled=\u00bb0&#8243;]<\/p>\n<p>El Pride Soccer Club est\u00e1 encantado de colaborar con la Soccer Parenting Association y su fundadora, Skye Eddy Bruce. Los recursos que pone a nuestra disposici\u00f3n la Soccer Parenting Association nos permiten seguir desarrollando nuestra cultura de club y mejorar el entorno para nuestros j\u00f3venes jugadores, as\u00ed como para entrenadores y espectadores. Ir al <span style=\"text-decoration: underline;\"><br \/>\n  <a href=\"https:\/\/soccerparentresourcecenter.com\/register\/club-membership\/pride\/\">Centro de recursos para padres de f\u00fatbol<\/a><br \/>\n<\/span> para ver art\u00edculos y otros contenidos de forma gratuita desde que formas parte de Pride Soccer.<\/p>\n<p>Skye es la fundadora de la Soccer Parenting Association (Asociaci\u00f3n de Padres Futbolistas), cuya misi\u00f3n es inspirar a los jugadores potenciando a los padres. Skye es una conferenciante muy solicitada por padres, entrenadores, clubes y jugadores. Ex jugadora profesional, Skye fue portera universitaria y juvenil All-American, MVP defensiva de la Final Four (1993) y campeona estatal de atletismo. Skye ha entrenado extensamente en los juegos juveniles y universitarios. Licenciada en Administraci\u00f3n de Empresas por la Universidad de Richmond, Skye ha obtenido la licencia \u00abB\u00bb de la USSF, la licencia nacional de portero de la USSF y es una reputada formadora de entrenadores.<\/p>\n<p><span style=\"text-decoration: underline;\"><a href=\"https:\/\/soccerparentresourcecenter.com\/register\/club-membership\/pride\/\">Centro de Recursos para Padres de Futbolistas<\/a><\/span><\/p>\n<p>[\/et_pb_text][\/et_pb_column][\/et_pb_row][\/et_pb_section]<\/p>\n","protected":false},"excerpt":{"rendered":"<p>Asociaci\u00f3n de Padres FutbolistasInspirar a los jugadores capacitando a los padresEl Pride Soccer Club est\u00e1 encantado de colaborar con la Soccer Parenting Association y su fundadora, Skye Eddy Bruce. Los recursos que pone a nuestra disposici\u00f3n la Soccer Parenting Association nos permiten seguir desarrollando nuestra cultura de club y mejorar el entorno para nuestros j\u00f3venes [&hellip;]<\/p>\n","protected":false},"author":8,"featured_media":109171,"parent":109747,"menu_order":0,"comment_status":"closed","ping_status":"closed","template":"","meta":{"_seopress_robots_primary_cat":"","_seopress_titles_title":"Asociaci\u00f3n de Padres de F\u00fatbol - Club de F\u00fatbol - Pride Soccer","_seopress_titles_desc":"El Pride Soccer Club est\u00e1 encantado de colaborar con la Soccer Parenting Association y su fundadora, Skye Eddy Bruce. Los recursos nos permiten seguir desarrollando nuestra cultura de club y mejorar el entorno para nuestros j\u00f3venes jugadores, as\u00ed como para entrenadores y espectadores.","_seopress_robots_index":"","_et_pb_use_builder":"on","_et_pb_old_content":"","_et_gb_content_width":"","footnotes":""},"dipi_cpt_category":[],"wf_page_folders":[42],"class_list":["post-109539","page","type-page","status-publish","has-post-thumbnail","hentry"],"_links":{"self":[{"href":"https:\/\/pridesoccer.com\/es\/wp-json\/wp\/v2\/pages\/109539","targetHints":{"allow":["GET"]}}],"collection":[{"href":"https:\/\/pridesoccer.com\/es\/wp-json\/wp\/v2\/pages"}],"about":[{"href":"https:\/\/pridesoccer.com\/es\/wp-json\/wp\/v2\/types\/page"}],"author":[{"embeddable":true,"href":"https:\/\/pridesoccer.com\/es\/wp-json\/wp\/v2\/users\/8"}],"replies":[{"embeddable":true,"href":"https:\/\/pridesoccer.com\/es\/wp-json\/wp\/v2\/comments?post=109539"}],"version-history":[{"count":0,"href":"https:\/\/pridesoccer.com\/es\/wp-json\/wp\/v2\/pages\/109539\/revisions"}],"up":[{"embeddable":true,"href":"https:\/\/pridesoccer.com\/es\/wp-json\/wp\/v2\/pages\/109747"}],"wp:featuredmedia":[{"embeddable":true,"href":"https:\/\/pridesoccer.com\/es\/wp-json\/wp\/v2\/media\/109171"}],"wp:attachment":[{"href":"https:\/\/pridesoccer.com\/es\/wp-json\/wp\/v2\/media?parent=109539"}],"wp:term":[{"taxonomy":"dipi_cpt_category","embeddable":true,"href":"https:\/\/pridesoccer.com\/es\/wp-json\/wp\/v2\/dipi_cpt_category?post=109539"},{"taxonomy":"wf_page_folders","embeddable":true,"href":"https:\/\/pridesoccer.com\/es\/wp-json\/wp\/v2\/wf_page_folders?post=109539"}],"curies":[{"name":"wp","href":"https:\/\/api.w.org\/{rel}","templated":true}]}}