{"id":109540,"date":"2022-04-13T06:35:06","date_gmt":"2022-04-13T12:35:06","guid":{"rendered":"https:\/\/pridesoccer.com\/concienciacion-sobre-las-conmociones-cerebrales\/"},"modified":"2025-03-27T05:34:45","modified_gmt":"2025-03-27T11:34:45","slug":"concienciacion-sobre-las-conmociones-cerebrales","status":"publish","type":"page","link":"https:\/\/pridesoccer.com\/es\/recursos\/concienciacion-sobre-las-conmociones-cerebrales\/","title":{"rendered":"Concienciaci\u00f3n sobre las conmociones cerebrales"},"content":{"rendered":"<p>[et_pb_section fb_built=\u00bb1&#8243; custom_padding_last_edited=\u00bbon|phone\u00bb admin_label=\u00bbHero\u00bb _builder_version=\u00bb4.17.4&#8243; _module_preset=\u00bbdefault\u00bb background_color=\u00bb#000000&#8243; use_background_color_gradient=\u00bbon\u00bb background_color_gradient_type=\u00bbcircular\u00bb background_color_gradient_stops=\u00bbrgba(45,40,41,0.7) 0%|rgba(45,40,41,0) 93%\u00bb background_color_gradient_overlays_image=\u00bbon\u00bb background_image=\u00bbhttps:\/\/pridesoccer.com\/wp-content\/uploads\/2022\/05\/ecnl-girl-winding-up.jpg\u00bb background_position=\u00bbtop_center\u00bb height=\u00bb30rem\u00bb height_tablet=\u00bb24rem\u00bb height_phone=\u00bb21rem\u00bb height_last_edited=\u00bbon|phone\u00bb custom_padding=\u00bb7%||7%||true|false\u00bb custom_padding_tablet=\u00bb7%||7%||true|false\u00bb custom_padding_phone=\u00bb7%||7%||true|false\u00bb background_last_edited=\u00bbon|desktop\u00bb custom_css_main_element=\u00bbdisplay: flex;||align-content: center;||justify-content: center;||align-items: center;\u00bb global_colors_info=\u00bb{}\u00bb][et_pb_row _builder_version=\u00bb4.16&#8243; _module_preset=\u00bbdefault\u00bb custom_margin=\u00bbauto||auto||false|false\u00bb global_colors_info=\u00bb{}\u00bb][et_pb_column type=\u00bb4_4&#8243; _builder_version=\u00bb4.16&#8243; _module_preset=\u00bbdefault\u00bb global_colors_info=\u00bb{}\u00bb][et_pb_text admin_label=\u00bbTitle H1&#8243; _builder_version=\u00bb4.17.0&#8243; _module_preset=\u00bbdefault\u00bb text_font=\u00bb|300|||||||\u00bb header_font=\u00bbAnton||||||||\u00bb header_text_color=\u00bb#FFFFFF\u00bb header_font_size=\u00bb4.5rem\u00bb header_2_font_size=\u00bb2.55rem\u00bb header_2_letter_spacing=\u00bb-0.01em\u00bb header_2_line_height=\u00bb1.26em\u00bb module_alignment=\u00bbcenter\u00bb custom_margin=\u00bb||0px||false|false\u00bb custom_padding=\u00bb||0px||false|false\u00bb header_font_size_tablet=\u00bb3.5rem\u00bb header_font_size_phone=\u00bb2.5rem\u00bb header_font_size_last_edited=\u00bbon|phone\u00bb global_colors_info=\u00bb{}\u00bb]<\/p>\n<h1 style=\"text-align: center;\">Informaci\u00f3n sobre la conmoci\u00f3n cerebral<\/h1>\n<p>[\/et_pb_text][\/et_pb_column][\/et_pb_row][\/et_pb_section][et_pb_section fb_built=\u00bb1&#8243; admin_label=\u00bbMain Page Content Section\u00bb _builder_version=\u00bb4.16.0&#8243; _module_preset=\u00bbdefault\u00bb global_colors_info=\u00bb{}\u00bb][et_pb_row use_custom_gutter=\u00bbon\u00bb make_equal=\u00bbon\u00bb _builder_version=\u00bb4.17.3&#8243; _module_preset=\u00bbdefault\u00bb global_colors_info=\u00bb{}\u00bb custom_css_main_element_last_edited=\u00bbon|tablet\u00bb custom_css_main_element_tablet=\u00bbdisplay: flex;||flex-direction: column-reverse;||\u00bb custom_css_main_element_phone=\u00bbdisplay: flex;||flex-direction: column-reverse;||\u00bb][et_pb_column type=\u00bb4_4&#8243; admin_label=\u00bbColumna principal\u00bb _builder_version=\u00bb4.16.0&#8243; _module_preset=\u00bbdefault\u00bb global_colors_info=\u00bb{}\u00bb][et_pb_text module_id=\u00bbheads-up\u00bb _builder_version=\u00bb4.27.4&#8243; _module_preset=\u00bbdefault\u00bb text_font=\u00bbRubik|300|||||||\u00bb header_2_font=\u00bbAnton||||||||\u00bb header_2_font_size=\u00bb2.55rem\u00bb header_2_letter_spacing=\u00bb0.1em\u00bb header_2_line_height=\u00bb1.2em\u00bb header_3_font=\u00bbTeko|500|||||||\u00bb header_3_text_color=\u00bb#2D2829&#8243; header_3_letter_spacing=\u00bb0.05em\u00bb hover_enabled=\u00bb0&#8243; global_colors_info=\u00bb{}\u00bb sticky_enabled=\u00bb0&#8243;]<\/p>\n<h2>CDC Heads Up Concienciaci\u00f3n sobre las conmociones cerebrales<\/h2>\n<p>En el sitio web de los CDC (Centro de Control de Enfermedades) hay mucha informaci\u00f3n actualizada e importante sobre las conmociones cerebrales. Tambi\u00e9n puede acceder a contenidos relacionados con jugadores, padres y entrenadores.<br \/><a href=\"https:\/\/www.cdc.gov\/headsup\/index.html\">CDC Heads Up Informaci\u00f3n<\/a><\/p>\n<p><strong>CDC Heads Up To Parents<\/strong> &#8211; <a href=\"https:\/\/www.cdc.gov\/heads-up\/\">Informaci\u00f3n para padres<\/a><\/p>\n<p><strong>Hojas informativas de los CDC sobre conmociones cerebrales:<\/strong><\/p>\n<ul>\n<li><a href=\"https:\/\/drive.google.com\/file\/d\/1pFG6-Z6QZMn0Nc4LY8MB1AJxt4-jqdOR\/view?usp=sharing\">Padres<\/a><\/li>\n<li><a href=\"https:\/\/drive.google.com\/file\/d\/1u3TBjrJOUmLvAJMzNRnuaQtRAjv4g1wh\/view?usp=sharing\">Entrenadores<\/a><\/li>\n<li><a href=\"https:\/\/drive.google.com\/file\/d\/15y_yfEGd22VpJUg6dctpiymf5uSWsUA3\/view?usp=sharing\">Jugadores<\/a><\/li>\n<\/ul>\n<p>Pride Soccer Club reconoce el peligro potencial y las consecuencias para la salud a largo plazo de las conmociones cerebrales. <strong>Todos los<\/strong> entrenadores registrados de Pride est\u00e1n obligados a completar el entrenamiento de conmoci\u00f3n cerebral en l\u00ednea CDC y una certificaci\u00f3n posterior en la conciencia de conmoci\u00f3n cerebral cada 2 a\u00f1os.<\/p>\n<p>Se recomienda encarecidamente a padres y jugadores que se informen sobre los s\u00edntomas y el tratamiento de las conmociones cerebrales en los enlaces del sitio web de los CDC que figuran m\u00e1s arriba. Cualquier jugador sospechoso de haber sufrido una conmoci\u00f3n cerebral debe ser retirado del juego, recibir tratamiento y no volver a los entrenamientos o al juego hasta que un profesional m\u00e9dico le d\u00e9 el visto bueno.<\/p>\n<p>[\/et_pb_text][et_pb_text module_id=\u00bbcertification\u00bb _builder_version=\u00bb4.17.0&#8243; _module_preset=\u00bbdefault\u00bb text_font=\u00bbRubik|300|||||||\u00bb header_2_font=\u00bbAnton||||||||\u00bb header_2_font_size=\u00bb2.55rem\u00bb header_2_letter_spacing=\u00bb0.1em\u00bb header_2_line_height=\u00bb1.2em\u00bb header_3_font=\u00bbTeko|500|||||||\u00bb header_3_text_color=\u00bb#2D2829&#8243; header_3_letter_spacing=\u00bb0.05em\u00bb global_colors_info=\u00bb{}\u00bb]<\/p>\n<h3>Formaci\u00f3n y certificaci\u00f3n en sensibilizaci\u00f3n sobre conmociones cerebrales<\/h3>\n<p>Todos nuestros DOCs y TODOS los entrenadores registrados est\u00e1n obligados a tomar CDC Heads Up Concussion Awareness formaci\u00f3n en l\u00ednea y la certificaci\u00f3n sobre una base anual con el fin de cumplir con sus deberes con orgullo. <a href=\"https:\/\/www.pridesoccer.com\/Default.aspx?tabid=733956\">Aqu\u00ed<\/a> encontrar\u00e1 m\u00e1s informaci\u00f3n sobre las conmociones cerebrales, sus s\u00edntomas y efectos <a href=\"https:\/\/www.pridesoccer.com\/Default.aspx?tabid=733956\">.<\/a><\/p>\n<p>[\/et_pb_text][et_pb_text module_id=\u00bbquestions\u00bb _builder_version=\u00bb4.17.0&#8243; _module_preset=\u00bbdefault\u00bb text_font=\u00bbRubik|300|||||||\u00bb header_2_font=\u00bbAnton||||||||\u00bb header_2_font_size=\u00bb2.55rem\u00bb header_2_letter_spacing=\u00bb0.1em\u00bb header_2_line_height=\u00bb1.2em\u00bb header_3_font=\u00bbTeko|500|||||||\u00bb header_3_text_color=\u00bb#2D2829&#8243; header_3_letter_spacing=\u00bb0.05em\u00bb global_colors_info=\u00bb{}\u00bb]<\/p>\n<h3>\u00bfPreguntas?<\/h3>\n<p><strong>Ami Adams<\/strong><br \/>Entrenador jefe de atletismo<br \/>Centura Health<\/p>\n<p><a href=\"mailto:amiadams@centura.org\">amiadams@centura.org<\/a><\/p>\n<p>[\/et_pb_text][\/et_pb_column][\/et_pb_row][\/et_pb_section]<\/p>\n","protected":false},"excerpt":{"rendered":"<p>Informaci\u00f3n sobre la conmoci\u00f3n cerebral CDC Heads Up Concienciaci\u00f3n sobre las conmociones cerebrales En el sitio web de los CDC (Centro de Control de Enfermedades) hay mucha informaci\u00f3n actualizada e importante sobre las conmociones cerebrales. Tambi\u00e9n puede acceder a contenidos relacionados con jugadores, padres y entrenadores.CDC Heads Up Informaci\u00f3n CDC Heads Up To Parents &#8211; [&hellip;]<\/p>\n","protected":false},"author":8,"featured_media":109173,"parent":109747,"menu_order":0,"comment_status":"closed","ping_status":"closed","template":"","meta":{"_seopress_robots_primary_cat":"","_seopress_titles_title":"Concienciaci\u00f3n sobre conmociones cerebrales - Club de f\u00fatbol - Pride Soccer","_seopress_titles_desc":"Todos los entrenadores de Pride est\u00e1n obligados a completar la formaci\u00f3n en l\u00ednea sobre conmociones cerebrales de los CDC y la posterior certificaci\u00f3n en concienciaci\u00f3n sobre conmociones cerebrales cada 2 a\u00f1os. Se recomienda encarecidamente a padres y jugadores que se informen tambi\u00e9n sobre los s\u00edntomas y el tratamiento de las conmociones cerebrales.  \n","_seopress_robots_index":"","_et_pb_use_builder":"on","_et_pb_old_content":"","_et_gb_content_width":"","footnotes":""},"dipi_cpt_category":[],"wf_page_folders":[42],"class_list":["post-109540","page","type-page","status-publish","has-post-thumbnail","hentry"],"_links":{"self":[{"href":"https:\/\/pridesoccer.com\/es\/wp-json\/wp\/v2\/pages\/109540","targetHints":{"allow":["GET"]}}],"collection":[{"href":"https:\/\/pridesoccer.com\/es\/wp-json\/wp\/v2\/pages"}],"about":[{"href":"https:\/\/pridesoccer.com\/es\/wp-json\/wp\/v2\/types\/page"}],"author":[{"embeddable":true,"href":"https:\/\/pridesoccer.com\/es\/wp-json\/wp\/v2\/users\/8"}],"replies":[{"embeddable":true,"href":"https:\/\/pridesoccer.com\/es\/wp-json\/wp\/v2\/comments?post=109540"}],"version-history":[{"count":0,"href":"https:\/\/pridesoccer.com\/es\/wp-json\/wp\/v2\/pages\/109540\/revisions"}],"up":[{"embeddable":true,"href":"https:\/\/pridesoccer.com\/es\/wp-json\/wp\/v2\/pages\/109747"}],"wp:featuredmedia":[{"embeddable":true,"href":"https:\/\/pridesoccer.com\/es\/wp-json\/wp\/v2\/media\/109173"}],"wp:attachment":[{"href":"https:\/\/pridesoccer.com\/es\/wp-json\/wp\/v2\/media?parent=109540"}],"wp:term":[{"taxonomy":"dipi_cpt_category","embeddable":true,"href":"https:\/\/pridesoccer.com\/es\/wp-json\/wp\/v2\/dipi_cpt_category?post=109540"},{"taxonomy":"wf_page_folders","embeddable":true,"href":"https:\/\/pridesoccer.com\/es\/wp-json\/wp\/v2\/wf_page_folders?post=109540"}],"curies":[{"name":"wp","href":"https:\/\/api.w.org\/{rel}","templated":true}]}}