{"id":109551,"date":"2022-04-13T06:53:20","date_gmt":"2022-04-13T12:53:20","guid":{"rendered":"https:\/\/pridesoccer.com\/gestion-de-riesgos\/"},"modified":"2023-04-06T13:01:11","modified_gmt":"2023-04-06T19:01:11","slug":"gestion-de-riesgos","status":"publish","type":"page","link":"https:\/\/pridesoccer.com\/es\/recursos\/gestion-de-riesgos\/","title":{"rendered":"Gesti\u00f3n de riesgos"},"content":{"rendered":"<p>[et_pb_section fb_built=\u00bb1&#8243; custom_padding_last_edited=\u00bbon|phone\u00bb admin_label=\u00bbHero\u00bb _builder_version=\u00bb4.20.2&#8243; _module_preset=\u00bbdefault\u00bb background_color=\u00bb#000000&#8243; use_background_color_gradient=\u00bbon\u00bb background_color_gradient_type=\u00bbcircular\u00bb background_color_gradient_stops=\u00bbrgba(45,40,41,0.7) 0%|rgba(45,40,41,0) 93%\u00bb background_color_gradient_overlays_image=\u00bbon\u00bb background_image=\u00bbhttps:\/\/pridesoccer.com\/wp-content\/uploads\/2023\/04\/Lindsay-Whorton-0EE53E8E-094C-46BA-9040-04C236AE8BA0.jpeg\u00bb background_position=\u00bbtop_center\u00bb height=\u00bb30rem\u00bb height_tablet=\u00bb24rem\u00bb height_phone=\u00bb21rem\u00bb height_last_edited=\u00bbon|phone\u00bb custom_padding=\u00bb7%||7%||true|false\u00bb custom_padding_tablet=\u00bb7%||7%||true|false\u00bb custom_padding_phone=\u00bb7%||7%||true|false\u00bb hover_enabled=\u00bb0&#8243; background_last_edited=\u00bbon|desktop\u00bb custom_css_main_element=\u00bbdisplay: flex;||align-content: center;||justify-content: center;||align-items: center;\u00bb global_colors_info=\u00bb{}\u00bb title_text=\u00bbLindsay Whorton &#8211; 0EE53E8E-094C-46BA-9040-04C236AE8BA0&#8243; sticky_enabled=\u00bb0&#8243;][et_pb_row _builder_version=\u00bb4.16&#8243; _module_preset=\u00bbdefault\u00bb custom_margin=\u00bbauto||auto||false|false\u00bb global_colors_info=\u00bb{}\u00bb][et_pb_column type=\u00bb4_4&#8243; _builder_version=\u00bb4.16&#8243; _module_preset=\u00bbdefault\u00bb global_colors_info=\u00bb{}\u00bb][et_pb_text admin_label=\u00bbTitle H1&#8243; _builder_version=\u00bb4.17.0&#8243; _module_preset=\u00bbdefault\u00bb text_font=\u00bb|300|||||||\u00bb header_font=\u00bbAnton||||||||\u00bb header_text_color=\u00bb#FFFFFF\u00bb header_font_size=\u00bb4.5rem\u00bb header_2_font_size=\u00bb2.55rem\u00bb header_2_letter_spacing=\u00bb-0.01em\u00bb header_2_line_height=\u00bb1.26em\u00bb module_alignment=\u00bbcenter\u00bb custom_margin=\u00bb||0px||false|false\u00bb custom_padding=\u00bb||0px||false|false\u00bb header_font_size_tablet=\u00bb3.5rem\u00bb header_font_size_phone=\u00bb2.5rem\u00bb header_font_size_last_edited=\u00bbon|phone\u00bb global_colors_info=\u00bb{}\u00bb]<\/p>\n<h1 style=\"text-align: center;\">Gesti\u00f3n de riesgos<\/h1>\n<p>[\/et_pb_text][\/et_pb_column][\/et_pb_row][\/et_pb_section][et_pb_section fb_built=\u00bb1&#8243; admin_label=\u00bbMain Page Content Section\u00bb _builder_version=\u00bb4.16.0&#8243; _module_preset=\u00bbdefault\u00bb global_colors_info=\u00bb{}\u00bb][et_pb_row use_custom_gutter=\u00bbon\u00bb make_equal=\u00bbon\u00bb _builder_version=\u00bb4.17.3&#8243; _module_preset=\u00bbdefault\u00bb global_colors_info=\u00bb{}\u00bb custom_css_main_element_last_edited=\u00bbon|tablet\u00bb custom_css_main_element_tablet=\u00bbdisplay: flex;||flex-direction: column-reverse;||\u00bb custom_css_main_element_phone=\u00bbdisplay: flex;||flex-direction: column-reverse;||\u00bb][et_pb_column type=\u00bb4_4&#8243; admin_label=\u00bbColumna principal\u00bb _builder_version=\u00bb4.16.0&#8243; _module_preset=\u00bbdefault\u00bb global_colors_info=\u00bb{}\u00bb][et_pb_text module_id=\u00bbsafe\u00bb _builder_version=\u00bb4.17.0&#8243; _module_preset=\u00bbdefault\u00bb text_font=\u00bbRubik|300|||||||\u00bb header_2_font=\u00bbAnton||||||||\u00bb header_2_font_size=\u00bb2.55rem\u00bb header_2_letter_spacing=\u00bb0.1em\u00bb header_2_line_height=\u00bb1.2em\u00bb header_3_font=\u00bbTeko|500|||||||\u00bb header_3_text_color=\u00bb#2D2829&#8243; header_3_letter_spacing=\u00bb0.05em\u00bb global_colors_info=\u00bb{}\u00bb]<\/p>\n<h2>Un entorno seguro<\/h2>\n<p>Como parte del compromiso del Pride Soccer Club de proporcionar un entorno seguro y agradable para nuestros jugadores y familias, contamos con una serie de pol\u00edticas en materia de gesti\u00f3n de riesgos. Pride Soccer mantiene su compromiso de ir m\u00e1s all\u00e1 de los requisitos impuestos por nuestras asociaciones estatales y nacionales, de acuerdo con nuestro mantra de \u00abhacer lo correcto por los ni\u00f1os\u00bb.<\/p>\n<h3>1. Deporte seguro y notificaci\u00f3n obligatoria<\/h3>\n<p>Todos nuestros DOC (Directores de Entrenamiento), el personal administrativo y TODOS los entrenadores registrados est\u00e1n obligados a realizar la formaci\u00f3n y certificaci\u00f3n de Deporte Seguro anualmente. Las pol\u00edticas relativas a la formaci\u00f3n y la notificaci\u00f3n obligatoria se ajustan a las del US Center For Safe Sport. Para m\u00e1s informaci\u00f3n, <a href=\"https:\/\/uscenterforsafesport.org\/\">pulse aqu\u00ed.<\/a><\/p>\n<h3>2. Comprobaci\u00f3n de antecedentes<\/h3>\n<p>Todos nuestros DOC (Directores de Entrenamiento), el personal administrativo y TODOS los entrenadores registrados deben pasar una verificaci\u00f3n de antecedentes NCSI (Centro Nacional de Iniciativas de Seguridad) anualmente para poder desempe\u00f1ar sus funciones con Pride. Adem\u00e1s, los \u00e1rbitros est\u00e1n sujetos al mismo control a trav\u00e9s de sus respectivos \u00f3rganos de gobierno.<\/p>\n<h3>3. Formaci\u00f3n y certificaci\u00f3n en sensibilizaci\u00f3n sobre conmociones cerebrales<\/h3>\n<p>Todos nuestros DOCs y TODOS los entrenadores registrados est\u00e1n obligados a tomar CDC Heads Up Concussion Awareness formaci\u00f3n en l\u00ednea y la certificaci\u00f3n sobre una base anual con el fin de cumplir con sus deberes con orgullo. <a href=\"https:\/\/pridesoccer.com\/es\/recursos\/concienciacion-sobre-las-conmociones-cerebrales\/\">Aqu\u00ed<\/a> encontrar\u00e1 m\u00e1s informaci\u00f3n sobre las conmociones cerebrales, sus s\u00edntomas y efectos.<\/p>\n<h3>4. Formaci\u00f3n y certificaci\u00f3n RCP<\/h3>\n<p>Todos nuestros DOC (Directores de Entrenamiento) y personal administrativo reciben formaci\u00f3n y certificaci\u00f3n en RCP. El personal de Pride est\u00e1 capacitado para responder a emergencias y situaciones que puedan producirse dentro o fuera del campo de f\u00fatbol.<\/p>\n<p><strong>Tambi\u00e9n:<\/strong><br \/>Pride Soccer Club, a trav\u00e9s de nuestra asociaci\u00f3n con Centura Health, se compromete a educar a los jugadores, entrenadores y padres sobre la preparaci\u00f3n adecuada y las t\u00e9cnicas de recuperaci\u00f3n para el f\u00fatbol, as\u00ed como proporcionar informaci\u00f3n y recursos para la prevenci\u00f3n de lesiones.<\/p>\n<p>[\/et_pb_text][\/et_pb_column][\/et_pb_row][\/et_pb_section]<\/p>\n","protected":false},"excerpt":{"rendered":"<p>Gesti\u00f3n de riesgos Un entorno seguro Como parte del compromiso del Pride Soccer Club de proporcionar un entorno seguro y agradable para nuestros jugadores y familias, contamos con una serie de pol\u00edticas en materia de gesti\u00f3n de riesgos. Pride Soccer mantiene su compromiso de ir m\u00e1s all\u00e1 de los requisitos impuestos por nuestras asociaciones estatales [&hellip;]<\/p>\n","protected":false},"author":8,"featured_media":109173,"parent":109747,"menu_order":0,"comment_status":"closed","ping_status":"closed","template":"","meta":{"_seopress_robots_primary_cat":"","_seopress_titles_title":"Gesti\u00f3n de riesgos - Club de f\u00fatbol - Pride Soccer","_seopress_titles_desc":"Como parte del compromiso de Pride Soccer Club de proporcionar un entorno seguro y agradable para los jugadores y las familias, contamos con varias pol\u00edticas en materia de gesti\u00f3n de riesgos. Pride Soccer mantiene su compromiso de ir m\u00e1s all\u00e1 de los requisitos impuestos por nuestras asociaciones estatales y nacionales.","_seopress_robots_index":"","_et_pb_use_builder":"on","_et_pb_old_content":"","_et_gb_content_width":"","footnotes":""},"dipi_cpt_category":[],"wf_page_folders":[42],"class_list":["post-109551","page","type-page","status-publish","has-post-thumbnail","hentry"],"_links":{"self":[{"href":"https:\/\/pridesoccer.com\/es\/wp-json\/wp\/v2\/pages\/109551","targetHints":{"allow":["GET"]}}],"collection":[{"href":"https:\/\/pridesoccer.com\/es\/wp-json\/wp\/v2\/pages"}],"about":[{"href":"https:\/\/pridesoccer.com\/es\/wp-json\/wp\/v2\/types\/page"}],"author":[{"embeddable":true,"href":"https:\/\/pridesoccer.com\/es\/wp-json\/wp\/v2\/users\/8"}],"replies":[{"embeddable":true,"href":"https:\/\/pridesoccer.com\/es\/wp-json\/wp\/v2\/comments?post=109551"}],"version-history":[{"count":0,"href":"https:\/\/pridesoccer.com\/es\/wp-json\/wp\/v2\/pages\/109551\/revisions"}],"up":[{"embeddable":true,"href":"https:\/\/pridesoccer.com\/es\/wp-json\/wp\/v2\/pages\/109747"}],"wp:featuredmedia":[{"embeddable":true,"href":"https:\/\/pridesoccer.com\/es\/wp-json\/wp\/v2\/media\/109173"}],"wp:attachment":[{"href":"https:\/\/pridesoccer.com\/es\/wp-json\/wp\/v2\/media?parent=109551"}],"wp:term":[{"taxonomy":"dipi_cpt_category","embeddable":true,"href":"https:\/\/pridesoccer.com\/es\/wp-json\/wp\/v2\/dipi_cpt_category?post=109551"},{"taxonomy":"wf_page_folders","embeddable":true,"href":"https:\/\/pridesoccer.com\/es\/wp-json\/wp\/v2\/wf_page_folders?post=109551"}],"curies":[{"name":"wp","href":"https:\/\/api.w.org\/{rel}","templated":true}]}}