{"id":109567,"date":"2022-04-13T11:49:43","date_gmt":"2022-04-13T17:49:43","guid":{"rendered":"https:\/\/pridesoccer.com\/escuela-de-excelencia\/"},"modified":"2023-04-04T12:38:47","modified_gmt":"2023-04-04T18:38:47","slug":"escuela-de-excelencia","status":"publish","type":"page","link":"https:\/\/pridesoccer.com\/es\/clinicas\/escuela-de-excelencia\/","title":{"rendered":"Escuela de Excelencia"},"content":{"rendered":"<p>[et_pb_section fb_built=\u00bb1&#8243; custom_padding_last_edited=\u00bbon|phone\u00bb admin_label=\u00bbHero\u00bb _builder_version=\u00bb4.20.2&#8243; _module_preset=\u00bbdefault\u00bb background_color=\u00bb#000000&#8243; use_background_color_gradient=\u00bbon\u00bb background_color_gradient_type=\u00bbcircular\u00bb background_color_gradient_stops=\u00bbrgba(45,40,41,0.7) 0%|rgba(45,40,41,0) 93%\u00bb background_color_gradient_overlays_image=\u00bbon\u00bb background_image=\u00bbhttps:\/\/pridesoccer.com\/wp-content\/uploads\/2023\/04\/Amanda-Mendoza-60BB034F-F7B3-4EA2-BBB0-6091E7958389-scaled.jpeg\u00bb height=\u00bb30rem\u00bb height_tablet=\u00bb24rem\u00bb height_phone=\u00bb21rem\u00bb height_last_edited=\u00bbon|phone\u00bb custom_padding=\u00bb7%||7%||true|false\u00bb custom_padding_tablet=\u00bb7%||7%||true|false\u00bb custom_padding_phone=\u00bb7%||7%||true|false\u00bb hover_enabled=\u00bb0&#8243; background_last_edited=\u00bbon|desktop\u00bb custom_css_main_element=\u00bbdisplay: flex;||align-content: center;||justify-content: center;||align-items: center;\u00bb locked=\u00bboff\u00bb global_colors_info=\u00bb{}\u00bb title_text=\u00bbAmanda Mendoza &#8211; 60BB034F-F7B3-4EA2-BBB0-6091E7958389&#8243; sticky_enabled=\u00bb0&#8243;][et_pb_row _builder_version=\u00bb4.16&#8243; _module_preset=\u00bbdefault\u00bb custom_margin=\u00bbauto||auto||false|false\u00bb global_colors_info=\u00bb{}\u00bb][et_pb_column type=\u00bb4_4&#8243; _builder_version=\u00bb4.16&#8243; _module_preset=\u00bbdefault\u00bb global_colors_info=\u00bb{}\u00bb][et_pb_text admin_label=\u00bbTitle H1&#8243; _builder_version=\u00bb4.17.0&#8243; _module_preset=\u00bbdefault\u00bb text_font=\u00bb|300|||||||\u00bb header_font=\u00bbAnton||||||||\u00bb header_text_color=\u00bb#FFFFFF\u00bb header_font_size=\u00bb4.5rem\u00bb header_2_font_size=\u00bb2.55rem\u00bb header_2_letter_spacing=\u00bb-0.01em\u00bb header_2_line_height=\u00bb1.26em\u00bb module_alignment=\u00bbcenter\u00bb custom_margin=\u00bb||0px||false|false\u00bb custom_padding=\u00bb||0px||false|false\u00bb header_font_size_tablet=\u00bb3.5rem\u00bb header_font_size_phone=\u00bb2.5rem\u00bb header_font_size_last_edited=\u00bbon|phone\u00bb global_colors_info=\u00bb{}\u00bb]<\/p>\n<h1 style=\"text-align: center;\">Escuela de Excelencia<\/h1>\n<p>[\/et_pb_text][\/et_pb_column][\/et_pb_row][\/et_pb_section][et_pb_section fb_built=\u00bb1&#8243; admin_label=\u00bbMain Page Content Section\u00bb _builder_version=\u00bb4.16.0&#8243; _module_preset=\u00bbdefault\u00bb global_colors_info=\u00bb{}\u00bb][et_pb_row use_custom_gutter=\u00bbon\u00bb make_equal=\u00bbon\u00bb _builder_version=\u00bb4.17.3&#8243; _module_preset=\u00bbdefault\u00bb global_colors_info=\u00bb{}\u00bb custom_css_main_element_last_edited=\u00bbon|tablet\u00bb custom_css_main_element_tablet=\u00bbdisplay: flex;||flex-direction: column-reverse;||\u00bb custom_css_main_element_phone=\u00bbdisplay: flex;||flex-direction: column-reverse;||\u00bb][et_pb_column type=\u00bb4_4&#8243; admin_label=\u00bbColumna principal\u00bb _builder_version=\u00bb4.16.0&#8243; _module_preset=\u00bbdefault\u00bb global_colors_info=\u00bb{}\u00bb][et_pb_text module_id=\u00bbstart\u00bb _builder_version=\u00bb4.17.0&#8243; _module_preset=\u00bbdefault\u00bb text_font=\u00bbRubik|300|||||||\u00bb header_2_font=\u00bbAnton||||||||\u00bb header_2_font_size=\u00bb2.55rem\u00bb header_2_letter_spacing=\u00bb0.1em\u00bb header_2_line_height=\u00bb1.2em\u00bb header_3_font=\u00bbTeko|500|||||||\u00bb header_3_text_color=\u00bb#2D2829&#8243; header_3_letter_spacing=\u00bb0.05em\u00bb global_colors_info=\u00bb{}\u00bb]<\/p>\n<h2>Informaci\u00f3n<\/h2>\n<p>[\/et_pb_text][et_pb_text module_id=\u00bbinfo\u00bb _builder_version=\u00bb4.17.0&#8243; _module_preset=\u00bbdefault\u00bb text_font=\u00bbRubik|300|||||||\u00bb header_2_font=\u00bbAnton||||||||\u00bb header_2_font_size=\u00bb2.55rem\u00bb header_2_letter_spacing=\u00bb0.1em\u00bb header_2_line_height=\u00bb1.2em\u00bb header_3_font=\u00bbTeko|500|||||||\u00bb header_3_text_color=\u00bb#2D2829&#8243; header_3_letter_spacing=\u00bb0.05em\u00bb custom_margin=\u00bb2rem||||false|false\u00bb global_colors_info=\u00bb{}\u00bb]<\/p>\n<p>La Escuela de Excelencia de Pride Soccer est\u00e1 abierta a todos los ni\u00f1os y ni\u00f1as nacidos en 2013, 2014, 2015 y 2016. Esto incluye a los jugadores actuales de la Academia Junior, Intermedia y Recreativa, as\u00ed como a los jugadores que actualmente no est\u00e1n inscritos en Pride.<\/p>\n<p>Todas las sesiones se celebrar\u00e1n en el Complejo Pride (c\u00e9sped artificial al aire libre)<\/p>\n<p>[\/et_pb_text][et_pb_text module_id=\u00bbinfo\u00bb _builder_version=\u00bb4.17.6&#8243; _module_preset=\u00bbdefault\u00bb text_font=\u00bbRubik|300|||||||\u00bb header_2_font=\u00bbAnton||||||||\u00bb header_2_font_size=\u00bb2.55rem\u00bb header_2_letter_spacing=\u00bb0.1em\u00bb header_2_line_height=\u00bb1.2em\u00bb header_3_font=\u00bbTeko|500|||||||\u00bb header_3_text_color=\u00bb#2D2829&#8243; header_3_letter_spacing=\u00bb0.05em\u00bb custom_margin=\u00bb2rem||||false|false\u00bb global_colors_info=\u00bb{}\u00bb]<\/p>\n<table border=\"1\" class=\"responsive\">\n<tbody>\n<tr>\n<td style=\"height: auto; width: 15%;\"><strong>Sesi\u00f3n<\/strong><\/td>\n<td style=\"height: auto; width: 30%;\"><strong>Fecha<\/strong><\/td>\n<td style=\"height: auto; width: 20%;\"><strong>Tiempo<\/strong><\/td>\n<td style=\"height: auto; width: 35%;\"><strong>Lugar de celebraci\u00f3n<\/strong><\/td>\n<\/tr>\n<tr>\n<td style=\"width: 62.8125px;\">Sesi\u00f3n 1<\/td>\n<td style=\"width: 33.3125px;\">Viernes, 14 de abril de 2023<\/td>\n<td style=\"width: 36.4219px;\">18.00-19.15 h<\/td>\n<td style=\"width: 44.7969px;\">Complejo Pride<\/td>\n<\/tr>\n<tr>\n<td style=\"width: 62.8125px;\">Sesi\u00f3n 2<\/td>\n<td style=\"width: 33.3125px;\">Domingo, 16 de abril de 2023<\/td>\n<td style=\"width: 36.4219px;\">18.00-19.15 h<\/td>\n<td style=\"width: 44.7969px;\">Complejo Pride<\/td>\n<\/tr>\n<tr>\n<td style=\"width: 62.8125px;\">Sesi\u00f3n 3<\/td>\n<td style=\"width: 33.3125px;\">Viernes, 21 de abril de 2023<\/td>\n<td style=\"width: 36.4219px;\">18.00-19.15 h<\/td>\n<td style=\"width: 44.7969px;\">Complejo Pride<\/td>\n<\/tr>\n<tr>\n<td style=\"width: 62.8125px;\">Sesi\u00f3n 4<\/td>\n<td style=\"width: 33.3125px;\">Domingo, 23 de abril de 2023<\/td>\n<td style=\"width: 36.4219px;\">18.00-19.15 h<\/td>\n<td style=\"width: 44.7969px;\">Complejo Pride<\/td>\n<\/tr>\n<tr>\n<td style=\"width: 62.8125px;\">Sesi\u00f3n 5<\/td>\n<td style=\"width: 33.3125px;\">Viernes, 28 de abril de 2023<\/td>\n<td style=\"width: 36.4219px;\">18.00-19.15 h<\/td>\n<td style=\"width: 44.7969px;\">Complejo Pride<\/td>\n<\/tr>\n<tr>\n<td style=\"width: 62.8125px;\">D\u00eda del Maquillaje<\/td>\n<td style=\"width: 33.3125px;\">Domingo, 30 de abril de 2023<\/td>\n<td style=\"width: 36.4219px;\">18.00-19.15 h<\/td>\n<td style=\"width: 44.7969px;\">Complejo Pride<\/td>\n<\/tr>\n<\/tbody>\n<\/table>\n<p>&nbsp;<\/p>\n<p>[\/et_pb_text][et_pb_text module_id=\u00bbinfo\u00bb _builder_version=\u00bb4.17.0&#8243; _module_preset=\u00bbdefault\u00bb text_font=\u00bbRubik|300|||||||\u00bb header_2_font=\u00bbAnton||||||||\u00bb header_2_font_size=\u00bb2.55rem\u00bb header_2_letter_spacing=\u00bb0.1em\u00bb header_2_line_height=\u00bb1.2em\u00bb header_3_font=\u00bbTeko|500|||||||\u00bb header_3_text_color=\u00bb#2D2829&#8243; header_3_letter_spacing=\u00bb0.05em\u00bb custom_margin=\u00bb2rem||||false|false\u00bb global_colors_info=\u00bb{}\u00bb]<\/p>\n<p><strong>Fecha l\u00edmite de inscripci\u00f3n: <\/strong>Viernes, 7 de abril de 2023<\/p>\n<p>La Escuela de Excelencia es un programa de 5 sesiones que se centra en la mejora de las habilidades individuales. Los principales aspectos t\u00e9cnicos se centran en el manejo individual del bal\u00f3n, el regate y los movimientos para superar al adversario, el golpeo del bal\u00f3n, el pase y la recepci\u00f3n, la defensa y los juegos en espacios reducidos. El plan de estudios es impartido por nuestro experimentado y cualificado personal de Competici\u00f3n y de la Academia Junior, todos los cuales han jugado o entrenado a nivel estatal, universitario o nacional y\/o poseen un t\u00edtulo de entrenador. Las sesiones tendr\u00e1n lugar en el <a href=\"https:\/\/goo.gl\/maps\/3e8rzr3Cdo42gJxb7\">Pride Soccer Complex<\/a>.<\/p>\n<p>Como personal, hemos tenido la oportunidad de ver el impacto directo que la Escuela de Excelencia ha tenido en el desarrollo t\u00e9cnico de estos j\u00f3venes jugadores. El beneficio de introducir y mejorar la capacidad t\u00e9cnica de nuestros jugadores m\u00e1s j\u00f3venes ha quedado patente en los \u00e9xitos m\u00e1s recientes de los grupos de mayor edad, que compiten a un nivel altamente competitivo. Una base t\u00e9cnica s\u00f3lida hace que el juego sea m\u00e1s agradable para los jugadores y aumenta sus probabilidades de seguir practic\u00e1ndolo. El programa SOE proporciona un entorno en el que podemos introducir, y mejorar, la capacidad del jugador para tener una base s\u00f3lida. Este enfoque proporcionar\u00e1 una buena base, y experiencia, a medida que los jugadores se preparan para entrar en la Academia Junior y los programas competitivos.<\/p>\n<p>El costo para los jugadores que regresan (los que ya han hecho SOE y tienen un uniforme SOE) es de $ 160, y para los nuevos jugadores es de $ 255 (m\u00e1s impuestos) que incluye un uniforme completo Adidas (camiseta, pantalones cortos, medias, chaqueta) y una pelota. Todos los participantes <strong>deber\u00e1n<\/strong> llevar el uniforme de la Escuela de Excelencia.<\/p>\n<p>No espere demasiado para inscribirse. La Escuela de Excelencia es un programa muy solicitado cada a\u00f1o y las plazas se llenan r\u00e1pidamente<\/p>\n<p>[\/et_pb_text][et_pb_button button_url=\u00bbhttps:\/\/login.stacksports.com\/login?client_id=612b0399b1854a002e427f78&amp;redirect_uri=https:\/\/core-api.bluesombrero.com\/login\/redirect\/portal\/822&amp;app_name=Pride+Soccer+Club&amp;portalid=822&amp;instancekey=clubs\u00bb url_new_window=\u00bbon\u00bb button_text=\u00bbinscr\u00edbase ahora\u00bb _builder_version=\u00bb4.17.6&#8243; _module_preset=\u00bbdefault\u00bb global_colors_info=\u00bb{}\u00bb][\/et_pb_button][\/et_pb_column][\/et_pb_row][\/et_pb_section]<\/p>\n","protected":false},"excerpt":{"rendered":"<p>Escuela de ExcelenciaInformaci\u00f3nLa Escuela de Excelencia de Pride Soccer est\u00e1 abierta a todos los ni\u00f1os y ni\u00f1as nacidos en 2013, 2014, 2015 y 2016. Esto incluye a los jugadores actuales de la Academia Junior, Intermedia y Recreativa, as\u00ed como a los jugadores que actualmente no est\u00e1n inscritos en Pride. Todas las sesiones se celebrar\u00e1n en [&hellip;]<\/p>\n","protected":false},"author":8,"featured_media":109179,"parent":109723,"menu_order":0,"comment_status":"closed","ping_status":"closed","template":"","meta":{"_seopress_robots_primary_cat":"","_seopress_titles_title":"Escuela De Excelencia - Colorado Springs - Pride Soccer","_seopress_titles_desc":"SOE es un programa de 5 sesiones que se centra en mejorar las habilidades individuales. La t\u00e9cnica se centra en el regate y los movimientos para superar al adversario, el golpeo del bal\u00f3n, el pase, la recepci\u00f3n, la defensa y los balones a\u00e9reos. El plan de estudios es impartido por personal experimentado y cualificado de Competitive y Junior Academy.","_seopress_robots_index":"","_et_pb_use_builder":"on","_et_pb_old_content":"","_et_gb_content_width":"","footnotes":""},"dipi_cpt_category":[],"wf_page_folders":[39],"class_list":["post-109567","page","type-page","status-publish","has-post-thumbnail","hentry"],"_links":{"self":[{"href":"https:\/\/pridesoccer.com\/es\/wp-json\/wp\/v2\/pages\/109567","targetHints":{"allow":["GET"]}}],"collection":[{"href":"https:\/\/pridesoccer.com\/es\/wp-json\/wp\/v2\/pages"}],"about":[{"href":"https:\/\/pridesoccer.com\/es\/wp-json\/wp\/v2\/types\/page"}],"author":[{"embeddable":true,"href":"https:\/\/pridesoccer.com\/es\/wp-json\/wp\/v2\/users\/8"}],"replies":[{"embeddable":true,"href":"https:\/\/pridesoccer.com\/es\/wp-json\/wp\/v2\/comments?post=109567"}],"version-history":[{"count":0,"href":"https:\/\/pridesoccer.com\/es\/wp-json\/wp\/v2\/pages\/109567\/revisions"}],"up":[{"embeddable":true,"href":"https:\/\/pridesoccer.com\/es\/wp-json\/wp\/v2\/pages\/109723"}],"wp:featuredmedia":[{"embeddable":true,"href":"https:\/\/pridesoccer.com\/es\/wp-json\/wp\/v2\/media\/109179"}],"wp:attachment":[{"href":"https:\/\/pridesoccer.com\/es\/wp-json\/wp\/v2\/media?parent=109567"}],"wp:term":[{"taxonomy":"dipi_cpt_category","embeddable":true,"href":"https:\/\/pridesoccer.com\/es\/wp-json\/wp\/v2\/dipi_cpt_category?post=109567"},{"taxonomy":"wf_page_folders","embeddable":true,"href":"https:\/\/pridesoccer.com\/es\/wp-json\/wp\/v2\/wf_page_folders?post=109567"}],"curies":[{"name":"wp","href":"https:\/\/api.w.org\/{rel}","templated":true}]}}