{"id":109568,"date":"2022-04-13T09:20:42","date_gmt":"2022-04-13T15:20:42","guid":{"rendered":"https:\/\/pridesoccer.com\/recaudacion-de-fondos-para-el-futbol\/"},"modified":"2023-04-06T12:53:40","modified_gmt":"2023-04-06T18:53:40","slug":"recaudacion-de-fondos-para-el-futbol","status":"publish","type":"page","link":"https:\/\/pridesoccer.com\/es\/recursos\/recaudacion-de-fondos-para-el-futbol\/","title":{"rendered":"Recaudaci\u00f3n de fondos para el f\u00fatbol"},"content":{"rendered":"<p>[et_pb_section fb_built=\u00bb1&#8243; custom_padding_last_edited=\u00bbon|phone\u00bb admin_label=\u00bbHero\u00bb _builder_version=\u00bb4.20.2&#8243; _module_preset=\u00bbdefault\u00bb background_color=\u00bb#000000&#8243; use_background_color_gradient=\u00bbon\u00bb background_color_gradient_type=\u00bbcircular\u00bb background_color_gradient_stops=\u00bbrgba(45,40,41,0.7) 0%|rgba(45,40,41,0) 93%\u00bb background_color_gradient_overlays_image=\u00bbon\u00bb background_image=\u00bbhttps:\/\/pridesoccer.com\/wp-content\/uploads\/2023\/04\/Sarah-Walton-2023-03-31-00.37.38-scaled.jpeg\u00bb height=\u00bb30rem\u00bb height_tablet=\u00bb24rem\u00bb height_phone=\u00bb21rem\u00bb height_last_edited=\u00bbon|phone\u00bb custom_padding=\u00bb7%||7%||true|false\u00bb custom_padding_tablet=\u00bb7%||7%||true|false\u00bb custom_padding_phone=\u00bb7%||7%||true|false\u00bb hover_enabled=\u00bb0&#8243; background_last_edited=\u00bbon|desktop\u00bb custom_css_main_element=\u00bbdisplay: flex;||align-content: center;||justify-content: center;||align-items: center;\u00bb global_colors_info=\u00bb{}\u00bb title_text=\u00bbSarah Walton &#8211; 2023-03-31 00.37.38&#8243; background_position=\u00bbtop_center\u00bb background_vertical_offset=\u00bb32%\u00bb sticky_enabled=\u00bb0&#8243;][et_pb_row _builder_version=\u00bb4.16&#8243; _module_preset=\u00bbdefault\u00bb custom_margin=\u00bbauto||auto||false|false\u00bb global_colors_info=\u00bb{}\u00bb][et_pb_column type=\u00bb4_4&#8243; _builder_version=\u00bb4.16&#8243; _module_preset=\u00bbdefault\u00bb global_colors_info=\u00bb{}\u00bb][et_pb_text admin_label=\u00bbTitle H1&#8243; _builder_version=\u00bb4.17.0&#8243; _module_preset=\u00bbdefault\u00bb text_font=\u00bb|300|||||||\u00bb header_font=\u00bbAnton||||||||\u00bb header_text_color=\u00bb#FFFFFF\u00bb header_font_size=\u00bb4.5rem\u00bb header_2_font_size=\u00bb2.55rem\u00bb header_2_letter_spacing=\u00bb-0.01em\u00bb header_2_line_height=\u00bb1.26em\u00bb module_alignment=\u00bbcenter\u00bb custom_margin=\u00bb||0px||false|false\u00bb custom_padding=\u00bb||0px||false|false\u00bb header_font_size_tablet=\u00bb3.5rem\u00bb header_font_size_phone=\u00bb2.5rem\u00bb header_font_size_last_edited=\u00bbon|phone\u00bb global_colors_info=\u00bb{}\u00bb]<\/p>\n<h1 style=\"text-align: center;\">Recaudaci\u00f3n de fondos<\/h1>\n<p>[\/et_pb_text][\/et_pb_column][\/et_pb_row][\/et_pb_section][et_pb_section fb_built=\u00bb1&#8243; admin_label=\u00bbMain Page Content Section\u00bb _builder_version=\u00bb4.16.0&#8243; _module_preset=\u00bbdefault\u00bb global_colors_info=\u00bb{}\u00bb][et_pb_row use_custom_gutter=\u00bbon\u00bb make_equal=\u00bbon\u00bb _builder_version=\u00bb4.17.3&#8243; _module_preset=\u00bbdefault\u00bb global_colors_info=\u00bb{}\u00bb custom_css_main_element_last_edited=\u00bbon|tablet\u00bb custom_css_main_element_tablet=\u00bbdisplay: flex;||flex-direction: column-reverse;||\u00bb custom_css_main_element_phone=\u00bbdisplay: flex;||flex-direction: column-reverse;||\u00bb][et_pb_column type=\u00bb4_4&#8243; admin_label=\u00bbColumna principal\u00bb _builder_version=\u00bb4.16.0&#8243; _module_preset=\u00bbdefault\u00bb global_colors_info=\u00bb{}\u00bb][et_pb_text module_id=\u00bbamazon\u00bb _builder_version=\u00bb4.17.4&#8243; _module_preset=\u00bbdefault\u00bb text_font=\u00bbRubik|300|||||||\u00bb header_2_font=\u00bbAnton||||||||\u00bb header_2_font_size=\u00bb2.55rem\u00bb header_2_letter_spacing=\u00bb0.1em\u00bb header_2_line_height=\u00bb1.2em\u00bb header_3_font=\u00bbTeko|500|||||||\u00bb header_3_text_color=\u00bb#2D2829&#8243; header_3_letter_spacing=\u00bb0.05em\u00bb global_colors_info=\u00bb{}\u00bb]<\/p>\n<h2>AMAZON SMILE<\/h2>\n<p>\u00a1Puedes apoyar a Pride Soccer Club mientras compras ofertas de Amazon estas Navidades! S\u00f3lo tienes que seguir el siguiente enlace, comprar tus regalos y Amazon Smile donar\u00e1 dinero al Fondo de Becas de Pride.<br \/>\n<a href=\"https:\/\/smile.amazon.com\/ch\/84-1271042\" target=\"_blank\" rel=\"noopener\"><span style=\"text-decoration: underline;\">smile.amazon.com\/ch\/84-1271042<\/span><\/a>[\/et_pb_text][et_pb_image src=\u00bbhttps:\/\/pridesoccer.com\/wp-content\/uploads\/2022\/04\/ks.png\u00bb title_text=\u00bbks\u00bb _builder_version=\u00bb4.17.0&#8243; _module_preset=\u00bbdefault\u00bb global_colors_info=\u00bb{}\u00bb][\/et_pb_image][et_pb_text module_id=\u00bbking\u00bb _builder_version=\u00bb4.17.0&#8243; _module_preset=\u00bbdefault\u00bb text_font=\u00bbRubik|300|||||||\u00bb header_2_font=\u00bbAnton||||||||\u00bb header_2_font_size=\u00bb2.55rem\u00bb header_2_letter_spacing=\u00bb0.1em\u00bb header_2_line_height=\u00bb1.2em\u00bb header_3_font=\u00bbTeko|500|||||||\u00bb header_3_text_color=\u00bb#2D2829&#8243; header_3_letter_spacing=\u00bb0.05em\u00bb global_colors_info=\u00bb{}\u00bb]<\/p>\n<h2>KING SOOPERS COMMUNITY REWARDS<br \/>\nTODO EL MUNDO NECESITA COMIDA<\/h2>\n<p>\u00bfPor qu\u00e9 no destinar un porcentaje del dinero que ya gastas en alimentaci\u00f3n a apoyar los programas de Pride Soccer y ayudar a compensar tus cuotas?<\/p>\n<p>King Soopers ha actualizado su Programa de Recompensas de la Comunidad para que te resulte a\u00fan m\u00e1s f\u00e1cil apoyar a tu club y ganar dinero para las cuotas de inscripci\u00f3n y de los equipos. Todo lo que tienes que hacer es registrar tu tarjeta de fidelidad de King Soopers siguiendo las instrucciones que aparecen a continuaci\u00f3n, y cada vez que pases tu tarjeta de fidelidad de King Soopers o introduzcas tu ID alternativo (n\u00famero de tel\u00e9fono) al pasar por caja, recaudar\u00e1s dinero para las cuotas de tus jugadores y el fondo de becas de Pride.<\/p>\n<p>PASOS SENCILLOS PARA REGISTRAR SU TARJETA DE FIDELIDAD KING SOOPERS.<br \/>\n**Si ya tiene una cuenta digital en l\u00ednea de King Soopers, vaya al paso 9.<\/p>\n<p>1. Vaya a <a href=\"https:\/\/www.kingsoopers.com\/signin?redirectUrl=\/account\/communityrewards\/\" target=\"_blank\" rel=\"noopener\">https:\/\/www.kingsoopers.com\/signin?redirectUrl=\/account\/communityrewards\/<\/a><br \/>\n2. Seleccione \u00abcrear una cuenta\u00bb.<br \/>\n3. Introduzca su c\u00f3digo postal y seleccione su tienda<br \/>\n4. En informaci\u00f3n de inicio de sesi\u00f3n, introduzca su correo electr\u00f3nico y cree una contrase\u00f1a<br \/>\n5. Introduzca su SooperCard # o su Alt ID (n\u00famero de tel\u00e9fono) que se utiliza cuando usted paga en King Soopers<br \/>\n6. Seleccione \u00abcrear cuenta\u00bb cuando haya introducido toda la informaci\u00f3n.<br \/>\n7. Se le pedir\u00e1 que compruebe su correo electr\u00f3nico para un correo de confirmaci\u00f3n<br \/>\n8. Haga clic en el hiperv\u00ednculo del correo electr\u00f3nico de confirmaci\u00f3n para terminar de crear su cuenta digital<br \/>\n9. Acceda a su cuenta digital en <a href=\"https:\/\/www.kingsoopers.com\/signin?redirectUrl=\/account\/communityrewards\/\" target=\"_blank\" rel=\"noopener\">https:\/\/www.kingsoopers.com\/signin?redirectUrl=\/account\/communityrewards\/<\/a><br \/>\n10. Seleccione Recompensas comunitarias en el men\u00fa de la izquierda<br \/>\n11. En Buscar una organizaci\u00f3n, introduzca <strong>ML303 o Pride Soccer Club<\/strong> y seleccione \u00abbuscar\u00bb.<br \/>\n12. Pulsa \u00abInscribirse\u00bb en la direcci\u00f3n del Pride Soccer Club<br \/>\n[\/et_pb_text][et_pb_text module_id=\u00bbfaq\u00bb _builder_version=\u00bb4.17.0&#8243; _module_preset=\u00bbdefault\u00bb text_font=\u00bbRubik|300|||||||\u00bb header_2_font=\u00bbAnton||||||||\u00bb header_2_font_size=\u00bb2.55rem\u00bb header_2_letter_spacing=\u00bb0.1em\u00bb header_2_line_height=\u00bb1.2em\u00bb header_3_font=\u00bbTeko|500|||||||\u00bb header_3_text_color=\u00bb#2D2829&#8243; header_3_letter_spacing=\u00bb0.05em\u00bb global_colors_info=\u00bb{}\u00bb]<\/p>\n<h2>PREGUNTAS M\u00c1S FRECUENTES<\/h2>\n<p>[\/et_pb_text][et_pb_toggle title=\u00bbQ. \u00bfQu\u00e9 es el programa Community Rewards de King Soopers y c\u00f3mo funciona?\u00bb icon_color=\u00bb#b20d35&#8243; open_icon_color=\u00bb#b20d35&#8243; _builder_version=\u00bb4.17.0&#8243; _module_preset=\u00bbdefault\u00bb title_text_color=\u00bb#b20d35&#8243; title_font=\u00bb||||||||\u00bb title_letter_spacing=\u00bb0.1em\u00bb title_line_height=\u00bb1.6em\u00bb background_color=\u00bb#FFFFFF\u00bb custom_margin=\u00bb||0px||false|false\u00bb custom_padding=\u00bb||1rem||false|false\u00bb custom_css_toggle_title=\u00bbtext-transform: none!important;\u00bb border_width_all=\u00bb0px\u00bb border_width_bottom=\u00bb2px\u00bb border_color_bottom=\u00bb#b20d35&#8243; global_colors_info=\u00bb{}\u00bb]A. King Soopers se ha comprometido a donar 10 millones de d\u00f3lares al a\u00f1o para apoyar a organizaciones locales sin \u00e1nimo de lucro a trav\u00e9s de su Programa de Recompensas de la Comunidad y parte de ese dinero puede destinarse a las cuotas de inscripci\u00f3n y del equipo de tu jugador. Todo lo que tiene que hacer es registrar su tarjeta de fidelidad y despu\u00e9s comprar en King Soopers y pasar su SooperCard (o introducir su alt ID). Un porcentaje de todo lo que gastes en King Soopers se destinar\u00e1 a Pride Soccer. Al final de cada trimestre, King Soopers enviar\u00e1 un cheque a Pride Soccer por el importe total que hayan recaudado todos nuestros miembros inscritos. El 50% de esa cantidad se destinar\u00e1 a nuestro fondo de becas. El otro 50% se destinar\u00e1 a las cuotas de inscripci\u00f3n y de los equipos.<br \/>\n[\/et_pb_toggle][et_pb_toggle title=\u00bbQ. \u00bfC\u00f3mo se aplica el dinero que recaudo a mis cuotas de inscripci\u00f3n y de equipo con Pride Soccer?\u00bb icon_color=\u00bb#b20d35&#8243; open_icon_color=\u00bb#b20d35&#8243; _builder_version=\u00bb4.17.0&#8243; _module_preset=\u00bbdefault\u00bb title_text_color=\u00bb#b20d35&#8243; title_font=\u00bb||||||||\u00bb title_letter_spacing=\u00bb0.1em\u00bb title_line_height=\u00bb1.6em\u00bb background_color=\u00bb#FFFFFF\u00bb custom_margin=\u00bb||0px||false|false\u00bb custom_padding=\u00bb||1rem||false|false\u00bb custom_css_toggle_title=\u00bbtext-transform: none!important;\u00bb border_width_all=\u00bb0px\u00bb border_width_bottom=\u00bb2px\u00bb border_color_bottom=\u00bb#b20d35&#8243; global_colors_info=\u00bb{}\u00bb]A. Debido a las pol\u00edticas de privacidad de King Soopers, King Soopers no podr\u00e1 compartir ninguna informaci\u00f3n con Pride sobre cu\u00e1nto ha recaudado cada persona. Pride Soccer s\u00f3lo recibir\u00e1 el total general de todos los miembros de la tarjeta de fidelidad registrados. Para que tu parte se aplique a tu cuenta con Pride Soccer, tendr\u00e1s que iniciar sesi\u00f3n en tu cuenta de King Soopers y hacer una captura de pantalla de tu extracto trimestral de recompensas comunitarias que mostrar\u00e1 la cantidad que has recaudado. Env\u00ede esa captura de pantalla por correo electr\u00f3nico a hlevett@pridesoccer.com (le enviaremos un correo electr\u00f3nico al final de cada trimestre para record\u00e1rselo). El 50% se aplicar\u00e1 a tus tasas de inscripci\u00f3n o se enviar\u00e1 a tu jefe de equipo para cubrir las tasas de equipo. El otro 50% se destinar\u00e1 al fondo de becas de Pride.<br \/>\n[\/et_pb_toggle][et_pb_toggle title=\u00bbQ. \u00bfCu\u00e1les son los periodos de ingresos y con qu\u00e9 frecuencia tendr\u00e9 que enviar por correo electr\u00f3nico mi extracto a Pride?\u00bb icon_color=\u00bb#b20d35&#8243; open_icon_color=\u00bb#b20d35&#8243; _builder_version=\u00bb4.17.0&#8243; _module_preset=\u00bbdefault\u00bb title_text_color=\u00bb#b20d35&#8243; title_font=\u00bb||||||||\u00bb title_letter_spacing=\u00bb0.1em\u00bb title_line_height=\u00bb1.6em\u00bb background_color=\u00bb#FFFFFF\u00bb custom_margin=\u00bb||0px||false|false\u00bb custom_padding=\u00bb||1rem||false|false\u00bb custom_css_toggle_title=\u00bbtext-transform: none!important;\u00bb border_width_all=\u00bb0px\u00bb border_width_bottom=\u00bb2px\u00bb border_color_bottom=\u00bb#b20d35&#8243; global_colors_info=\u00bb{}\u00bb]A. El programa funcionar\u00e1 por trimestres. Los fondos se acumular\u00e1n a lo largo de 3 meses y, a continuaci\u00f3n, el extracto se contabilizar\u00e1 en su cuenta King Soopers en un plazo de 30 d\u00edas a partir del final del periodo de acumulaci\u00f3n. Le enviaremos correos electr\u00f3nicos para recordarle que nos env\u00ede su declaraci\u00f3n en abril, julio, octubre y enero.<\/p>\n<p>&nbsp;<\/p>\n<table class=\"responsive\" border=\"0\">\n<tbody>\n<tr>\n<td><strong>Per\u00edodo de ganancia<\/strong><\/td>\n<td><strong>Cheque de recompensas y extractos recibidos por<\/strong><\/td>\n<\/tr>\n<tr>\n<td>1 de enero &#8211; 31 de marzo<\/td>\n<td>30 de abril<\/td>\n<\/tr>\n<tr>\n<td>1 de abril &#8211; 30 de junio<\/td>\n<td>31 de julio<\/td>\n<\/tr>\n<tr>\n<td>1 de julio &#8211; 30 de septiembre<\/td>\n<td>31 de octubre<\/td>\n<\/tr>\n<tr>\n<td>1 de octubre &#8211; 31 de diciembre<\/td>\n<td>31 de enero<\/td>\n<\/tr>\n<\/tbody>\n<\/table>\n<p>[\/et_pb_toggle][et_pb_toggle title=\u00bbQ. \u00bfCu\u00e1ndo empezar\u00e1 a funcionar el Programa de Recompensas de la Comunidad de King Soopers?\u00bb icon_color=\u00bb#b20d35&#8243; open_icon_color=\u00bb#b20d35&#8243; _builder_version=\u00bb4.17.0&#8243; _module_preset=\u00bbdefault\u00bb title_text_color=\u00bb#b20d35&#8243; title_font=\u00bb||||||||\u00bb title_letter_spacing=\u00bb0.1em\u00bb title_line_height=\u00bb1.6em\u00bb background_color=\u00bb#FFFFFF\u00bb custom_margin=\u00bb||0px||false|false\u00bb custom_padding=\u00bb||1rem||false|false\u00bb custom_css_toggle_title=\u00bbtext-transform: none!important;\u00bb border_width_all=\u00bb0px\u00bb border_width_bottom=\u00bb2px\u00bb border_color_bottom=\u00bb#b20d35&#8243; global_colors_info=\u00bb{}\u00bb]A. Puede registrar su tarjeta de fidelidad en cualquier momento siguiendo las instrucciones anteriores. Las tarjetas de fidelizaci\u00f3n registradas comenzar\u00e1n a ganar dinero el 1 de abril de 2019.<br \/>\n[\/et_pb_toggle][et_pb_toggle title=\u00bbQ. \u00bfQu\u00e9 necesito para crear mi programa comunitario de recompensas?\u00bb icon_color=\u00bb#b20d35&#8243; open_icon_color=\u00bb#b20d35&#8243; _builder_version=\u00bb4.17.0&#8243; _module_preset=\u00bbdefault\u00bb title_text_color=\u00bb#b20d35&#8243; title_font=\u00bb||||||||\u00bb title_letter_spacing=\u00bb0.1em\u00bb title_line_height=\u00bb1.6em\u00bb background_color=\u00bb#FFFFFF\u00bb custom_margin=\u00bb||0px||false|false\u00bb custom_padding=\u00bb||1rem||false|false\u00bb custom_css_toggle_title=\u00bbtext-transform: none!important;\u00bb border_width_all=\u00bb0px\u00bb border_width_bottom=\u00bb2px\u00bb border_color_bottom=\u00bb#b20d35&#8243; global_colors_info=\u00bb{}\u00bb]A. Necesita una tarjeta de fidelidad de King Soopers y una cuenta digital que se puede crear en el sitio web de King Soopers. Instrucciones para guiarte a trav\u00e9s de los pasos para crear una cuenta digital y seleccionar Pride Soccer en la organizaci\u00f3n a la que te gustar\u00eda apoyar en la parte superior.<br \/>\n[\/et_pb_toggle][et_pb_toggle title=\u00bbQ. \u00bfCon qu\u00e9 frecuencia tengo que volver a inscribir mi tarjeta de fidelidad en Pride?\u00bb icon_color=\u00bb#b20d35&#8243; open_icon_color=\u00bb#b20d35&#8243; _builder_version=\u00bb4.17.0&#8243; _module_preset=\u00bbdefault\u00bb title_text_color=\u00bb#b20d35&#8243; title_font=\u00bb||||||||\u00bb title_letter_spacing=\u00bb0.1em\u00bb title_line_height=\u00bb1.6em\u00bb background_color=\u00bb#FFFFFF\u00bb custom_margin=\u00bb||0px||false|false\u00bb custom_padding=\u00bb||1rem||false|false\u00bb custom_css_toggle_title=\u00bbtext-transform: none!important;\u00bb border_width_all=\u00bb0px\u00bb border_width_bottom=\u00bb2px\u00bb border_color_bottom=\u00bb#b20d35&#8243; global_colors_info=\u00bb{}\u00bb]A. S\u00f3lo tiene que inscribir su tarjeta de fidelidad una vez. Los clientes permanecer\u00e1n autom\u00e1ticamente inscritos en Pride Soccer hasta que decidan cambiar de organizaci\u00f3n o dejar de participar, lo que pueden hacer en su cuenta de Kingsoopers.com.<br \/>\n[\/et_pb_toggle][et_pb_toggle title=\u00bbQ. \u00bfTodo lo que hay en mi cesta de la compra cuenta para mi donaci\u00f3n a Pride Soccer?\u00bb icon_color=\u00bb#b20d35&#8243; open_icon_color=\u00bb#b20d35&#8243; _builder_version=\u00bb4.17.0&#8243; _module_preset=\u00bbdefault\u00bb title_text_color=\u00bb#b20d35&#8243; title_font=\u00bb||||||||\u00bb title_letter_spacing=\u00bb0.1em\u00bb title_line_height=\u00bb1.6em\u00bb background_color=\u00bb#FFFFFF\u00bb custom_margin=\u00bb||0px||false|false\u00bb custom_padding=\u00bb||1rem||false|false\u00bb custom_css_toggle_title=\u00bbtext-transform: none!important;\u00bb border_width_all=\u00bb0px\u00bb border_width_bottom=\u00bb2px\u00bb border_color_bottom=\u00bb#b20d35&#8243; global_colors_info=\u00bb{}\u00bb]A. Los simpatizantes pueden obtener recompensas en la mayor\u00eda de los art\u00edculos cada vez que compran, pero hay art\u00edculos espec\u00edficos que no pueden obtener recompensas, como el alcohol, los productos del tabaco, los gastos de farmacia subvencionados por el gobierno, los sellos de correos, el combustible y el impuesto sobre las ventas.<br \/>\n[\/et_pb_toggle][\/et_pb_column][\/et_pb_row][\/et_pb_section]<\/p>\n","protected":false},"excerpt":{"rendered":"<p>Recaudaci\u00f3n de fondos AMAZON SMILE \u00a1Puedes apoyar a Pride Soccer Club mientras compras ofertas de Amazon estas Navidades! S\u00f3lo tienes que seguir el siguiente enlace, comprar tus regalos y Amazon Smile donar\u00e1 dinero al Fondo de Becas de Pride. smile.amazon.com\/ch\/84-1271042KING SOOPERS COMMUNITY REWARDS TODO EL MUNDO NECESITA COMIDA \u00bfPor qu\u00e9 no destinar un porcentaje del [&hellip;]<\/p>\n","protected":false},"author":8,"featured_media":109177,"parent":109747,"menu_order":0,"comment_status":"closed","ping_status":"closed","template":"","meta":{"_seopress_robots_primary_cat":"","_seopress_titles_title":"Recaudaci\u00f3n de fondos para el f\u00fatbol - Colorado Springs - Pride Soccer","_seopress_titles_desc":"Puedes apoyar al Pride Soccer Club mientras compras en Amazon durante la temporada navide\u00f1a, o recaudando recompensas comunitarias cuando compras en King Soopers al hacer la compra.  ","_seopress_robots_index":"","_et_pb_use_builder":"on","_et_pb_old_content":"","_et_gb_content_width":"","footnotes":""},"dipi_cpt_category":[],"wf_page_folders":[42],"class_list":["post-109568","page","type-page","status-publish","has-post-thumbnail","hentry"],"_links":{"self":[{"href":"https:\/\/pridesoccer.com\/es\/wp-json\/wp\/v2\/pages\/109568","targetHints":{"allow":["GET"]}}],"collection":[{"href":"https:\/\/pridesoccer.com\/es\/wp-json\/wp\/v2\/pages"}],"about":[{"href":"https:\/\/pridesoccer.com\/es\/wp-json\/wp\/v2\/types\/page"}],"author":[{"embeddable":true,"href":"https:\/\/pridesoccer.com\/es\/wp-json\/wp\/v2\/users\/8"}],"replies":[{"embeddable":true,"href":"https:\/\/pridesoccer.com\/es\/wp-json\/wp\/v2\/comments?post=109568"}],"version-history":[{"count":0,"href":"https:\/\/pridesoccer.com\/es\/wp-json\/wp\/v2\/pages\/109568\/revisions"}],"up":[{"embeddable":true,"href":"https:\/\/pridesoccer.com\/es\/wp-json\/wp\/v2\/pages\/109747"}],"wp:featuredmedia":[{"embeddable":true,"href":"https:\/\/pridesoccer.com\/es\/wp-json\/wp\/v2\/media\/109177"}],"wp:attachment":[{"href":"https:\/\/pridesoccer.com\/es\/wp-json\/wp\/v2\/media?parent=109568"}],"wp:term":[{"taxonomy":"dipi_cpt_category","embeddable":true,"href":"https:\/\/pridesoccer.com\/es\/wp-json\/wp\/v2\/dipi_cpt_category?post=109568"},{"taxonomy":"wf_page_folders","embeddable":true,"href":"https:\/\/pridesoccer.com\/es\/wp-json\/wp\/v2\/wf_page_folders?post=109568"}],"curies":[{"name":"wp","href":"https:\/\/api.w.org\/{rel}","templated":true}]}}