{"id":109722,"date":"2022-05-13T16:15:17","date_gmt":"2022-05-13T22:15:17","guid":{"rendered":"https:\/\/pridesoccer.com\/personal-de-oficina\/"},"modified":"2025-03-24T05:41:41","modified_gmt":"2025-03-24T11:41:41","slug":"personal-de-oficina","status":"publish","type":"page","link":"https:\/\/pridesoccer.com\/es\/acerca-de\/personal-de-oficina\/","title":{"rendered":"Personal de oficina"},"content":{"rendered":"<p>[et_pb_section fb_built=\u00bb1&#8243; custom_padding_last_edited=\u00bbon|phone\u00bb admin_label=\u00bbHero\u00bb _builder_version=\u00bb4.17.0&#8243; _dynamic_attributes=\u00bbbackground_image\u00bb _module_preset=\u00bbdefault\u00bb background_color=\u00bb#000000&#8243; use_background_color_gradient=\u00bbon\u00bb background_color_gradient_type=\u00bbcircular\u00bb background_color_gradient_stops=\u00bbrgba(45,40,41,0.7) 0%|rgba(45,40,41,0) 93%\u00bb background_color_gradient_overlays_image=\u00bbon\u00bb background_image=\u00bb@ET-DC@eyJkeW5hbWljIjp0cnVlLCJjb250ZW50IjoicG9zdF9mZWF0dXJlZF9pbWFnZSIsInNldHRpbmdzIjp7fX0=@\u00bb height=\u00bb30rem\u00bb height_tablet=\u00bb24rem\u00bb height_phone=\u00bb21rem\u00bb height_last_edited=\u00bbon|phone\u00bb custom_padding=\u00bb7%||7%||true|false\u00bb custom_padding_tablet=\u00bb7%||7%||true|false\u00bb custom_padding_phone=\u00bb7%||7%||true|false\u00bb background_last_edited=\u00bbon|desktop\u00bb custom_css_main_element=\u00bbdisplay: flex;||align-content: center;||justify-content: center;||align-items: center;\u00bb global_colors_info=\u00bb{}\u00bb][et_pb_row _builder_version=\u00bb4.16&#8243; _module_preset=\u00bbdefault\u00bb custom_margin=\u00bbauto||auto||false|false\u00bb global_colors_info=\u00bb{}\u00bb][et_pb_column type=\u00bb4_4&#8243; _builder_version=\u00bb4.16&#8243; _module_preset=\u00bbdefault\u00bb global_colors_info=\u00bb{}\u00bb][et_pb_text admin_label=\u00bbTitle H1&#8243; _builder_version=\u00bb4.17.0&#8243; _module_preset=\u00bbdefault\u00bb text_font=\u00bb|300|||||||\u00bb header_font=\u00bbAnton||||||||\u00bb header_text_color=\u00bb#FFFFFF\u00bb header_font_size=\u00bb4.5rem\u00bb header_2_font_size=\u00bb2.55rem\u00bb header_2_letter_spacing=\u00bb-0.01em\u00bb header_2_line_height=\u00bb1.26em\u00bb module_alignment=\u00bbcenter\u00bb custom_margin=\u00bb||0px||false|false\u00bb custom_padding=\u00bb||0px||false|false\u00bb header_font_size_tablet=\u00bb3.5rem\u00bb header_font_size_phone=\u00bb2.5rem\u00bb header_font_size_last_edited=\u00bbon|phone\u00bb global_colors_info=\u00bb{}\u00bb]<\/p>\n<h1 style=\"text-align: center;\">oficina Personal<\/h1>\n<p>[\/et_pb_text][\/et_pb_column][\/et_pb_row][\/et_pb_section][et_pb_section fb_built=\u00bb1&#8243; admin_label=\u00bbMain Page Content Section\u00bb _builder_version=\u00bb4.16.0&#8243; _module_preset=\u00bbdefault\u00bb locked=\u00bboff\u00bb global_colors_info=\u00bb{}\u00bb][et_pb_row _builder_version=\u00bb4.17.4&#8243; _module_preset=\u00bbdefault\u00bb global_colors_info=\u00bb{}\u00bb][et_pb_column type=\u00bb4_4&#8243; _builder_version=\u00bb4.17.4&#8243; _module_preset=\u00bbdefault\u00bb global_colors_info=\u00bb{}\u00bb][et_pb_text module_id=\u00bbcentura\u00bb _builder_version=\u00bb4.18.0&#8243; _module_preset=\u00bbdefault\u00bb text_font=\u00bbRubik|300|||||||\u00bb header_2_font=\u00bbAnton||||||||\u00bb header_2_font_size=\u00bb2.55rem\u00bb header_2_letter_spacing=\u00bb0.1em\u00bb header_2_line_height=\u00bb1.2em\u00bb header_3_font=\u00bbTeko|500|||||||\u00bb header_3_text_color=\u00bb#2D2829&#8243; header_3_letter_spacing=\u00bb0.05em\u00bb global_colors_info=\u00bb{}\u00bb]<\/p>\n<h2>Conozca a nuestro personal<\/h2>\n<p>Estamos aqu\u00ed para ofrecerle a usted y a su familia la mejor experiencia de f\u00fatbol juvenil posible.<\/p>\n<p>[\/et_pb_text][\/et_pb_column][\/et_pb_row][et_pb_row _builder_version=\u00bb4.17.4&#8243; _module_preset=\u00bbdefault\u00bb locked=\u00bboff\u00bb global_colors_info=\u00bb{}\u00bb][et_pb_column type=\u00bb4_4&#8243; saved_specialty_column_type=\u00bb3_4&#8243; _builder_version=\u00bb4.17.4&#8243; _module_preset=\u00bbdefault\u00bb global_colors_info=\u00bb{}\u00bb][et_pb_team_member name=\u00bbHeather Ward\u00bb image_url=\u00bbhttps:\/\/pridesoccer.com\/wp-content\/uploads\/2025\/03\/Heather-Ward_2503_square.jpg\u00bb _builder_version=\u00bb4.27.4&#8243; _module_preset=\u00bbdefault\u00bb header_font_size=\u00bb42px\u00bb body_font=\u00bb|300|||||||\u00bb position_font=\u00bbTeko|600||on|||||\u00bb position_text_color=\u00bb#2D2829&#8243; position_font_size=\u00bb32px\u00bb position_letter_spacing=\u00bb2px\u00bb custom_css_member_image=\u00bbfloat: left;\u00bb custom_css_member_position=\u00bbmargin-bottom: 20px;\u00bb global_colors_info=\u00bb{}\u00bb]<\/p>\n<p><span class=\"position\"><span>Secretario y coordinador de arbitraje<\/span><\/span><\/p>\n<p>Tel: 719 597-6700 x205<br \/>Correo electr\u00f3nico: <a href=\"mailto:pdavison@pridesoccer.com\">hward@pridesoccer.com<\/a><\/p>\n<p>[\/et_pb_team_member][et_pb_team_member name=\u00bbSARAH LAPIDES\u00bb image_url=\u00bbhttps:\/\/pridesoccer.com\/wp-content\/uploads\/2023\/07\/Sarah-Pride-Staff-photo-website.png\u00bb _builder_version=\u00bb4.27.4&#8243; _module_preset=\u00bbdefault\u00bb header_font_size=\u00bb42px\u00bb body_font=\u00bb|300|||||||\u00bb position_font=\u00bbTeko|600||on|||||\u00bb position_text_color=\u00bb#2D2829&#8243; position_font_size=\u00bb32px\u00bb position_letter_spacing=\u00bb2px\u00bb hover_enabled=\u00bb0&#8243; custom_css_member_image=\u00bbfloat: left;\u00bb custom_css_member_position=\u00bbmargin-bottom: 20px;\u00bb global_colors_info=\u00bb{}\u00bb title_text=\u00bbSarah Pride Staff photo website\u00bb sticky_enabled=\u00bb0&#8243;]<\/p>\n<p><span class=\"position\"><span>DIRECTOR ADMINISTRATIVO<\/span><\/span><\/p>\n<p>Tel\u00e9fono 719 597-6700 x218<\/p>\n<p>Correo electr\u00f3nico: <a href=\"mailto:slapides@pridesoccer.com\">slapides@pridesoccer.com<\/a><\/p>\n<p>[\/et_pb_team_member][et_pb_team_member name=\u00bbSharon Detter\u00bb image_url=\u00bbhttps:\/\/pridesoccer.com\/wp-content\/uploads\/2022\/04\/Sharon-Detter.jpg\u00bb _builder_version=\u00bb4.19.4&#8243; _module_preset=\u00bbdefault\u00bb header_font_size=\u00bb42px\u00bb body_font=\u00bb|300|||||||\u00bb position_font=\u00bbTeko|600||on|||||\u00bb position_text_color=\u00bb#2D2829&#8243; position_font_size=\u00bb32px\u00bb position_letter_spacing=\u00bb2px\u00bb custom_css_member_image=\u00bbfloat: left;\u00bb custom_css_member_position=\u00bbmargin-bottom: 20px;\u00bb global_colors_info=\u00bb{}\u00bb]<\/p>\n<p><span class=\"position\">Contable del club<\/span><\/p>\n<p>Tel\u00e9fono 719 597-6700 x202<\/p>\n<p>Correo electr\u00f3nico: <a href=\"mailto:bcontreras@pridesoccer.com\">sdetter@pridesoccer.com<\/a><\/p>\n<p>[\/et_pb_team_member][et_pb_team_member name=\u00bbCandy Brooks\u00bb image_url=\u00bbhttps:\/\/pridesoccer.com\/wp-content\/uploads\/2025\/03\/Candy-Brooks_2503_square.jpg\u00bb _builder_version=\u00bb4.27.4&#8243; _module_preset=\u00bbdefault\u00bb header_font_size=\u00bb42px\u00bb body_font=\u00bb|300|||||||\u00bb position_font=\u00bbTeko|600||on|||||\u00bb position_text_color=\u00bb#2D2829&#8243; position_font_size=\u00bb32px\u00bb position_letter_spacing=\u00bb2px\u00bb custom_css_member_image=\u00bbfloat: left;\u00bb custom_css_member_position=\u00bbmargin-bottom: 20px;\u00bb global_colors_info=\u00bb{}\u00bb]<\/p>\n<p><span class=\"position\">Director Ejecutivo<\/span><\/p>\n<p>Tel\u00e9fono 719 597-6700 x201<\/p>\n<p>Correo electr\u00f3nico: <a href=\"mailto:jrayner@pridesoccer.com\">cbrooks@pridesoccer.com<\/a><\/p>\n<p>[\/et_pb_team_member][\/et_pb_column][\/et_pb_row][\/et_pb_section]<\/p>\n","protected":false},"excerpt":{"rendered":"<p>oficina PersonalConozca a nuestro personal Estamos aqu\u00ed para ofrecerle a usted y a su familia la mejor experiencia de f\u00fatbol juvenil posible.Secretario y coordinador de arbitraje Tel: 719 597-6700 x205Correo electr\u00f3nico: hward@pridesoccer.comDIRECTOR ADMINISTRATIVO Tel\u00e9fono 719 597-6700 x218 Correo electr\u00f3nico: slapides@pridesoccer.comContable del club Tel\u00e9fono 719 597-6700 x202 Correo electr\u00f3nico: sdetter@pridesoccer.comDirector Ejecutivo Tel\u00e9fono 719 597-6700 x201 Correo [&hellip;]<\/p>\n","protected":false},"author":8,"featured_media":109186,"parent":109871,"menu_order":0,"comment_status":"closed","ping_status":"closed","template":"","meta":{"_seopress_robots_primary_cat":"","_seopress_titles_title":"Cont\u00e1ctenos - Pride Soccer - Colorado Springs","_seopress_titles_desc":"Pride Soccer Club es una organizaci\u00f3n de f\u00fatbol sin \u00e1nimo de lucro que eleva el nivel del f\u00fatbol proporcionando a los jugadores j\u00f3venes una experiencia de calidad en un entorno seguro, positivo y estimulante.  ","_seopress_robots_index":"","_et_pb_use_builder":"on","_et_pb_old_content":"","_et_gb_content_width":"","footnotes":""},"dipi_cpt_category":[],"wf_page_folders":[37],"class_list":["post-109722","page","type-page","status-publish","has-post-thumbnail","hentry"],"_links":{"self":[{"href":"https:\/\/pridesoccer.com\/es\/wp-json\/wp\/v2\/pages\/109722","targetHints":{"allow":["GET"]}}],"collection":[{"href":"https:\/\/pridesoccer.com\/es\/wp-json\/wp\/v2\/pages"}],"about":[{"href":"https:\/\/pridesoccer.com\/es\/wp-json\/wp\/v2\/types\/page"}],"author":[{"embeddable":true,"href":"https:\/\/pridesoccer.com\/es\/wp-json\/wp\/v2\/users\/8"}],"replies":[{"embeddable":true,"href":"https:\/\/pridesoccer.com\/es\/wp-json\/wp\/v2\/comments?post=109722"}],"version-history":[{"count":0,"href":"https:\/\/pridesoccer.com\/es\/wp-json\/wp\/v2\/pages\/109722\/revisions"}],"up":[{"embeddable":true,"href":"https:\/\/pridesoccer.com\/es\/wp-json\/wp\/v2\/pages\/109871"}],"wp:featuredmedia":[{"embeddable":true,"href":"https:\/\/pridesoccer.com\/es\/wp-json\/wp\/v2\/media\/109186"}],"wp:attachment":[{"href":"https:\/\/pridesoccer.com\/es\/wp-json\/wp\/v2\/media?parent=109722"}],"wp:term":[{"taxonomy":"dipi_cpt_category","embeddable":true,"href":"https:\/\/pridesoccer.com\/es\/wp-json\/wp\/v2\/dipi_cpt_category?post=109722"},{"taxonomy":"wf_page_folders","embeddable":true,"href":"https:\/\/pridesoccer.com\/es\/wp-json\/wp\/v2\/wf_page_folders?post=109722"}],"curies":[{"name":"wp","href":"https:\/\/api.w.org\/{rel}","templated":true}]}}