{"id":109908,"date":"2022-05-26T02:18:04","date_gmt":"2022-05-26T08:18:04","guid":{"rendered":"https:\/\/pridesoccer.com\/recursos\/orgullo-sc-core\/"},"modified":"2023-04-06T13:01:10","modified_gmt":"2023-04-06T19:01:10","slug":"orgullo-sc-core","status":"publish","type":"page","link":"https:\/\/pridesoccer.com\/es\/recursos\/orgullo-sc-core\/","title":{"rendered":"Orgullo SC CORE"},"content":{"rendered":"<p>[et_pb_section fb_built=\u00bb1&#8243; custom_padding_last_edited=\u00bbon|phone\u00bb admin_label=\u00bbHero\u00bb _builder_version=\u00bb4.20.2&#8243; _module_preset=\u00bbdefault\u00bb background_color=\u00bb#000000&#8243; use_background_color_gradient=\u00bbon\u00bb background_color_gradient_type=\u00bbcircular\u00bb background_color_gradient_stops=\u00bbrgba(45,40,41,0.7) 0%|rgba(45,40,41,0) 93%\u00bb background_color_gradient_overlays_image=\u00bbon\u00bb background_image=\u00bbhttps:\/\/pridesoccer.com\/wp-content\/uploads\/2023\/04\/Kasia-Daniels-4AFD3ED2-3343-4333-B6C4-66BE3ADB51C4.jpeg\u00bb background_position=\u00bbtop_center\u00bb height=\u00bb30rem\u00bb height_tablet=\u00bb24rem\u00bb height_phone=\u00bb21rem\u00bb height_last_edited=\u00bbon|phone\u00bb custom_padding=\u00bb7%||7%||true|false\u00bb custom_padding_tablet=\u00bb7%||7%||true|false\u00bb custom_padding_phone=\u00bb7%||7%||true|false\u00bb hover_enabled=\u00bb0&#8243; background_last_edited=\u00bbon|desktop\u00bb custom_css_main_element=\u00bbdisplay: flex;||align-content: center;||justify-content: center;||align-items: center;\u00bb global_colors_info=\u00bb{}\u00bb title_text=\u00bbKasia Daniels &#8211; 4AFD3ED2-3343-4333-B6C4-66BE3ADB51C4&#8243; background_vertical_offset=\u00bb49%\u00bb sticky_enabled=\u00bb0&#8243;][et_pb_row _builder_version=\u00bb4.20.2&#8243; _module_preset=\u00bbdefault\u00bb custom_margin=\u00bbauto||auto||false|false\u00bb hover_enabled=\u00bb0&#8243; global_colors_info=\u00bb{}\u00bb sticky_enabled=\u00bb0&#8243;][et_pb_column type=\u00bb4_4&#8243; _builder_version=\u00bb4.16&#8243; _module_preset=\u00bbdefault\u00bb global_colors_info=\u00bb{}\u00bb][et_pb_text admin_label=\u00bbTitle H1&#8243; _builder_version=\u00bb4.17.0&#8243; _module_preset=\u00bbdefault\u00bb text_font=\u00bb|300|||||||\u00bb header_font=\u00bbAnton||||||||\u00bb header_text_color=\u00bb#FFFFFF\u00bb header_font_size=\u00bb4.5rem\u00bb header_2_font_size=\u00bb2.55rem\u00bb header_2_letter_spacing=\u00bb-0.01em\u00bb header_2_line_height=\u00bb1.26em\u00bb module_alignment=\u00bbcenter\u00bb custom_margin=\u00bb||0px||false|false\u00bb custom_padding=\u00bb||0px||false|false\u00bb header_font_size_tablet=\u00bb3.5rem\u00bb header_font_size_phone=\u00bb2.5rem\u00bb header_font_size_last_edited=\u00bbon|phone\u00bb global_colors_info=\u00bb{}\u00bb]<\/p>\n<h1 style=\"text-align: center;\">N\u00facleo Pride SC<\/h1>\n<p>[\/et_pb_text][\/et_pb_column][\/et_pb_row][\/et_pb_section][et_pb_section fb_built=\u00bb1&#8243; admin_label=\u00bbMain Page Content Section\u00bb _builder_version=\u00bb4.16.0&#8243; _module_preset=\u00bbdefault\u00bb global_colors_info=\u00bb{}\u00bb][et_pb_row use_custom_gutter=\u00bbon\u00bb make_equal=\u00bbon\u00bb _builder_version=\u00bb4.17.3&#8243; _module_preset=\u00bbdefault\u00bb global_colors_info=\u00bb{}\u00bb custom_css_main_element_last_edited=\u00bbon|tablet\u00bb custom_css_main_element_tablet=\u00bbdisplay: flex;||flex-direction: column-reverse;||\u00bb custom_css_main_element_phone=\u00bbdisplay: flex;||flex-direction: column-reverse;||\u00bb][et_pb_column type=\u00bb4_4&#8243; admin_label=\u00bbColumna principal\u00bb _builder_version=\u00bb4.16.0&#8243; _module_preset=\u00bbdefault\u00bb global_colors_info=\u00bb{}\u00bb][et_pb_text module_id=\u00bbheads-up\u00bb _builder_version=\u00bb4.17.4&#8243; _module_preset=\u00bbdefault\u00bb text_font=\u00bbRubik|300|||||||\u00bb header_2_font=\u00bbAnton||||||||\u00bb header_2_font_size=\u00bb2.55rem\u00bb header_2_letter_spacing=\u00bb0.1em\u00bb header_2_line_height=\u00bb1.2em\u00bb header_3_font=\u00bbTeko|500|||||||\u00bb header_3_text_color=\u00bb#2D2829&#8243; header_3_letter_spacing=\u00bb0.05em\u00bb global_colors_info=\u00bb{}\u00bb]<\/p>\n<h2>Pride lanza un nuevo Programa de Salud Mental-CORE<\/h2>\n<p>Pride Soccer Club se complace en anunciar el lanzamiento oficial de nuestro nuevo programa, llamado CORE, que se dedicar\u00e1 a construir una Cultura de Resiliencia a trav\u00e9s de la Educaci\u00f3n.<\/p>\n<p>El programa ofrecer\u00e1 oportunidades educativas y recursos centrados en la salud mental, la prevenci\u00f3n del suicidio y el rendimiento mental en el campo para todos los niveles de la comunidad Pride, incluido el personal, los entrenadores (a tiempo completo, contratistas independientes y voluntarios), los padres y, por supuesto, los propios jugadores.<\/p>\n<p>El programa ya ha organizado con \u00e9xito dos cursos de formaci\u00f3n, uno para entrenadores y otro para padres. Nuestro objetivo es llegar a cada persona de nuestra comunidad y tener un impacto positivo en la salud y el bienestar general de cada uno de ustedes. El sitio web de CORE estar\u00e1 operativo en breve. Se actualizar\u00e1 constantemente con noticias, pr\u00f3ximas oportunidades de formaci\u00f3n y los recursos m\u00e1s recientes. Permanezca atento.<\/p>\n<p>[\/et_pb_text][\/et_pb_column][\/et_pb_row][\/et_pb_section]<\/p>\n","protected":false},"excerpt":{"rendered":"<p>N\u00facleo Pride SCPride lanza un nuevo Programa de Salud Mental-CORE Pride Soccer Club se complace en anunciar el lanzamiento oficial de nuestro nuevo programa, llamado CORE, que se dedicar\u00e1 a construir una Cultura de Resiliencia a trav\u00e9s de la Educaci\u00f3n. El programa ofrecer\u00e1 oportunidades educativas y recursos centrados en la salud mental, la prevenci\u00f3n del [&hellip;]<\/p>\n","protected":false},"author":8,"featured_media":109173,"parent":109747,"menu_order":0,"comment_status":"closed","ping_status":"closed","template":"","meta":{"_seopress_robots_primary_cat":"","_seopress_titles_title":"Concienciaci\u00f3n sobre conmociones cerebrales - Club de f\u00fatbol - Pride Soccer","_seopress_titles_desc":"Todos los entrenadores de Pride est\u00e1n obligados a completar la formaci\u00f3n en l\u00ednea sobre conmociones cerebrales de los CDC y la posterior certificaci\u00f3n en concienciaci\u00f3n sobre conmociones cerebrales cada 2 a\u00f1os. Se recomienda encarecidamente a padres y jugadores que se informen tambi\u00e9n sobre los s\u00edntomas y el tratamiento de las conmociones cerebrales.  \n","_seopress_robots_index":"","_et_pb_use_builder":"on","_et_pb_old_content":"","_et_gb_content_width":"","footnotes":""},"dipi_cpt_category":[],"wf_page_folders":[42],"class_list":["post-109908","page","type-page","status-publish","has-post-thumbnail","hentry"],"_links":{"self":[{"href":"https:\/\/pridesoccer.com\/es\/wp-json\/wp\/v2\/pages\/109908","targetHints":{"allow":["GET"]}}],"collection":[{"href":"https:\/\/pridesoccer.com\/es\/wp-json\/wp\/v2\/pages"}],"about":[{"href":"https:\/\/pridesoccer.com\/es\/wp-json\/wp\/v2\/types\/page"}],"author":[{"embeddable":true,"href":"https:\/\/pridesoccer.com\/es\/wp-json\/wp\/v2\/users\/8"}],"replies":[{"embeddable":true,"href":"https:\/\/pridesoccer.com\/es\/wp-json\/wp\/v2\/comments?post=109908"}],"version-history":[{"count":0,"href":"https:\/\/pridesoccer.com\/es\/wp-json\/wp\/v2\/pages\/109908\/revisions"}],"up":[{"embeddable":true,"href":"https:\/\/pridesoccer.com\/es\/wp-json\/wp\/v2\/pages\/109747"}],"wp:featuredmedia":[{"embeddable":true,"href":"https:\/\/pridesoccer.com\/es\/wp-json\/wp\/v2\/media\/109173"}],"wp:attachment":[{"href":"https:\/\/pridesoccer.com\/es\/wp-json\/wp\/v2\/media?parent=109908"}],"wp:term":[{"taxonomy":"dipi_cpt_category","embeddable":true,"href":"https:\/\/pridesoccer.com\/es\/wp-json\/wp\/v2\/dipi_cpt_category?post=109908"},{"taxonomy":"wf_page_folders","embeddable":true,"href":"https:\/\/pridesoccer.com\/es\/wp-json\/wp\/v2\/wf_page_folders?post=109908"}],"curies":[{"name":"wp","href":"https:\/\/api.w.org\/{rel}","templated":true}]}}