{"id":109936,"date":"2022-06-07T13:23:53","date_gmt":"2022-06-07T19:23:53","guid":{"rendered":"https:\/\/pridesoccer.com\/recursos\/guia-de-contratacion\/"},"modified":"2023-04-06T12:56:21","modified_gmt":"2023-04-06T18:56:21","slug":"guia-de-contratacion","status":"publish","type":"page","link":"https:\/\/pridesoccer.com\/es\/recursos\/guia-de-contratacion\/","title":{"rendered":"Gu\u00eda de contrataci\u00f3n"},"content":{"rendered":"<p>[et_pb_section fb_built=\u00bb1&#8243; custom_padding_last_edited=\u00bbon|phone\u00bb admin_label=\u00bbHero\u00bb _builder_version=\u00bb4.20.2&#8243; _module_preset=\u00bbdefault\u00bb background_color=\u00bb#000000&#8243; use_background_color_gradient=\u00bbon\u00bb background_color_gradient_type=\u00bbcircular\u00bb background_color_gradient_stops=\u00bbrgba(45,40,41,0.7) 0%|rgba(45,40,41,0) 93%\u00bb background_color_gradient_overlays_image=\u00bbon\u00bb background_image=\u00bbhttps:\/\/pridesoccer.com\/wp-content\/uploads\/2023\/04\/IMG-2523-scaled.jpg\u00bb height=\u00bb30rem\u00bb height_tablet=\u00bb24rem\u00bb height_phone=\u00bb21rem\u00bb height_last_edited=\u00bbon|phone\u00bb custom_padding=\u00bb7%||7%||true|false\u00bb custom_padding_tablet=\u00bb7%||7%||true|false\u00bb custom_padding_phone=\u00bb7%||7%||true|false\u00bb hover_enabled=\u00bb0&#8243; background_last_edited=\u00bbon|desktop\u00bb custom_css_main_element=\u00bbdisplay: flex;||align-content: center;||justify-content: center;||align-items: center;\u00bb global_colors_info=\u00bb{}\u00bb title_text=\u00bbIMG-2523&#8243; background_position=\u00bbtop_center\u00bb background_vertical_offset=\u00bb37%\u00bb sticky_enabled=\u00bb0&#8243;][et_pb_row _builder_version=\u00bb4.16&#8243; _module_preset=\u00bbdefault\u00bb custom_margin=\u00bbauto||auto||false|false\u00bb global_colors_info=\u00bb{}\u00bb][et_pb_column type=\u00bb4_4&#8243; _builder_version=\u00bb4.16&#8243; _module_preset=\u00bbdefault\u00bb global_colors_info=\u00bb{}\u00bb][et_pb_text admin_label=\u00bbTitle H1&#8243; _builder_version=\u00bb4.17.0&#8243; _module_preset=\u00bbdefault\u00bb text_font=\u00bb|300|||||||\u00bb header_font=\u00bbAnton||||||||\u00bb header_text_color=\u00bb#FFFFFF\u00bb header_font_size=\u00bb4.5rem\u00bb header_2_font_size=\u00bb2.55rem\u00bb header_2_letter_spacing=\u00bb-0.01em\u00bb header_2_line_height=\u00bb1.26em\u00bb module_alignment=\u00bbcenter\u00bb custom_margin=\u00bb||0px||false|false\u00bb custom_padding=\u00bb||0px||false|false\u00bb header_font_size_tablet=\u00bb3.5rem\u00bb header_font_size_phone=\u00bb2.5rem\u00bb header_font_size_last_edited=\u00bbon|phone\u00bb global_colors_info=\u00bb{}\u00bb]<\/p>\n<h1 style=\"text-align: center;\">Gu\u00eda de contrataci\u00f3n<\/h1>\n<p>[\/et_pb_text][\/et_pb_column][\/et_pb_row][\/et_pb_section][et_pb_section fb_built=\u00bb1&#8243; admin_label=\u00bbMain Page Content Section\u00bb _builder_version=\u00bb4.16.0&#8243; _module_preset=\u00bbdefault\u00bb global_colors_info=\u00bb{}\u00bb][et_pb_row use_custom_gutter=\u00bbon\u00bb make_equal=\u00bbon\u00bb _builder_version=\u00bb4.17.4&#8243; _module_preset=\u00bbdefault\u00bb global_colors_info=\u00bb{}\u00bb custom_css_main_element_last_edited=\u00bbon|tablet\u00bb custom_css_main_element_tablet=\u00bbdisplay: flex;||flex-direction: column-reverse;||\u00bb custom_css_main_element_phone=\u00bbdisplay: flex;||flex-direction: column-reverse;||\u00bb][et_pb_column type=\u00bb4_4&#8243; admin_label=\u00bbColumna principal\u00bb _builder_version=\u00bb4.16.0&#8243; _module_preset=\u00bbdefault\u00bb global_colors_info=\u00bb{}\u00bb][et_pb_text module_id=\u00bbheads-up\u00bb _builder_version=\u00bb4.17.4&#8243; _module_preset=\u00bbdefault\u00bb text_font=\u00bbRubik|300|||||||\u00bb header_2_font=\u00bbAnton||||||||\u00bb header_2_font_size=\u00bb2.55rem\u00bb header_2_letter_spacing=\u00bb0.1em\u00bb header_2_line_height=\u00bb1.2em\u00bb header_3_font=\u00bbTeko|500|||||||\u00bb header_3_text_color=\u00bb#2D2829&#8243; header_3_letter_spacing=\u00bb0.05em\u00bb global_colors_info=\u00bb{}\u00bb]<\/p>\n<h2>Gu\u00eda de contrataci\u00f3n universitaria<\/h2>\n<p>Comprender el proceso de contrataci\u00f3n en la universidad es esencial para hacerse notar y fichar. Pride Soccer ha elaborado una gu\u00eda completa sobre el proceso, que puedes descargar y consultar. Organizamos seminarios anuales de contrataci\u00f3n universitaria, que se actualizar\u00e1n aqu\u00ed y se le enviar\u00e1n por correo electr\u00f3nico una vez que se hayan fijado los d\u00edas y las horas. Por el momento, consulte la gu\u00eda que figura a continuaci\u00f3n y p\u00f3ngase en contacto con el director de su centro de ense\u00f1anza secundaria si tiene alguna pregunta.<br \/>\n[\/et_pb_text][et_pb_button button_url=\u00bbhttps:\/\/pridesoccer.com\/wp-content\/uploads\/2022\/06\/How-to-start-the-college-recruiting-process.pdf\u00bb url_new_window=\u00bbon\u00bb button_text=\u00bbDescargar &#8211; Gu\u00eda de contrataci\u00f3n de Pride Soccer\u00bb _builder_version=\u00bb4.17.4&#8243; _module_preset=\u00bbdefault\u00bb global_colors_info=\u00bb{}\u00bb][\/et_pb_button][\/et_pb_column][\/et_pb_row][\/et_pb_section][et_pb_section fb_built=\u00bb1&#8243; custom_padding_last_edited=\u00bbon|desktop\u00bb admin_label=\u00bbContact Us\u00bb module_id=\u00bbcontacte con nosotros\u00bb _builder_version=\u00bb4.17.0&#8243; _module_preset=\u00bbdefault\u00bb background_color=\u00bb#2D2829&#8243; background_image=\u00bbhttps:\/\/pridesoccer.com\/wp-content\/uploads\/2022\/05\/Black-Background.jpg\u00bb background_position=\u00bbtop_center\u00bb custom_padding=\u00bb3%||3%||true|false\u00bb custom_padding_tablet=\u00bb3%||0px||false|false\u00bb custom_padding_phone=\u00bb2rem||2rem||true|false\u00bb background_enable_image_tablet=\u00bboff\u00bb global_colors_info=\u00bb{}\u00bb][et_pb_row column_structure=\u00bb1_2,1_2&#8243; use_custom_gutter=\u00bbon\u00bb make_equal=\u00bbon\u00bb custom_padding_last_edited=\u00bbon|phone\u00bb module_class=\u00bbsfly_column_switch\u00bb _builder_version=\u00bb4.17.0&#8243; _module_preset=\u00bbdefault\u00bb width=\u00bb60%\u00bb width_tablet=\u00bb80%\u00bb width_phone=\u00bb80%\u00bb width_last_edited=\u00bbon|phone\u00bb custom_margin_tablet=\u00bb0%||||false|false\u00bb custom_margin_phone=\u00bb0%||||false|false\u00bb custom_margin_last_edited=\u00bbon|tablet\u00bb custom_padding=\u00bb5%||5%||false|false\u00bb custom_padding_tablet=\u00bb||||false|false\u00bb custom_padding_phone=\u00bb2rem||2rem||true|false\u00bb global_colors_info=\u00bb{}\u00bb custom_css_main_element_last_edited=\u00bbon|tablet\u00bb][et_pb_column type=\u00bb1_2&#8243; _builder_version=\u00bb4.17.0&#8243; _module_preset=\u00bbdefault\u00bb global_colors_info=\u00bb{}\u00bb][et_pb_text admin_label=\u00bbTitle H2&#8243; module_class=\u00bbtt-none\u00bb _builder_version=\u00bb4.17.0&#8243; _module_preset=\u00bbdefault\u00bb text_font=\u00bb|300|||||||\u00bb header_2_font=\u00bbAnton||||||||\u00bb header_2_text_color=\u00bb#FFFFFF\u00bb header_2_font_size=\u00bb2.55rem\u00bb header_2_letter_spacing=\u00bb-0.01em\u00bb header_2_line_height=\u00bb1.26em\u00bb max_width=\u00bb20em\u00bb max_width_tablet=\u00bb24rem\u00bb max_width_phone=\u00bb21rem\u00bb max_width_last_edited=\u00bbon|tablet\u00bb custom_padding=\u00bb||0px||false|false\u00bb header_2_text_align_tablet=\u00bbcenter\u00bb header_2_text_align_phone=\u00bbcenter\u00bb header_2_text_align_last_edited=\u00bbon|tablet\u00bb module_alignment_tablet=\u00bbcenter\u00bb module_alignment_phone=\u00bbcenter\u00bb module_alignment_last_edited=\u00bbon|tablet\u00bb global_colors_info=\u00bb{}\u00bb]<\/p>\n<h2><span style=\"font-size: xx-large;\">Contactos Doc de Secundaria<\/span><\/h2>\n<p>[\/et_pb_text][et_pb_text admin_label=\u00bbTitle H2&#8243; module_class=\u00bbtt-none\u00bb _builder_version=\u00bb4.17.0&#8243; _module_preset=\u00bbdefault\u00bb text_font=\u00bb|300|||||||\u00bb header_2_font=\u00bbTeko|500|||||||\u00bb header_2_text_color=\u00bb#FFFFFF\u00bb header_2_font_size=\u00bb2rem\u00bb header_2_letter_spacing=\u00bb-0.01em\u00bb header_2_line_height=\u00bb1.26em\u00bb max_width=\u00bb20em\u00bb max_width_tablet=\u00bb24rem\u00bb max_width_phone=\u00bb21rem\u00bb max_width_last_edited=\u00bbon|tablet\u00bb custom_margin=\u00bb||1rem||false|false\u00bb custom_padding=\u00bb||0px||false|false\u00bb header_2_text_align_tablet=\u00bbcenter\u00bb header_2_text_align_phone=\u00bbcenter\u00bb header_2_text_align_last_edited=\u00bbon|tablet\u00bb module_alignment_tablet=\u00bbcenter\u00bb module_alignment_phone=\u00bbcenter\u00bb module_alignment_last_edited=\u00bbon|tablet\u00bb global_colors_info=\u00bb{}\u00bb]<\/p>\n<h2>AJ AdCock<\/h2>\n<p>[\/et_pb_text][et_pb_text admin_label=\u00bbBody Copy\u00bb _builder_version=\u00bb4.17.0&#8243; _module_preset=\u00bbdefault\u00bb text_font=\u00bb|300|||||||\u00bb link_font=\u00bb|600|||on||||\u00bb link_text_color=\u00bb#b20d35&#8243; header_2_font_size=\u00bb2.55rem\u00bb header_2_letter_spacing=\u00bb-0.01em\u00bb header_2_line_height=\u00bb1.26em\u00bb background_layout=\u00bbdark\u00bb max_width=\u00bb20em\u00bb max_width_tablet=\u00bb24rem\u00bb max_width_phone=\u00bb21rem\u00bb max_width_last_edited=\u00bbon|tablet\u00bb module_alignment=\u00bbleft\u00bb custom_margin=\u00bb||1.44rem||false|false\u00bb text_orientation_tablet=\u00bbcenter\u00bb text_orientation_phone=\u00bbcenter\u00bb text_orientation_last_edited=\u00bbon|tablet\u00bb module_alignment_tablet=\u00bbcenter\u00bb module_alignment_phone=\u00bbcenter\u00bb module_alignment_last_edited=\u00bbon|tablet\u00bb global_colors_info=\u00bb{}\u00bb]Directora de Entrenamiento Femenino<br \/>\n[\/et_pb_text][et_pb_text admin_label=\u00bbBody Copy\u00bb _builder_version=\u00bb4.17.4&#8243; _module_preset=\u00bbdefault\u00bb text_font=\u00bb|300|||||||\u00bb link_font=\u00bb|600|||on||||\u00bb link_text_color=\u00bb#b20d35&#8243; header_2_font_size=\u00bb2.55rem\u00bb header_2_letter_spacing=\u00bb-0.01em\u00bb header_2_line_height=\u00bb1.26em\u00bb background_layout=\u00bbdark\u00bb max_width=\u00bb20em\u00bb max_width_tablet=\u00bb24rem\u00bb max_width_phone=\u00bb21rem\u00bb max_width_last_edited=\u00bbon|tablet\u00bb module_alignment=\u00bbleft\u00bb custom_margin=\u00bb||1.44rem||false|false\u00bb text_orientation_tablet=\u00bbcenter\u00bb text_orientation_phone=\u00bbcenter\u00bb text_orientation_last_edited=\u00bbon|tablet\u00bb module_alignment_tablet=\u00bbcenter\u00bb module_alignment_phone=\u00bbcenter\u00bb module_alignment_last_edited=\u00bbon|tablet\u00bb global_colors_info=\u00bb{}\u00bb]719 597-6700 x204<br \/>\n[\/et_pb_text][et_pb_text admin_label=\u00bbBody Copy\u00bb _builder_version=\u00bb4.17.4&#8243; _module_preset=\u00bbdefault\u00bb text_font=\u00bb|300|||||||\u00bb link_font=\u00bb|600|||on|||#FFFFFF|\u00bb link_text_color=\u00bb#FFFFFF\u00bb header_2_font_size=\u00bb2.55rem\u00bb header_2_letter_spacing=\u00bb-0.01em\u00bb header_2_line_height=\u00bb1.26em\u00bb background_layout=\u00bbdark\u00bb max_width=\u00bb20em\u00bb max_width_tablet=\u00bb24rem\u00bb max_width_phone=\u00bb21rem\u00bb max_width_last_edited=\u00bbon|tablet\u00bb module_alignment=\u00bbleft\u00bb custom_margin=\u00bb||1.44rem||false|false\u00bb text_orientation_tablet=\u00bbcenter\u00bb text_orientation_phone=\u00bbcenter\u00bb text_orientation_last_edited=\u00bbon|tablet\u00bb module_alignment_tablet=\u00bbcenter\u00bb module_alignment_phone=\u00bbcenter\u00bb module_alignment_last_edited=\u00bbon|tablet\u00bb global_colors_info=\u00bb{}\u00bb]<a href=\"mailto:ajadcock@pridesoccer.com\">ajadcock@pridesoccer.com<\/a><br \/>\n[\/et_pb_text][\/et_pb_column][et_pb_column type=\u00bb1_2&#8243; _builder_version=\u00bb4.17.0&#8243; _module_preset=\u00bbdefault\u00bb global_colors_info=\u00bb{}\u00bb][et_pb_image src=\u00bbhttps:\/\/pridesoccer.com\/wp-content\/uploads\/2022\/04\/AJ-Adcock.jpg\u00bb title_text=\u00bbAJ Adcock\u00bb align=\u00bbcenter\u00bb _builder_version=\u00bb4.17.4&#8243; _module_preset=\u00bbdefault\u00bb max_width_tablet=\u00bb21rem\u00bb max_width_phone=\u00bb21rem\u00bb max_width_last_edited=\u00bbon|tablet\u00bb custom_margin_tablet=\u00bb||4rem||false|false\u00bb custom_margin_phone=\u00bb||4rem||false|false\u00bb custom_margin_last_edited=\u00bbon|tablet\u00bb module_alignment_tablet=\u00bbcenter\u00bb module_alignment_phone=\u00bbcenter\u00bb module_alignment_last_edited=\u00bbon|tablet\u00bb box_shadow_style=\u00bbpreset4&#8243; box_shadow_horizontal=\u00bb1.61rem\u00bb box_shadow_vertical=\u00bb1.61rem\u00bb box_shadow_color=\u00bb#b20d35&#8243; global_colors_info=\u00bb{}\u00bb][\/et_pb_image][\/et_pb_column][\/et_pb_row][et_pb_row column_structure=\u00bb1_2,1_2&#8243; use_custom_gutter=\u00bbon\u00bb make_equal=\u00bbon\u00bb custom_padding_last_edited=\u00bbon|phone\u00bb module_class=\u00bbsfly_column_switch\u00bb _builder_version=\u00bb4.17.0&#8243; _module_preset=\u00bbdefault\u00bb width=\u00bb60%\u00bb width_tablet=\u00bb80%\u00bb width_phone=\u00bb80%\u00bb width_last_edited=\u00bbon|phone\u00bb custom_margin_tablet=\u00bb0%||||false|false\u00bb custom_margin_phone=\u00bb0%||||false|false\u00bb custom_margin_last_edited=\u00bbon|tablet\u00bb custom_padding=\u00bb5%||5%||false|false\u00bb custom_padding_tablet=\u00bb||||false|false\u00bb custom_padding_phone=\u00bb2rem||2rem||true|false\u00bb global_colors_info=\u00bb{}\u00bb custom_css_main_element_last_edited=\u00bbon|tablet\u00bb][et_pb_column type=\u00bb1_2&#8243; _builder_version=\u00bb4.17.0&#8243; _module_preset=\u00bbdefault\u00bb global_colors_info=\u00bb{}\u00bb][et_pb_text admin_label=\u00bbTitle H2&#8243; module_class=\u00bbtt-none\u00bb _builder_version=\u00bb4.17.4&#8243; _module_preset=\u00bbdefault\u00bb text_font=\u00bb|300|||||||\u00bb header_2_font=\u00bbTeko|500|||||||\u00bb header_2_text_color=\u00bb#FFFFFF\u00bb header_2_font_size=\u00bb2rem\u00bb header_2_letter_spacing=\u00bb-0.01em\u00bb header_2_line_height=\u00bb1.26em\u00bb max_width=\u00bb20em\u00bb max_width_tablet=\u00bb24rem\u00bb max_width_phone=\u00bb21rem\u00bb max_width_last_edited=\u00bbon|tablet\u00bb custom_margin=\u00bb||1rem||false|false\u00bb custom_padding=\u00bb||0px||false|false\u00bb header_2_text_align_tablet=\u00bbcenter\u00bb header_2_text_align_phone=\u00bbcenter\u00bb header_2_text_align_last_edited=\u00bbon|tablet\u00bb module_alignment_tablet=\u00bbcenter\u00bb module_alignment_phone=\u00bbcenter\u00bb module_alignment_last_edited=\u00bbon|tablet\u00bb global_colors_info=\u00bb{}\u00bb]<\/p>\n<h2>Marcus Reynolds<\/h2>\n<p>[\/et_pb_text][et_pb_text admin_label=\u00bbBody Copy\u00bb _builder_version=\u00bb4.17.4&#8243; _module_preset=\u00bbdefault\u00bb text_font=\u00bb|300|||||||\u00bb link_font=\u00bb|600|||on||||\u00bb link_text_color=\u00bb#b20d35&#8243; header_2_font_size=\u00bb2.55rem\u00bb header_2_letter_spacing=\u00bb-0.01em\u00bb header_2_line_height=\u00bb1.26em\u00bb background_layout=\u00bbdark\u00bb max_width=\u00bb20em\u00bb max_width_tablet=\u00bb24rem\u00bb max_width_phone=\u00bb21rem\u00bb max_width_last_edited=\u00bbon|tablet\u00bb module_alignment=\u00bbleft\u00bb custom_margin=\u00bb||1.44rem||false|false\u00bb custom_padding=\u00bb||2px|||\u00bb text_orientation_tablet=\u00bbcenter\u00bb text_orientation_phone=\u00bbcenter\u00bb text_orientation_last_edited=\u00bbon|tablet\u00bb module_alignment_tablet=\u00bbcenter\u00bb module_alignment_phone=\u00bbcenter\u00bb module_alignment_last_edited=\u00bbon|tablet\u00bb global_colors_info=\u00bb{}\u00bb]<\/p>\n<p>Boys U16-U19 Director de Entrenamiento<\/p>\n<p>[\/et_pb_text][et_pb_text admin_label=\u00bbBody Copy\u00bb _builder_version=\u00bb4.17.4&#8243; _module_preset=\u00bbdefault\u00bb text_font=\u00bb|300|||||||\u00bb link_font=\u00bb|600|||on||||\u00bb link_text_color=\u00bb#b20d35&#8243; header_2_font_size=\u00bb2.55rem\u00bb header_2_letter_spacing=\u00bb-0.01em\u00bb header_2_line_height=\u00bb1.26em\u00bb background_layout=\u00bbdark\u00bb max_width=\u00bb20em\u00bb max_width_tablet=\u00bb24rem\u00bb max_width_phone=\u00bb21rem\u00bb max_width_last_edited=\u00bbon|tablet\u00bb module_alignment=\u00bbleft\u00bb custom_margin=\u00bb||1.44rem||false|false\u00bb text_orientation_tablet=\u00bbcenter\u00bb text_orientation_phone=\u00bbcenter\u00bb text_orientation_last_edited=\u00bbon|tablet\u00bb module_alignment_tablet=\u00bbcenter\u00bb module_alignment_phone=\u00bbcenter\u00bb module_alignment_last_edited=\u00bbon|tablet\u00bb global_colors_info=\u00bb{}\u00bb]719 597-6700 x209<br \/>\n[\/et_pb_text][et_pb_text admin_label=\u00bbBody Copy\u00bb _builder_version=\u00bb4.17.4&#8243; _module_preset=\u00bbdefault\u00bb text_font=\u00bb|300|||||||\u00bb link_font=\u00bb|600|||on|||#FFFFFF|\u00bb link_text_color=\u00bb#FFFFFF\u00bb header_2_font_size=\u00bb2.55rem\u00bb header_2_letter_spacing=\u00bb-0.01em\u00bb header_2_line_height=\u00bb1.26em\u00bb background_layout=\u00bbdark\u00bb max_width=\u00bb20em\u00bb max_width_tablet=\u00bb24rem\u00bb max_width_phone=\u00bb21rem\u00bb max_width_last_edited=\u00bbon|tablet\u00bb module_alignment=\u00bbleft\u00bb custom_margin=\u00bb||1.44rem||false|false\u00bb text_orientation_tablet=\u00bbcenter\u00bb text_orientation_phone=\u00bbcenter\u00bb text_orientation_last_edited=\u00bbon|tablet\u00bb module_alignment_tablet=\u00bbcenter\u00bb module_alignment_phone=\u00bbcenter\u00bb module_alignment_last_edited=\u00bbon|tablet\u00bb global_colors_info=\u00bb{}\u00bb]<a href=\"mailto:mreynolds@pridesoccer.com\">mreynolds@pridesoccer.com<\/a><br \/>\n[\/et_pb_text][\/et_pb_column][et_pb_column type=\u00bb1_2&#8243; _builder_version=\u00bb4.17.0&#8243; _module_preset=\u00bbdefault\u00bb global_colors_info=\u00bb{}\u00bb][et_pb_image src=\u00bbhttps:\/\/pridesoccer.com\/wp-content\/uploads\/2022\/04\/Marcus-Reynolds.jpg\u00bb title_text=\u00bbMarcus Reynolds\u00bb align=\u00bbcenter\u00bb _builder_version=\u00bb4.17.4&#8243; _module_preset=\u00bbdefault\u00bb max_width_tablet=\u00bb21rem\u00bb max_width_phone=\u00bb21rem\u00bb max_width_last_edited=\u00bbon|tablet\u00bb custom_margin_tablet=\u00bb||4rem||false|false\u00bb custom_margin_phone=\u00bb||4rem||false|false\u00bb custom_margin_last_edited=\u00bbon|tablet\u00bb module_alignment_tablet=\u00bbcenter\u00bb module_alignment_phone=\u00bbcenter\u00bb module_alignment_last_edited=\u00bbon|tablet\u00bb box_shadow_style=\u00bbpreset4&#8243; box_shadow_horizontal=\u00bb1.61rem\u00bb box_shadow_vertical=\u00bb1.61rem\u00bb box_shadow_color=\u00bb#b20d35&#8243; global_colors_info=\u00bb{}\u00bb][\/et_pb_image][\/et_pb_column][\/et_pb_row][\/et_pb_section]<\/p>\n","protected":false},"excerpt":{"rendered":"<p>Gu\u00eda de contrataci\u00f3n Gu\u00eda de contrataci\u00f3n universitaria Comprender el proceso de contrataci\u00f3n en la universidad es esencial para hacerse notar y fichar. Pride Soccer ha elaborado una gu\u00eda completa sobre el proceso, que puedes descargar y consultar. Organizamos seminarios anuales de contrataci\u00f3n universitaria, que se actualizar\u00e1n aqu\u00ed y se le enviar\u00e1n por correo electr\u00f3nico una [&hellip;]<\/p>\n","protected":false},"author":10,"featured_media":109173,"parent":109747,"menu_order":0,"comment_status":"closed","ping_status":"closed","template":"","meta":{"_seopress_robots_primary_cat":"","_seopress_titles_title":"Gu\u00eda de contrataci\u00f3n - Jugar al f\u00fatbol universitario | Pride Soccer","_seopress_titles_desc":"Gu\u00eda de Pride Soccer para tener \u00e9xito en el proceso de selecci\u00f3n universitaria. Estos son los consejos que todo jugador universitario interesado debe conocer para llegar al siguiente nivel.  \n","_seopress_robots_index":"","_et_pb_use_builder":"on","_et_pb_old_content":"","_et_gb_content_width":"","footnotes":""},"dipi_cpt_category":[],"wf_page_folders":[42],"class_list":["post-109936","page","type-page","status-publish","has-post-thumbnail","hentry"],"_links":{"self":[{"href":"https:\/\/pridesoccer.com\/es\/wp-json\/wp\/v2\/pages\/109936","targetHints":{"allow":["GET"]}}],"collection":[{"href":"https:\/\/pridesoccer.com\/es\/wp-json\/wp\/v2\/pages"}],"about":[{"href":"https:\/\/pridesoccer.com\/es\/wp-json\/wp\/v2\/types\/page"}],"author":[{"embeddable":true,"href":"https:\/\/pridesoccer.com\/es\/wp-json\/wp\/v2\/users\/10"}],"replies":[{"embeddable":true,"href":"https:\/\/pridesoccer.com\/es\/wp-json\/wp\/v2\/comments?post=109936"}],"version-history":[{"count":0,"href":"https:\/\/pridesoccer.com\/es\/wp-json\/wp\/v2\/pages\/109936\/revisions"}],"up":[{"embeddable":true,"href":"https:\/\/pridesoccer.com\/es\/wp-json\/wp\/v2\/pages\/109747"}],"wp:featuredmedia":[{"embeddable":true,"href":"https:\/\/pridesoccer.com\/es\/wp-json\/wp\/v2\/media\/109173"}],"wp:attachment":[{"href":"https:\/\/pridesoccer.com\/es\/wp-json\/wp\/v2\/media?parent=109936"}],"wp:term":[{"taxonomy":"dipi_cpt_category","embeddable":true,"href":"https:\/\/pridesoccer.com\/es\/wp-json\/wp\/v2\/dipi_cpt_category?post=109936"},{"taxonomy":"wf_page_folders","embeddable":true,"href":"https:\/\/pridesoccer.com\/es\/wp-json\/wp\/v2\/wf_page_folders?post=109936"}],"curies":[{"name":"wp","href":"https:\/\/api.w.org\/{rel}","templated":true}]}}