{"id":109970,"date":"2022-12-07T15:04:35","date_gmt":"2022-12-07T22:04:35","guid":{"rendered":"https:\/\/pridesoccer.com\/campamentos-de-futbol-ja\/"},"modified":"2023-02-09T13:09:07","modified_gmt":"2023-02-09T20:09:07","slug":"campamentos-de-futbol-ja","status":"publish","type":"page","link":"https:\/\/pridesoccer.com\/es\/campamentos\/campamentos-de-futbol-ja\/","title":{"rendered":"Campamentos de f\u00fatbol JA"},"content":{"rendered":"<p>[et_pb_section fb_built=\u00bb1&#8243; custom_padding_last_edited=\u00bbon|phone\u00bb admin_label=\u00bbHero\u00bb _builder_version=\u00bb4.17.6&#8243; _module_preset=\u00bbdefault\u00bb background_color=\u00bb#000000&#8243; use_background_color_gradient=\u00bbon\u00bb background_color_gradient_type=\u00bbcircular\u00bb background_color_gradient_stops=\u00bbrgba(45,40,41,0.7) 0%|rgba(45,40,41,0) 93%\u00bb background_color_gradient_overlays_image=\u00bbon\u00bb background_image=\u00bbhttps:\/\/pridesoccer.com\/wp-content\/uploads\/2022\/05\/Skylar-Scaling-DSC04167-scaled.jpg\u00bb height=\u00bb30rem\u00bb height_tablet=\u00bb24rem\u00bb height_phone=\u00bb21rem\u00bb height_last_edited=\u00bbon|phone\u00bb custom_padding=\u00bb7%||7%||true|false\u00bb custom_padding_tablet=\u00bb7%||7%||true|false\u00bb custom_padding_phone=\u00bb7%||7%||true|false\u00bb background_last_edited=\u00bbon|desktop\u00bb custom_css_main_element=\u00bbdisplay: flex;||align-content: center;||justify-content: center;||align-items: center;\u00bb locked=\u00bboff\u00bb global_colors_info=\u00bb{}\u00bb][et_pb_row _builder_version=\u00bb4.16&#8243; _module_preset=\u00bbdefault\u00bb custom_margin=\u00bbauto||auto||false|false\u00bb global_colors_info=\u00bb{}\u00bb][et_pb_column type=\u00bb4_4&#8243; _builder_version=\u00bb4.16&#8243; _module_preset=\u00bbdefault\u00bb global_colors_info=\u00bb{}\u00bb][et_pb_text admin_label=\u00bbTitle H1&#8243; _builder_version=\u00bb4.19.1&#8243; _module_preset=\u00bbdefault\u00bb text_font=\u00bb|300|||||||\u00bb header_font=\u00bbAnton||||||||\u00bb header_text_color=\u00bb#FFFFFF\u00bb header_font_size=\u00bb4.5rem\u00bb header_2_font_size=\u00bb2.55rem\u00bb header_2_letter_spacing=\u00bb-0.01em\u00bb header_2_line_height=\u00bb1.26em\u00bb module_alignment=\u00bbcenter\u00bb custom_margin=\u00bb||0px||false|false\u00bb custom_padding=\u00bb||0px||false|false\u00bb header_font_size_tablet=\u00bb3.5rem\u00bb header_font_size_phone=\u00bb2.5rem\u00bb header_font_size_last_edited=\u00bbon|phone\u00bb global_colors_info=\u00bb{}\u00bb]<\/p>\n<h1 style=\"text-align: center;\">Campamentos de f\u00fatbol de la Academia Junior<\/h1>\n<p>[\/et_pb_text][et_pb_text _builder_version=\u00bb4.19.1&#8243; _module_preset=\u00bbdefault\u00bb text_font_size=\u00bb27px\u00bb global_colors_info=\u00bb{}\u00bb]<\/p>\n<p style=\"text-align: center;\"><span style=\"color: #ffffff;\">SUB9-U11<\/span><\/p>\n<p>[\/et_pb_text][\/et_pb_column][\/et_pb_row][\/et_pb_section][et_pb_section fb_built=\u00bb1&#8243; admin_label=\u00bbMain Page Content Section\u00bb _builder_version=\u00bb4.16.0&#8243; _module_preset=\u00bbdefault\u00bb custom_padding=\u00bb||43px|||\u00bb global_colors_info=\u00bb{}\u00bb][et_pb_row column_structure=\u00bb1_3,1_3,1_3&#8243; use_custom_gutter=\u00bbon\u00bb gutter_width=\u00bb2&#8243; make_equal=\u00bbon\u00bb _builder_version=\u00bb4.19.1&#8243; _module_preset=\u00bbdefault\u00bb custom_margin=\u00bb||||false|false\u00bb custom_padding=\u00bb||||false|false\u00bb global_colors_info=\u00bb{}\u00bb][et_pb_column type=\u00bb1_3&#8243; _builder_version=\u00bb4.19.1&#8243; _module_preset=\u00bbdefault\u00bb custom_padding=\u00bb0px|1rem|2rem|1rem|false|true\u00bb custom_padding_tablet=\u00bb|1rem|2rem|1rem|false|true\u00bb custom_padding_phone=\u00bb|1rem|2rem|1rem|false|true\u00bb custom_padding_last_edited=\u00bbon|phone\u00bb border_width_all=\u00bb4px\u00bb border_color_all=\u00bb#a81c36&#8243; global_colors_info=\u00bb{}\u00bb][et_pb_divider divider_weight=\u00bb0px\u00bb _builder_version=\u00bb4.19.1&#8243; _module_preset=\u00bbdefault\u00bb background_image=\u00bbhttps:\/\/pridesoccer.com\/wp-content\/uploads\/2022\/05\/Skylar-Scaling-DSC07495-scaled.jpg\u00bb custom_margin=\u00bb|-1rem||-1rem|false|true\u00bb custom_padding=\u00bb||60.5%||false|false\u00bb link_option_url=\u00bbhttps:\/\/pridesoccer.com\/clinics\/junior-academy-winter-clinics\/\u00bb link_option_url_new_window=\u00bbon\u00bb global_colors_info=\u00bb{}\u00bb][\/et_pb_divider][et_pb_text module_id=\u00bbinfo\u00bb _builder_version=\u00bb4.19.1&#8243; _module_preset=\u00bbdefault\u00bb text_font=\u00bbRubik|300|||||||\u00bb header_2_font=\u00bbAnton||||||||\u00bb header_2_text_color=\u00bb#a81c36&#8243; header_2_font_size=\u00bb2rem\u00bb header_2_letter_spacing=\u00bb0.1em\u00bb header_2_line_height=\u00bb1.2em\u00bb header_3_font=\u00bbTeko|500|||||||\u00bb header_3_text_color=\u00bb#2D2829&#8243; header_3_letter_spacing=\u00bb0.05em\u00bb custom_margin=\u00bb1rem||||false|false\u00bb header_2_font_size_tablet=\u00bb2rem\u00bb header_2_font_size_phone=\u00bb1.75rem\u00bb header_2_font_size_last_edited=\u00bbon|phone\u00bb global_colors_info=\u00bb{}\u00bb]<\/p>\n<h2>Cl\u00ednica de invierno de la Academia Junior<\/h2>\n<p><span style=\"color: #999999;\"><br \/>\n  <em>Sub9-11 Ni\u00f1os y Ni\u00f1as<br \/><\/em><br \/>\n<\/span><em style=\"color: #999999; font-size: 18px;\">Jueves<\/em><\/p>\n<p><span>Los cursillos est\u00e1n dise\u00f1ados espec\u00edficamente para chicos y chicas que actualmente juegan en la Academia Juvenil Pride. Las sesiones ser\u00e1n r\u00e1pidas, divertidas y competitivas, y se centrar\u00e1n en atacar los atributos t\u00e9cnicos del juego. El primer curso se impartir\u00e1 en diciembre y habr\u00e1 otro curso disponible en enero y febrero.<\/span><\/p>\n<p>[\/et_pb_text][et_pb_button button_url=\u00bbhttps:\/\/pridesoccer.com\/es\/?page_id=109977&#8243; button_text=\u00bbM\u00e1s informaci\u00f3n\u00bb _builder_version=\u00bb4.19.1&#8243; _module_preset=\u00bbdefault\u00bb custom_button=\u00bbon\u00bb button_text_color=\u00bb#a81c36&#8243; button_bg_color=\u00bb#FFFFFF\u00bb button_border_width=\u00bb3px\u00bb button_border_color=\u00bb#a81c36&#8243; button_use_icon=\u00bboff\u00bb global_colors_info=\u00bb{}\u00bb button_bg_color__hover_enabled=\u00bbon|desktop\u00bb button_bg_color__hover=\u00bb#a81c36&#8243; button_bg_enable_color__hover=\u00bbon\u00bb button_text_color__hover_enabled=\u00bbon|hover\u00bb button_text_color__hover=\u00bb#FFFFFF\u00bb][\/et_pb_button][\/et_pb_column][et_pb_column type=\u00bb1_3&#8243; _builder_version=\u00bb4.19.1&#8243; _module_preset=\u00bbdefault\u00bb custom_padding=\u00bb|1rem|2rem|1rem|false|true\u00bb custom_padding_tablet=\u00bb|1rem|2rem|1rem|false|true\u00bb custom_padding_phone=\u00bb|1rem|2rem|1rem|false|true\u00bb custom_padding_last_edited=\u00bbon|phone\u00bb border_width_all=\u00bb4px\u00bb border_color_all=\u00bb#a81c36&#8243; global_colors_info=\u00bb{}\u00bb][et_pb_divider divider_weight=\u00bb0px\u00bb _builder_version=\u00bb4.19.1&#8243; _module_preset=\u00bbdefault\u00bb background_image=\u00bbhttps:\/\/pridesoccer.com\/wp-content\/uploads\/2022\/05\/Skylar-Scaling-DSC03920-scaled.jpg\u00bb custom_margin=\u00bb|-1rem||-1rem|false|true\u00bb custom_padding=\u00bb||60.5%||false|false\u00bb link_option_url=\u00bbhttps:\/\/pridesoccer.com\/camps\/speed-agility-strength-camp-winter\/\u00bb global_colors_info=\u00bb{}\u00bb][\/et_pb_divider][et_pb_text module_id=\u00bbinfo\u00bb _builder_version=\u00bb4.19.1&#8243; _module_preset=\u00bbdefault\u00bb text_font=\u00bbRubik|300|||||||\u00bb header_2_font=\u00bbAnton||||||||\u00bb header_2_text_color=\u00bb#a81c36&#8243; header_2_font_size=\u00bb2rem\u00bb header_2_letter_spacing=\u00bb0.1em\u00bb header_2_line_height=\u00bb1.2em\u00bb header_3_font=\u00bbTeko|500|||||||\u00bb header_3_text_color=\u00bb#2D2829&#8243; header_3_letter_spacing=\u00bb0.05em\u00bb custom_margin=\u00bb1rem||||false|false\u00bb header_2_font_size_tablet=\u00bb2rem\u00bb header_2_font_size_phone=\u00bb1.75rem\u00bb header_2_font_size_last_edited=\u00bbon|phone\u00bb global_colors_info=\u00bb{}\u00bb]<\/p>\n<h2>Campamento de invierno de velocidad, agilidad y fuerza<\/h2>\n<p>&nbsp;<\/p>\n<p>AGOTADO<\/p>\n<p><span style=\"color: #999999;\"><br \/>\n  <em>Sub9-10 Ni\u00f1os y Ni\u00f1as<br \/><\/em><br \/>\n<\/span><em style=\"color: #999999; font-size: 18px;\">Lunes y mi\u00e9rcoles<\/em><\/p>\n<div class=\"et_pb_module et_pb_text et_pb_text_2 et_pb_text_align_left et_pb_bg_layout_light\">\n<div class=\"et_pb_text_inner\">Nuestro campamento de invierno consta de cinco sesiones centradas en el desarrollo de la velocidad, la agilidad, la mec\u00e1nica de carrera, el acondicionamiento y las habilidades con el bal\u00f3n. Ser\u00e1 una forma estupenda de que los jugadores mejoren su agilidad, acondicionamiento, fuerza y control del bal\u00f3n durante la temporada baja.<\/div>\n<\/div>\n<div class=\"et_pb_module dipi_button_grid dipi_button_grid_0\">\n<div class=\"et_pb_module_inner\">\n<div class=\"dipi-button-grid-container\">\n<div class=\"et_pb_module dipi_button_grid_child dipi_button_grid_child_0\">\n<div class=\"et_pb_module_inner\"><\/div>\n<\/div>\n<\/div>\n<\/div>\n<\/div>\n<p>[\/et_pb_text][et_pb_button button_url=\u00bbhttps:\/\/pridesoccer.com\/es\/?page_id=109760&#8243; button_text=\u00bbM\u00e1s informaci\u00f3n\u00bb _builder_version=\u00bb4.19.1&#8243; _module_preset=\u00bbdefault\u00bb custom_button=\u00bbon\u00bb button_text_color=\u00bb#a81c36&#8243; button_bg_color=\u00bb#FFFFFF\u00bb button_border_width=\u00bb3px\u00bb button_border_color=\u00bb#a81c36&#8243; button_use_icon=\u00bboff\u00bb global_colors_info=\u00bb{}\u00bb button_text_color__hover=\u00bb#FFFFFF\u00bb button_text_color__hover_enabled=\u00bbon|hover\u00bb button_bg_color__hover=\u00bb#a81c36&#8243; button_bg_color__hover_enabled=\u00bbon|desktop\u00bb][\/et_pb_button][\/et_pb_column][et_pb_column type=\u00bb1_3&#8243; disabled_on=\u00bbon|on|on\u00bb _builder_version=\u00bb4.19.1&#8243; _module_preset=\u00bbdefault\u00bb custom_padding=\u00bb|1rem|2rem|1rem|false|true\u00bb custom_padding_tablet=\u00bb|1rem|2rem|1rem|false|true\u00bb custom_padding_phone=\u00bb|1rem|2rem|1rem|false|true\u00bb custom_padding_last_edited=\u00bbon|phone\u00bb border_width_all=\u00bb3px\u00bb border_color_all=\u00bb#a81c36&#8243; disabled=\u00bbon\u00bb global_colors_info=\u00bb{}\u00bb][et_pb_divider divider_weight=\u00bb0px\u00bb _builder_version=\u00bb4.19.1&#8243; _module_preset=\u00bbdefault\u00bb background_image=\u00bbhttps:\/\/pridesoccer.com\/wp-content\/uploads\/2022\/04\/camp-bg-04.jpg\u00bb custom_margin=\u00bb|-1rem||-1rem|false|true\u00bb custom_padding=\u00bb||60.5%||false|false\u00bb link_option_url=\u00bb\/camps\/friday-winter-recreational-camp\/\u00bb global_colors_info=\u00bb{}\u00bb][\/et_pb_divider][et_pb_text module_id=\u00bbinfo\u00bb _builder_version=\u00bb4.19.1&#8243; _module_preset=\u00bbdefault\u00bb text_font=\u00bbRubik|300|||||||\u00bb header_2_font=\u00bbAnton||||||||\u00bb header_2_text_color=\u00bb#a81c36&#8243; header_2_font_size=\u00bb2rem\u00bb header_2_letter_spacing=\u00bb0.1em\u00bb header_2_line_height=\u00bb1.2em\u00bb header_3_font=\u00bbTeko|500|||||||\u00bb header_3_text_color=\u00bb#2D2829&#8243; header_3_letter_spacing=\u00bb0.05em\u00bb custom_margin=\u00bb1rem||||false|false\u00bb header_2_font_size_tablet=\u00bb2rem\u00bb header_2_font_size_phone=\u00bb1.75rem\u00bb header_2_font_size_last_edited=\u00bbon|phone\u00bb global_colors_info=\u00bb{}\u00bb]<\/p>\n<h2>Viernes Campamento recreativo de invierno<\/h2>\n<div class=\"et_pb_module et_pb_text et_pb_text_0 et_pb_text_align_left et_pb_bg_layout_light\">\n<div class=\"et_pb_text_inner\"><em><span style=\"color: #999999;\">Sub4-14 Ni\u00f1os y Ni\u00f1as<\/span><\/em><\/div>\n<div class=\"et_pb_text_inner\"><em><span style=\"color: #999999;\">Viernes<\/span><\/em><\/div>\n<div class=\"et_pb_text_inner\">.<\/div>\n<div class=\"et_pb_text_inner\">Con entrenadores cualificados y un mont\u00f3n de sonrisas, nuestros campamentos de invierno de los viernes est\u00e1n dise\u00f1ados para mejorar las habilidades de cada jugador, a la vez que se divierten en el proceso.<\/div>\n<\/div>\n<p>[\/et_pb_text][et_pb_button button_url=\u00bbhttps:\/\/pridesoccer.com\/es\/?page_id=109945&#8243; button_text=\u00bbM\u00e1s informaci\u00f3n\u00bb _builder_version=\u00bb4.19.1&#8243; _module_preset=\u00bbdefault\u00bb custom_button=\u00bbon\u00bb button_text_color=\u00bb#a81c36&#8243; button_bg_color=\u00bb#FFFFFF\u00bb button_border_width=\u00bb3px\u00bb button_border_color=\u00bb#a81c36&#8243; button_use_icon=\u00bboff\u00bb global_colors_info=\u00bb{}\u00bb button_text_color__hover=\u00bb#FFFFFF\u00bb button_text_color__hover_enabled=\u00bbon|hover\u00bb button_bg_color__hover=\u00bb#a81c36&#8243; button_bg_color__hover_enabled=\u00bbon|desktop\u00bb][\/et_pb_button][\/et_pb_column][\/et_pb_row][et_pb_row column_structure=\u00bb1_3,1_3,1_3&#8243; use_custom_gutter=\u00bbon\u00bb gutter_width=\u00bb2&#8243; make_equal=\u00bbon\u00bb disabled_on=\u00bbon|on|on\u00bb _builder_version=\u00bb4.19.1&#8243; _module_preset=\u00bbdefault\u00bb custom_margin=\u00bb||||false|false\u00bb custom_padding=\u00bb||||false|false\u00bb disabled=\u00bbon\u00bb global_colors_info=\u00bb{}\u00bb][et_pb_column type=\u00bb1_3&#8243; _builder_version=\u00bb4.19.1&#8243; _module_preset=\u00bbdefault\u00bb custom_padding=\u00bb0px|1rem|2rem|1rem|false|true\u00bb custom_padding_tablet=\u00bb|1rem|2rem|1rem|false|true\u00bb custom_padding_phone=\u00bb|1rem|2rem|1rem|false|true\u00bb custom_padding_last_edited=\u00bbon|phone\u00bb border_width_all=\u00bb4px\u00bb border_color_all=\u00bb#a81c36&#8243; global_colors_info=\u00bb{}\u00bb][et_pb_divider divider_weight=\u00bb0px\u00bb _builder_version=\u00bb4.19.1&#8243; _module_preset=\u00bbdefault\u00bb background_image=\u00bbhttps:\/\/pridesoccer.com\/wp-content\/uploads\/2022\/04\/Charity-Jackson-o.jpeg\u00bb custom_margin=\u00bb|-1rem||-1rem|false|true\u00bb custom_padding=\u00bb||60.5%||false|false\u00bb link_option_url=\u00bb\/clinics\/pre-junior-academy-winter-clinic\/\u00bb link_option_url_new_window=\u00bbon\u00bb global_colors_info=\u00bb{}\u00bb][\/et_pb_divider][et_pb_text module_id=\u00bbinfo\u00bb _builder_version=\u00bb4.19.1&#8243; _module_preset=\u00bbdefault\u00bb text_font=\u00bbRubik|300|||||||\u00bb header_2_font=\u00bbAnton||||||||\u00bb header_2_text_color=\u00bb#a81c36&#8243; header_2_font_size=\u00bb2rem\u00bb header_2_letter_spacing=\u00bb0.1em\u00bb header_2_line_height=\u00bb1.2em\u00bb header_3_font=\u00bbTeko|500|||||||\u00bb header_3_text_color=\u00bb#2D2829&#8243; header_3_letter_spacing=\u00bb0.05em\u00bb custom_margin=\u00bb1rem||||false|false\u00bb header_2_font_size_tablet=\u00bb2rem\u00bb header_2_font_size_phone=\u00bb1.75rem\u00bb header_2_font_size_last_edited=\u00bbon|phone\u00bb global_colors_info=\u00bb{}\u00bb]<\/p>\n<h2>Cl\u00ednica de invierno de la Academia Pre-Junior<\/h2>\n<p><span style=\"color: #999999;\"><br \/>\n  <em>Sub8-9 Ni\u00f1os y Ni\u00f1as<br \/><\/em><br \/>\n<\/span><em style=\"color: #999999; font-size: 18px;\">Jueves<\/em><\/p>\n<p>Los cursillos est\u00e1n dise\u00f1ados espec\u00edficamente para los interesados en el programa Pride Junior Academy de la pr\u00f3xima temporada. Las sesiones ser\u00e1n r\u00e1pidas, divertidas y competitivas, y se centrar\u00e1n en atacar los atributos t\u00e9cnicos del juego.<\/p>\n<p>[\/et_pb_text][et_pb_button button_url=\u00bbhttps:\/\/pridesoccer.com\/es\/?page_id=109667&#8243; button_text=\u00bbM\u00e1s informaci\u00f3n\u00bb _builder_version=\u00bb4.19.1&#8243; _module_preset=\u00bbdefault\u00bb custom_button=\u00bbon\u00bb button_text_color=\u00bb#a81c36&#8243; button_bg_color=\u00bb#FFFFFF\u00bb button_border_width=\u00bb3px\u00bb button_border_color=\u00bb#a81c36&#8243; button_use_icon=\u00bboff\u00bb global_colors_info=\u00bb{}\u00bb button_bg_color__hover_enabled=\u00bbon|desktop\u00bb button_bg_color__hover=\u00bb#a81c36&#8243; button_bg_enable_color__hover=\u00bbon\u00bb button_text_color__hover_enabled=\u00bbon|hover\u00bb button_text_color__hover=\u00bb#FFFFFF\u00bb][\/et_pb_button][\/et_pb_column][et_pb_column type=\u00bb1_3&#8243; _builder_version=\u00bb4.19.1&#8243; _module_preset=\u00bbdefault\u00bb custom_padding=\u00bb|1rem|2rem|1rem|false|true\u00bb custom_padding_tablet=\u00bb|1rem|2rem|1rem|false|true\u00bb custom_padding_phone=\u00bb|1rem|2rem|1rem|false|true\u00bb custom_padding_last_edited=\u00bbon|phone\u00bb border_width_all=\u00bb4px\u00bb border_color_all=\u00bb#a81c36&#8243; global_colors_info=\u00bb{}\u00bb][et_pb_divider divider_weight=\u00bb0px\u00bb _builder_version=\u00bb4.19.1&#8243; _module_preset=\u00bbdefault\u00bb background_image=\u00bbhttps:\/\/pridesoccer.com\/wp-content\/uploads\/2022\/05\/JA-Boys.jpg\u00bb custom_margin=\u00bb|-1rem||-1rem|false|true\u00bb custom_padding=\u00bb||60.5%||false|false\u00bb link_option_url=\u00bb\/camps\/tuesday-winter-recreational-camp\/\u00bb global_colors_info=\u00bb{}\u00bb][\/et_pb_divider][et_pb_text module_id=\u00bbinfo\u00bb _builder_version=\u00bb4.19.1&#8243; _module_preset=\u00bbdefault\u00bb text_font=\u00bbRubik|300|||||||\u00bb header_2_font=\u00bbAnton||||||||\u00bb header_2_text_color=\u00bb#a81c36&#8243; header_2_font_size=\u00bb2rem\u00bb header_2_letter_spacing=\u00bb0.1em\u00bb header_2_line_height=\u00bb1.2em\u00bb header_3_font=\u00bbTeko|500|||||||\u00bb header_3_text_color=\u00bb#2D2829&#8243; header_3_letter_spacing=\u00bb0.05em\u00bb custom_margin=\u00bb1rem||||false|false\u00bb header_2_font_size_tablet=\u00bb2rem\u00bb header_2_font_size_phone=\u00bb1.75rem\u00bb header_2_font_size_last_edited=\u00bbon|phone\u00bb global_colors_info=\u00bb{}\u00bb]<\/p>\n<h2>Martes Campamento recreativo de invierno<\/h2>\n<p><span style=\"color: #999999;\"><br \/>\n  <em>Sub4-14 Ni\u00f1os y Ni\u00f1as<br \/><\/em><br \/>\n<\/span><em style=\"color: #999999; font-size: 18px;\">Martes<\/em><\/p>\n<p>Con entrenadores cualificados y un mont\u00f3n de sonrisas, nuestros campamentos de invierno de los martes est\u00e1n dise\u00f1ados para mejorar las habilidades de cada jugador, a la vez que se divierten en el proceso.<\/p>\n<p>[\/et_pb_text][et_pb_button button_url=\u00bbhttps:\/\/pridesoccer.com\/es\/?page_id=109884&#8243; button_text=\u00bbM\u00e1s informaci\u00f3n\u00bb _builder_version=\u00bb4.19.1&#8243; _module_preset=\u00bbdefault\u00bb custom_button=\u00bbon\u00bb button_text_color=\u00bb#a81c36&#8243; button_bg_color=\u00bb#FFFFFF\u00bb button_border_width=\u00bb3px\u00bb button_border_color=\u00bb#a81c36&#8243; button_use_icon=\u00bboff\u00bb global_colors_info=\u00bb{}\u00bb button_text_color__hover=\u00bb#FFFFFF\u00bb button_text_color__hover_enabled=\u00bbon|hover\u00bb button_bg_color__hover=\u00bb#a81c36&#8243; button_bg_color__hover_enabled=\u00bbon|desktop\u00bb][\/et_pb_button][\/et_pb_column][et_pb_column type=\u00bb1_3&#8243; _builder_version=\u00bb4.19.1&#8243; _module_preset=\u00bbdefault\u00bb custom_padding=\u00bb|1rem|2rem|1rem|false|true\u00bb custom_padding_tablet=\u00bb|1rem|2rem|1rem|false|true\u00bb custom_padding_phone=\u00bb|1rem|2rem|1rem|false|true\u00bb custom_padding_last_edited=\u00bbon|phone\u00bb border_width_all=\u00bb3px\u00bb border_color_all=\u00bb#a81c36&#8243; global_colors_info=\u00bb{}\u00bb][et_pb_divider divider_weight=\u00bb0px\u00bb _builder_version=\u00bb4.19.1&#8243; _module_preset=\u00bbdefault\u00bb background_image=\u00bbhttps:\/\/pridesoccer.com\/wp-content\/uploads\/2022\/04\/camp-bg-04.jpg\u00bb custom_margin=\u00bb|-1rem||-1rem|false|true\u00bb custom_padding=\u00bb||60.5%||false|false\u00bb link_option_url=\u00bb\/camps\/friday-winter-recreational-camp\/\u00bb global_colors_info=\u00bb{}\u00bb][\/et_pb_divider][et_pb_text module_id=\u00bbinfo\u00bb _builder_version=\u00bb4.19.1&#8243; _module_preset=\u00bbdefault\u00bb text_font=\u00bbRubik|300|||||||\u00bb header_2_font=\u00bbAnton||||||||\u00bb header_2_text_color=\u00bb#a81c36&#8243; header_2_font_size=\u00bb2rem\u00bb header_2_letter_spacing=\u00bb0.1em\u00bb header_2_line_height=\u00bb1.2em\u00bb header_3_font=\u00bbTeko|500|||||||\u00bb header_3_text_color=\u00bb#2D2829&#8243; header_3_letter_spacing=\u00bb0.05em\u00bb custom_margin=\u00bb1rem||||false|false\u00bb header_2_font_size_tablet=\u00bb2rem\u00bb header_2_font_size_phone=\u00bb1.75rem\u00bb header_2_font_size_last_edited=\u00bbon|phone\u00bb global_colors_info=\u00bb{}\u00bb]<\/p>\n<h2>Viernes Campamento recreativo de invierno<\/h2>\n<div class=\"et_pb_module et_pb_text et_pb_text_0 et_pb_text_align_left et_pb_bg_layout_light\">\n<div class=\"et_pb_text_inner\"><em><span style=\"color: #999999;\">Sub4-14 Ni\u00f1os y Ni\u00f1as<\/span><\/em><\/div>\n<div class=\"et_pb_text_inner\"><em><span style=\"color: #999999;\">Viernes<\/span><\/em><\/div>\n<div class=\"et_pb_text_inner\">.<\/div>\n<div class=\"et_pb_text_inner\">Con entrenadores cualificados y un mont\u00f3n de sonrisas, nuestros campamentos de invierno de los viernes est\u00e1n dise\u00f1ados para mejorar las habilidades de cada jugador, a la vez que se divierten en el proceso.<\/div>\n<\/div>\n<p>[\/et_pb_text][et_pb_button button_url=\u00bbhttps:\/\/pridesoccer.com\/es\/?page_id=109945&#8243; button_text=\u00bbM\u00e1s informaci\u00f3n\u00bb _builder_version=\u00bb4.19.1&#8243; _module_preset=\u00bbdefault\u00bb custom_button=\u00bbon\u00bb button_text_color=\u00bb#a81c36&#8243; button_bg_color=\u00bb#FFFFFF\u00bb button_border_width=\u00bb3px\u00bb button_border_color=\u00bb#a81c36&#8243; button_use_icon=\u00bboff\u00bb global_colors_info=\u00bb{}\u00bb button_text_color__hover=\u00bb#FFFFFF\u00bb button_text_color__hover_enabled=\u00bbon|hover\u00bb button_bg_color__hover=\u00bb#a81c36&#8243; button_bg_color__hover_enabled=\u00bbon|desktop\u00bb][\/et_pb_button][\/et_pb_column][\/et_pb_row][\/et_pb_section]<\/p>\n","protected":false},"excerpt":{"rendered":"<p>Campamentos de f\u00fatbol de la Academia JuniorSUB9-U11Cl\u00ednica de invierno de la Academia Junior Sub9-11 Ni\u00f1os y Ni\u00f1as Jueves Los cursillos est\u00e1n dise\u00f1ados espec\u00edficamente para chicos y chicas que actualmente juegan en la Academia Juvenil Pride. Las sesiones ser\u00e1n r\u00e1pidas, divertidas y competitivas, y se centrar\u00e1n en atacar los atributos t\u00e9cnicos del juego. El primer curso [&hellip;]<\/p>\n","protected":false},"author":18,"featured_media":109179,"parent":109983,"menu_order":0,"comment_status":"closed","ping_status":"closed","template":"","meta":{"_seopress_robots_primary_cat":"","_seopress_titles_title":"JA Soccer Camps - Colorado Springs - Pride Soccer","_seopress_titles_desc":"Estos campamentos de f\u00fatbol de la Academia Junior son perfectos para tu jugador de entre 9 y 11 a\u00f1os. Ay\u00fadales a disfrutar del f\u00fatbol y a aprender m\u00e1s con estos campamentos de f\u00fatbol.","_seopress_robots_index":"","_et_pb_use_builder":"on","_et_pb_old_content":"","_et_gb_content_width":"","footnotes":""},"dipi_cpt_category":[],"wf_page_folders":[38],"class_list":["post-109970","page","type-page","status-publish","has-post-thumbnail","hentry"],"_links":{"self":[{"href":"https:\/\/pridesoccer.com\/es\/wp-json\/wp\/v2\/pages\/109970","targetHints":{"allow":["GET"]}}],"collection":[{"href":"https:\/\/pridesoccer.com\/es\/wp-json\/wp\/v2\/pages"}],"about":[{"href":"https:\/\/pridesoccer.com\/es\/wp-json\/wp\/v2\/types\/page"}],"author":[{"embeddable":true,"href":"https:\/\/pridesoccer.com\/es\/wp-json\/wp\/v2\/users\/18"}],"replies":[{"embeddable":true,"href":"https:\/\/pridesoccer.com\/es\/wp-json\/wp\/v2\/comments?post=109970"}],"version-history":[{"count":0,"href":"https:\/\/pridesoccer.com\/es\/wp-json\/wp\/v2\/pages\/109970\/revisions"}],"up":[{"embeddable":true,"href":"https:\/\/pridesoccer.com\/es\/wp-json\/wp\/v2\/pages\/109983"}],"wp:featuredmedia":[{"embeddable":true,"href":"https:\/\/pridesoccer.com\/es\/wp-json\/wp\/v2\/media\/109179"}],"wp:attachment":[{"href":"https:\/\/pridesoccer.com\/es\/wp-json\/wp\/v2\/media?parent=109970"}],"wp:term":[{"taxonomy":"dipi_cpt_category","embeddable":true,"href":"https:\/\/pridesoccer.com\/es\/wp-json\/wp\/v2\/dipi_cpt_category?post=109970"},{"taxonomy":"wf_page_folders","embeddable":true,"href":"https:\/\/pridesoccer.com\/es\/wp-json\/wp\/v2\/wf_page_folders?post=109970"}],"curies":[{"name":"wp","href":"https:\/\/api.w.org\/{rel}","templated":true}]}}